{"id":18757,"date":"2022-03-07T19:09:03","date_gmt":"2022-03-07T19:09:03","guid":{"rendered":"https:\/\/adeoliva.com\/meilleures-ventes\/"},"modified":"2023-07-28T12:53:32","modified_gmt":"2023-07-28T12:53:32","slug":"meilleures-ventes","status":"publish","type":"page","link":"https:\/\/adeoliva.com\/fr\/acheter-de-lhuile-dolive\/meilleures-ventes\/","title":{"rendered":"Meilleures ventes"},"content":{"rendered":"\t\t<div data-elementor-type=\"wp-page\" data-elementor-id=\"18757\" class=\"elementor elementor-18757 elementor-10578\" data-elementor-post-type=\"page\">\n\t\t\t\t\t\t<section class=\"elementor-section elementor-top-section elementor-element elementor-element-dc09875 elementor-section-content-middle elementor-section-stretched elementor-section-boxed elementor-section-height-default elementor-section-height-default\" data-id=\"dc09875\" data-element_type=\"section\" data-settings=\"{&quot;background_background&quot;:&quot;classic&quot;,&quot;stretch_section&quot;:&quot;section-stretched&quot;}\">\n\t\t\t\t\t\t<div class=\"elementor-container elementor-column-gap-default\">\n\t\t\t\t\t<div class=\"elementor-column elementor-col-100 elementor-top-column elementor-element elementor-element-f6d6bea\" data-id=\"f6d6bea\" data-element_type=\"column\">\n\t\t\t<div class=\"elementor-widget-wrap elementor-element-populated\">\n\t\t\t\t\t\t<div class=\"elementor-element elementor-element-7f9063e elementor-widget elementor-widget-heading\" data-id=\"7f9063e\" data-element_type=\"widget\" data-widget_type=\"heading.default\">\n\t\t\t\t<div class=\"elementor-widget-container\">\n\t\t\t\t\t<h1 class=\"elementor-heading-title elementor-size-default\">Meilleures ventes<\/h1>\t\t\t\t<\/div>\n\t\t\t\t<\/div>\n\t\t\t\t<div class=\"elementor-element elementor-element-a6cb678 elementor-widget elementor-widget-heading\" data-id=\"a6cb678\" data-element_type=\"widget\" data-widget_type=\"heading.default\">\n\t\t\t\t<div class=\"elementor-widget-container\">\n\t\t\t\t\t<h6 class=\"elementor-heading-title elementor-size-default\">Les huiles d'olive les plus vendues dans notre boutique<\/h6>\t\t\t\t<\/div>\n\t\t\t\t<\/div>\n\t\t\t\t\t<\/div>\n\t\t<\/div>\n\t\t\t\t\t<\/div>\n\t\t<\/section>\n\t\t\t\t<section class=\"elementor-section elementor-top-section elementor-element elementor-element-18320d2 elementor-section-boxed elementor-section-height-default elementor-section-height-default\" data-id=\"18320d2\" data-element_type=\"section\">\n\t\t\t\t\t\t<div class=\"elementor-container elementor-column-gap-default\">\n\t\t\t\t\t<div class=\"elementor-column elementor-col-100 elementor-top-column elementor-element elementor-element-3865040\" data-id=\"3865040\" data-element_type=\"column\">\n\t\t\t<div class=\"elementor-widget-wrap elementor-element-populated\">\n\t\t\t\t\t\t<div class=\"elementor-element elementor-element-eb9b191 elementor-grid-tablet-2 elementor-grid-mobile-2 elementor-product-loop-item--align-center elementor-grid-4 elementor-products-grid elementor-wc-products elementor-widget elementor-widget-woocommerce-products\" data-id=\"eb9b191\" data-element_type=\"widget\" data-widget_type=\"woocommerce-products.default\">\n\t\t\t\t<div class=\"elementor-widget-container\">\n\t\t\t\t\t<div class=\"woocommerce columns-4 \"><div id=\"wc-column-container\" class=\"wc-columns-container wc-columns-4 wc-tablet-columns-3 wc-mobile-columns-2\"><div class=\"woocommerce-notices-wrapper\"><\/div><ul class=\"products elementor-grid columns-4\">\n<li class=\"sales-flash-overlay woocommerce-text-align-center woocommerce-image-align-center do-quantity-buttons product type-product post-2628 status-publish first instock product_cat-temprano product_cat-tradicional product_tag-regalo has-post-thumbnail taxable shipping-taxable purchasable product-type-simple\">\n\t<a href=\"https:\/\/adeoliva.com\/pack-3uds-empeltre-arbequina-selection-500ml\/\" class=\"woocommerce-LoopProduct-link woocommerce-loop-product__link\"><img fetchpriority=\"high\" decoding=\"async\" width=\"300\" height=\"300\" src=\"https:\/\/adeoliva.com\/wp-content\/uploads\/2021\/02\/Aceite-de-oliva-Beloleum-Empeltre-Arbequina-coupage-500ml-Pack-3-300x300.jpg\" class=\"attachment-woocommerce_thumbnail size-woocommerce_thumbnail\" alt=\"Aceite de oliva Beloleum Empeltre Arbequina coupage 500ml Pack 3\" srcset=\"https:\/\/adeoliva.com\/wp-content\/uploads\/2021\/02\/Aceite-de-oliva-Beloleum-Empeltre-Arbequina-coupage-500ml-Pack-3-300x300.jpg 300w, https:\/\/adeoliva.com\/wp-content\/uploads\/2021\/02\/Aceite-de-oliva-Beloleum-Empeltre-Arbequina-coupage-500ml-Pack-3-1024x1024.jpg 1024w, https:\/\/adeoliva.com\/wp-content\/uploads\/2021\/02\/Aceite-de-oliva-Beloleum-Empeltre-Arbequina-coupage-500ml-Pack-3-150x150.jpg 150w, https:\/\/adeoliva.com\/wp-content\/uploads\/2021\/02\/Aceite-de-oliva-Beloleum-Empeltre-Arbequina-coupage-500ml-Pack-3-768x768.jpg 768w, https:\/\/adeoliva.com\/wp-content\/uploads\/2021\/02\/Aceite-de-oliva-Beloleum-Empeltre-Arbequina-coupage-500ml-Pack-3-600x600.jpg 600w, https:\/\/adeoliva.com\/wp-content\/uploads\/2021\/02\/Aceite-de-oliva-Beloleum-Empeltre-Arbequina-coupage-500ml-Pack-3-100x100.jpg 100w, https:\/\/adeoliva.com\/wp-content\/uploads\/2021\/02\/Aceite-de-oliva-Beloleum-Empeltre-Arbequina-coupage-500ml-Pack-3.jpg 1500w\" sizes=\"(max-width: 300px) 100vw, 300px\" title=\"\"><h2 class=\"woocommerce-loop-product__title\">Pack Empeltre, Arbequina y Selection 500ml (Pack 3 Uds)<\/h2>\n\t<span class=\"price\">\t\t<span class=\"tiered-pricing-dynamic-price-wrapper\"\n\t\t\t  data-display-context=\"shop-loop\"\n\t\t\t  data-price-type=\"no-rules\"\n\t\t\t  data-product-id=\"2628\"\n\t\t\t  data-parent-id=\"2628\">\n\t\t\t<span class=\"woocommerce-Price-amount amount\"><bdi>35,95<span class=\"woocommerce-Price-currencySymbol\">&euro;<\/span><\/bdi><\/span> <small class=\"woocommerce-price-suffix\">IVA incluido<\/small><\/span><\/span>\n<\/a><div class=\"woocommerce-loop-product__buttons\"><a href=\"https:\/\/adeoliva.com\/pack-3uds-empeltre-arbequina-selection-500ml\/\" aria-describedby=\"woocommerce_loop_add_to_cart_link_describedby_2628\" data-quantity=\"1\" class=\"button product_type_simple add_to_cart_button\" data-product_id=\"2628\" data-product_sku=\"21122628\" aria-label=\"Ajouter au panier\u00a0: &ldquo;Pack Empeltre, Arbequina y Selection 500ml (Pack 3 Uds)&rdquo;\" rel=\"nofollow\" data-success_message=\"\u00ab\u00a0Pack Empeltre, Arbequina y Selection 500ml (Pack 3 Uds)\u00a0\u00bb a \u00e9t\u00e9 ajout\u00e9 \u00e0 votre panier\">Ver Opciones<\/a><\/div>\t<span id=\"woocommerce_loop_add_to_cart_link_describedby_2628\" class=\"screen-reader-text\">\n\t\t\t<\/span>\n<\/li>\n<li class=\"sales-flash-overlay woocommerce-text-align-center woocommerce-image-align-center do-quantity-buttons product type-product post-23673 status-publish instock product_cat-biologique product_cat-primeur product_cat-traditionnel product_tag-cadeau product_tag-mariages has-post-thumbnail taxable shipping-taxable purchasable product-type-simple\">\n\t<a href=\"https:\/\/adeoliva.com\/fr\/huile-d-oilive-premium-mikado-personnalisable-100ml-mariages\/\" class=\"woocommerce-LoopProduct-link woocommerce-loop-product__link\"><img decoding=\"async\" width=\"300\" height=\"300\" src=\"https:\/\/adeoliva.com\/wp-content\/uploads\/2023\/04\/AOVE-verde-picual-Adeoliva-n1-mikado-100ml-x2-300x300.jpg\" class=\"attachment-woocommerce_thumbnail size-woocommerce_thumbnail\" alt=\"Huile d&#039;Olive PREMIUM en Mikado 100ml personnalisable pour les \u00e9v\u00e9nements\" srcset=\"https:\/\/adeoliva.com\/wp-content\/uploads\/2023\/04\/AOVE-verde-picual-Adeoliva-n1-mikado-100ml-x2-300x300.jpg 300w, https:\/\/adeoliva.com\/wp-content\/uploads\/2023\/04\/AOVE-verde-picual-Adeoliva-n1-mikado-100ml-x2-150x150.jpg 150w, https:\/\/adeoliva.com\/wp-content\/uploads\/2023\/04\/AOVE-verde-picual-Adeoliva-n1-mikado-100ml-x2-768x768.jpg 768w, https:\/\/adeoliva.com\/wp-content\/uploads\/2023\/04\/AOVE-verde-picual-Adeoliva-n1-mikado-100ml-x2-600x600.jpg 600w, https:\/\/adeoliva.com\/wp-content\/uploads\/2023\/04\/AOVE-verde-picual-Adeoliva-n1-mikado-100ml-x2-100x100.jpg 100w, https:\/\/adeoliva.com\/wp-content\/uploads\/2023\/04\/AOVE-verde-picual-Adeoliva-n1-mikado-100ml-x2.jpg 800w\" sizes=\"(max-width: 300px) 100vw, 300px\" title=\"\"><h2 class=\"woocommerce-loop-product__title\">Huile d&#8217;Olive PREMIUM en Mikado 100ml personnalisable pour les \u00e9v\u00e9nements<\/h2>\n\t<span class=\"price\">\t\t<span class=\"tiered-pricing-dynamic-price-wrapper\"\n\t\t\t  data-display-context=\"shop-loop\"\n\t\t\t  data-price-type=\"dynamic\"\n\t\t\t  data-product-id=\"23673\"\n\t\t\t  data-parent-id=\"23673\">\n\t\t\tDesde <span class=\"woocommerce-Price-amount amount\"><bdi>3,40<span class=\"woocommerce-Price-currencySymbol\">&euro;<\/span><\/bdi><\/span> <small class=\"woocommerce-price-suffix\">IVA incluido<\/small><\/span><\/span>\n<\/a><div class=\"woocommerce-loop-product__buttons\"><a href=\"https:\/\/adeoliva.com\/fr\/huile-d-oilive-premium-mikado-personnalisable-100ml-mariages\/\" aria-describedby=\"woocommerce_loop_add_to_cart_link_describedby_23673\" data-quantity=\"1\" class=\"button product_type_simple add_to_cart_button\" data-product_id=\"23673\" data-product_sku=\"211211972\" aria-label=\"Ajouter au panier\u00a0: &ldquo;Huile d&#039;Olive PREMIUM en Mikado 100ml personnalisable pour les \u00e9v\u00e9nements&rdquo;\" rel=\"nofollow\" data-success_message=\"\u00ab\u00a0Huile d&#039;Olive PREMIUM en Mikado 100ml personnalisable pour les \u00e9v\u00e9nements\u00a0\u00bb a \u00e9t\u00e9 ajout\u00e9 \u00e0 votre panier\">Ver Opciones<\/a><\/div>\t<span id=\"woocommerce_loop_add_to_cart_link_describedby_23673\" class=\"screen-reader-text\">\n\t\t\t<\/span>\n<\/li>\n<li class=\"sales-flash-overlay woocommerce-text-align-center woocommerce-image-align-center do-quantity-buttons product type-product post-18937 status-publish instock product_cat-primeur has-post-thumbnail sale featured taxable shipping-taxable purchasable product-type-variable has-default-attributes\">\n\t<a href=\"https:\/\/adeoliva.com\/fr\/aove-adeoliva-temprano-temprano-picual-500ml\/\" class=\"woocommerce-LoopProduct-link woocommerce-loop-product__link\">\n\t<span class=\"onsale\">Promo\u00a0!<\/span>\n\t<img decoding=\"async\" width=\"300\" height=\"300\" src=\"https:\/\/adeoliva.com\/wp-content\/uploads\/2024\/10\/AOVE-Adeoliva-Picual-500ml-300x300.jpg\" class=\"attachment-woocommerce_thumbnail size-woocommerce_thumbnail\" alt=\"AOVE Adeoliva Picual 500ml\" srcset=\"https:\/\/adeoliva.com\/wp-content\/uploads\/2024\/10\/AOVE-Adeoliva-Picual-500ml-300x300.jpg 300w, https:\/\/adeoliva.com\/wp-content\/uploads\/2024\/10\/AOVE-Adeoliva-Picual-500ml-150x150.jpg 150w, https:\/\/adeoliva.com\/wp-content\/uploads\/2024\/10\/AOVE-Adeoliva-Picual-500ml-768x768.jpg 768w, https:\/\/adeoliva.com\/wp-content\/uploads\/2024\/10\/AOVE-Adeoliva-Picual-500ml-600x600.jpg 600w, https:\/\/adeoliva.com\/wp-content\/uploads\/2024\/10\/AOVE-Adeoliva-Picual-500ml-100x100.jpg 100w, https:\/\/adeoliva.com\/wp-content\/uploads\/2024\/10\/AOVE-Adeoliva-Picual-500ml.jpg 800w\" sizes=\"(max-width: 300px) 100vw, 300px\" title=\"\"><h2 class=\"woocommerce-loop-product__title\">Nouveau Vintage 2025-26 ! Huile d&#8217;olive E.V. ADEOLIVA N\u00ba1 &#8211; Picual Primeur 500ml<\/h2>\n\t<span class=\"price\">\t\t<span class=\"tiered-pricing-dynamic-price-wrapper tiered-pricing-dynamic-price-wrapper--variable\"\n\t\t\t  data-display-context=\"shop-loop\"\n\t\t\t  data-price-type=\"dynamic\"\n\t\t\t  data-product-id=\"18937\"\n\t\t\t  data-parent-id=\"18937\">\n\t\t\t<span class=\"woocommerce-Price-amount amount\" aria-hidden=\"true\"><bdi>13,50<span class=\"woocommerce-Price-currencySymbol\">&euro;<\/span><\/bdi><\/span> <span aria-hidden=\"true\">\u00a0\u2013\u00a0<\/span> <span class=\"woocommerce-Price-amount amount\" aria-hidden=\"true\"><bdi>65,95<span class=\"woocommerce-Price-currencySymbol\">&euro;<\/span><\/bdi><\/span><span class=\"screen-reader-text\">Plage de prix\u00a0: 13,50&euro; \u00e0 65,95&euro;<\/span> <small class=\"woocommerce-price-suffix\">IVA incluido<\/small><\/span><\/span>\n<\/a><div class=\"woocommerce-loop-product__buttons\"><a href=\"https:\/\/adeoliva.com\/fr\/aove-adeoliva-temprano-temprano-picual-500ml\/\" aria-describedby=\"woocommerce_loop_add_to_cart_link_describedby_18937\" data-quantity=\"1\" class=\"button product_type_variable add_to_cart_button\" data-product_id=\"18937\" data-product_sku=\"211213523\" aria-label=\"S\u00e9lectionner les options pour &ldquo;Nouveau Vintage 2025-26 ! Huile d&#039;olive E.V. ADEOLIVA N\u00ba1 - Picual Primeur 500ml&rdquo;\" rel=\"nofollow\">Choix des options<\/a><\/div>\t<span id=\"woocommerce_loop_add_to_cart_link_describedby_18937\" class=\"screen-reader-text\">\n\t\tCe produit a plusieurs variations. Les options peuvent \u00eatre choisies sur la page du produit\t<\/span>\n<\/li>\n<li class=\"sales-flash-overlay woocommerce-text-align-center woocommerce-image-align-center do-quantity-buttons product type-product post-18763 status-publish last instock product_cat-traditionnel product_tag-facultatif has-post-thumbnail taxable shipping-taxable purchasable product-type-simple\">\n\t<a href=\"https:\/\/adeoliva.com\/fr\/huile-d-olive-extra-vierge-boite-3-pet-5l-lara\/\" class=\"woocommerce-LoopProduct-link woocommerce-loop-product__link\"><img loading=\"lazy\" decoding=\"async\" width=\"300\" height=\"300\" src=\"https:\/\/adeoliva.com\/wp-content\/uploads\/2021\/01\/Aceite-de-Oliva-virgen-extra-convencional-5L-cooperativa-Lara-1-300x300.jpg\" class=\"attachment-woocommerce_thumbnail size-woocommerce_thumbnail\" alt=\"Aceite de Oliva virgen extra convencional 5L cooperativa Lara\" srcset=\"https:\/\/adeoliva.com\/wp-content\/uploads\/2021\/01\/Aceite-de-Oliva-virgen-extra-convencional-5L-cooperativa-Lara-1-300x300.jpg 300w, https:\/\/adeoliva.com\/wp-content\/uploads\/2021\/01\/Aceite-de-Oliva-virgen-extra-convencional-5L-cooperativa-Lara-1-150x150.jpg 150w, https:\/\/adeoliva.com\/wp-content\/uploads\/2021\/01\/Aceite-de-Oliva-virgen-extra-convencional-5L-cooperativa-Lara-1-100x100.jpg 100w, https:\/\/adeoliva.com\/wp-content\/uploads\/2021\/01\/Aceite-de-Oliva-virgen-extra-convencional-5L-cooperativa-Lara-1.jpg 529w\" sizes=\"(max-width: 300px) 100vw, 300px\" title=\"\"><h2 class=\"woocommerce-loop-product__title\">Huile d&#8217;Olive Lara 5L Picual (Bo\u00eete 3 unit\u00e9s)<\/h2>\n\t<span class=\"price\">\t\t<span class=\"tiered-pricing-dynamic-price-wrapper\"\n\t\t\t  data-display-context=\"shop-loop\"\n\t\t\t  data-price-type=\"dynamic\"\n\t\t\t  data-product-id=\"18763\"\n\t\t\t  data-parent-id=\"18763\">\n\t\t\tDesde <span class=\"woocommerce-Price-amount amount\"><bdi>79,90<span class=\"woocommerce-Price-currencySymbol\">&euro;<\/span><\/bdi><\/span> <small class=\"woocommerce-price-suffix\">IVA incluido<\/small><\/span><\/span>\n<\/a><div class=\"woocommerce-loop-product__buttons\"><a href=\"https:\/\/adeoliva.com\/fr\/huile-d-olive-extra-vierge-boite-3-pet-5l-lara\/\" aria-describedby=\"woocommerce_loop_add_to_cart_link_describedby_18763\" data-quantity=\"1\" class=\"button product_type_simple add_to_cart_button\" data-product_id=\"18763\" data-product_sku=\"21125605\" aria-label=\"Ajouter au panier\u00a0: &ldquo;Huile d&#039;Olive Lara 5L Picual (Bo\u00eete 3 unit\u00e9s)&rdquo;\" rel=\"nofollow\" data-success_message=\"\u00ab\u00a0Huile d&#039;Olive Lara 5L Picual (Bo\u00eete 3 unit\u00e9s)\u00a0\u00bb a \u00e9t\u00e9 ajout\u00e9 \u00e0 votre panier\">Ver Opciones<\/a><\/div>\t<span id=\"woocommerce_loop_add_to_cart_link_describedby_18763\" class=\"screen-reader-text\">\n\t\t\t<\/span>\n<\/li>\n<li class=\"sales-flash-overlay woocommerce-text-align-center woocommerce-image-align-center do-quantity-buttons product type-product post-5154 status-publish first instock product_cat-cosmetica product_tag-regalo has-post-thumbnail taxable shipping-taxable purchasable product-type-simple\">\n\t<a href=\"https:\/\/adeoliva.com\/lote-champu-gel-body-milk-regalo\/\" class=\"woocommerce-LoopProduct-link woocommerce-loop-product__link\"><img loading=\"lazy\" decoding=\"async\" width=\"300\" height=\"300\" src=\"https:\/\/adeoliva.com\/wp-content\/uploads\/2021\/01\/cesta-cosmetica-gel-champu-crema-ducha-jabon-300x300.jpg\" class=\"attachment-woocommerce_thumbnail size-woocommerce_thumbnail\" alt=\"cesta cosmetica gel champu crema ducha jabon\" srcset=\"https:\/\/adeoliva.com\/wp-content\/uploads\/2021\/01\/cesta-cosmetica-gel-champu-crema-ducha-jabon-300x300.jpg 300w, https:\/\/adeoliva.com\/wp-content\/uploads\/2021\/01\/cesta-cosmetica-gel-champu-crema-ducha-jabon-150x150.jpg 150w, https:\/\/adeoliva.com\/wp-content\/uploads\/2021\/01\/cesta-cosmetica-gel-champu-crema-ducha-jabon-768x768.jpg 768w, https:\/\/adeoliva.com\/wp-content\/uploads\/2021\/01\/cesta-cosmetica-gel-champu-crema-ducha-jabon-600x600.jpg 600w, https:\/\/adeoliva.com\/wp-content\/uploads\/2021\/01\/cesta-cosmetica-gel-champu-crema-ducha-jabon-100x100.jpg 100w, https:\/\/adeoliva.com\/wp-content\/uploads\/2021\/01\/cesta-cosmetica-gel-champu-crema-ducha-jabon.jpg 800w\" sizes=\"(max-width: 300px) 100vw, 300px\" title=\"\"><h2 class=\"woocommerce-loop-product__title\">Lote (Champ\u00fa + Gel + Body Milk + Regalo)<\/h2>\n\t<span class=\"price\">\t\t<span class=\"tiered-pricing-dynamic-price-wrapper\"\n\t\t\t  data-display-context=\"shop-loop\"\n\t\t\t  data-price-type=\"no-rules\"\n\t\t\t  data-product-id=\"5154\"\n\t\t\t  data-parent-id=\"5154\">\n\t\t\t<span class=\"woocommerce-Price-amount amount\"><bdi>28,90<span class=\"woocommerce-Price-currencySymbol\">&euro;<\/span><\/bdi><\/span> <small class=\"woocommerce-price-suffix\">IVA incluido<\/small><\/span><\/span>\n<\/a><div class=\"woocommerce-loop-product__buttons\"><a href=\"\/fr\/wp-json\/wp\/v2\/pages\/18757?add-to-cart=5154\" aria-describedby=\"woocommerce_loop_add_to_cart_link_describedby_5154\" data-quantity=\"1\" class=\"button product_type_simple add_to_cart_button ajax_add_to_cart\" data-product_id=\"5154\" data-product_sku=\"21125154\" aria-label=\"Ajouter au panier\u00a0: &ldquo;Lote (Champ\u00fa + Gel + Body Milk + Regalo)&rdquo;\" rel=\"nofollow\" data-success_message=\"\u00ab\u00a0Lote (Champ\u00fa + Gel + Body Milk + Regalo)\u00a0\u00bb a \u00e9t\u00e9 ajout\u00e9 \u00e0 votre panier\" role=\"button\">Ajouter au panier<\/a><\/div>\t<span id=\"woocommerce_loop_add_to_cart_link_describedby_5154\" class=\"screen-reader-text\">\n\t\t\t<\/span>\n<\/li>\n<li class=\"sales-flash-overlay woocommerce-text-align-center woocommerce-image-align-center do-quantity-buttons product type-product post-18951 status-publish instock product_cat-traditionnel has-post-thumbnail featured taxable shipping-taxable purchasable product-type-simple\">\n\t<a href=\"https:\/\/adeoliva.com\/fr\/huile-d-olive-sabioliva-boite-5-litres-cooperative-3uds\/\" class=\"woocommerce-LoopProduct-link woocommerce-loop-product__link\"><img loading=\"lazy\" decoding=\"async\" width=\"300\" height=\"300\" src=\"https:\/\/adeoliva.com\/wp-content\/uploads\/2022\/05\/aov-5L-cooperativa-1-300x300.jpg\" class=\"attachment-woocommerce_thumbnail size-woocommerce_thumbnail\" alt=\"aov 5L cooperativa\" srcset=\"https:\/\/adeoliva.com\/wp-content\/uploads\/2022\/05\/aov-5L-cooperativa-1-300x300.jpg 300w, https:\/\/adeoliva.com\/wp-content\/uploads\/2022\/05\/aov-5L-cooperativa-1-150x150.jpg 150w, https:\/\/adeoliva.com\/wp-content\/uploads\/2022\/05\/aov-5L-cooperativa-1-100x100.jpg 100w, https:\/\/adeoliva.com\/wp-content\/uploads\/2022\/05\/aov-5L-cooperativa-1.jpg 529w\" sizes=\"(max-width: 300px) 100vw, 300px\" title=\"\"><h2 class=\"woocommerce-loop-product__title\">Huile d&#8217;olive EXTRA VIRGIN Sabioliva 5L Picual (Box 3Uds)<\/h2>\n\t<span class=\"price\">\t\t<span class=\"tiered-pricing-dynamic-price-wrapper\"\n\t\t\t  data-display-context=\"shop-loop\"\n\t\t\t  data-price-type=\"dynamic\"\n\t\t\t  data-product-id=\"18951\"\n\t\t\t  data-parent-id=\"18951\">\n\t\t\tDesde <span class=\"woocommerce-Price-amount amount\"><bdi>89,50<span class=\"woocommerce-Price-currencySymbol\">&euro;<\/span><\/bdi><\/span> <small class=\"woocommerce-price-suffix\">IVA incluido<\/small><\/span><\/span>\n<\/a><div class=\"woocommerce-loop-product__buttons\"><a href=\"\/fr\/wp-json\/wp\/v2\/pages\/18757?add-to-cart=18951\" aria-describedby=\"woocommerce_loop_add_to_cart_link_describedby_18951\" data-quantity=\"1\" class=\"button product_type_simple add_to_cart_button ajax_add_to_cart\" data-product_id=\"18951\" data-product_sku=\"21126047\" aria-label=\"Ajouter au panier\u00a0: &ldquo;Huile d&#039;olive EXTRA VIRGIN Sabioliva 5L Picual (Box 3Uds)&rdquo;\" rel=\"nofollow\" data-success_message=\"\u00ab\u00a0Huile d&#039;olive EXTRA VIRGIN Sabioliva 5L Picual (Box 3Uds)\u00a0\u00bb a \u00e9t\u00e9 ajout\u00e9 \u00e0 votre panier\" role=\"button\">Ajouter au panier<\/a><\/div>\t<span id=\"woocommerce_loop_add_to_cart_link_describedby_18951\" class=\"screen-reader-text\">\n\t\t\t<\/span>\n<\/li>\n<li class=\"sales-flash-overlay woocommerce-text-align-center woocommerce-image-align-center do-quantity-buttons product type-product post-12337 status-publish instock product_cat-tradicional has-post-thumbnail taxable shipping-taxable purchasable product-type-simple\">\n\t<a href=\"https:\/\/adeoliva.com\/puerta-de-las-villas-tradicional-2l-caja-6un-cooperativa-aove\/\" class=\"woocommerce-LoopProduct-link woocommerce-loop-product__link\"><img loading=\"lazy\" decoding=\"async\" width=\"300\" height=\"300\" src=\"https:\/\/adeoliva.com\/wp-content\/uploads\/2022\/09\/AOVE-Puerta-de-las-Villas-2L-300x300.jpg\" class=\"attachment-woocommerce_thumbnail size-woocommerce_thumbnail\" alt=\"AOVE Puerta de las Villas 2L\" srcset=\"https:\/\/adeoliva.com\/wp-content\/uploads\/2022\/09\/AOVE-Puerta-de-las-Villas-2L-300x300.jpg 300w, https:\/\/adeoliva.com\/wp-content\/uploads\/2022\/09\/AOVE-Puerta-de-las-Villas-2L-150x150.jpg 150w, https:\/\/adeoliva.com\/wp-content\/uploads\/2022\/09\/AOVE-Puerta-de-las-Villas-2L-100x100.jpg 100w, https:\/\/adeoliva.com\/wp-content\/uploads\/2022\/09\/AOVE-Puerta-de-las-Villas-2L.jpg 529w\" sizes=\"(max-width: 300px) 100vw, 300px\" title=\"\"><h2 class=\"woocommerce-loop-product__title\">AOVE Puerta de Las Villas 2L Picual (Caja 6Uds)<\/h2>\n\t<span class=\"price\">\t\t<span class=\"tiered-pricing-dynamic-price-wrapper\"\n\t\t\t  data-display-context=\"shop-loop\"\n\t\t\t  data-price-type=\"dynamic\"\n\t\t\t  data-product-id=\"12337\"\n\t\t\t  data-parent-id=\"12337\">\n\t\t\tDesde <span class=\"woocommerce-Price-amount amount\"><bdi>93,50<span class=\"woocommerce-Price-currencySymbol\">&euro;<\/span><\/bdi><\/span> <small class=\"woocommerce-price-suffix\">IVA incluido<\/small><\/span><\/span>\n<\/a><div class=\"woocommerce-loop-product__buttons\"><a href=\"\/fr\/wp-json\/wp\/v2\/pages\/18757?add-to-cart=12337\" aria-describedby=\"woocommerce_loop_add_to_cart_link_describedby_12337\" data-quantity=\"1\" class=\"button product_type_simple add_to_cart_button ajax_add_to_cart\" data-product_id=\"12337\" data-product_sku=\"211212337\" aria-label=\"Ajouter au panier\u00a0: &ldquo;AOVE Puerta de Las Villas 2L Picual (Caja 6Uds)&rdquo;\" rel=\"nofollow\" data-success_message=\"\u00ab\u00a0AOVE Puerta de Las Villas 2L Picual (Caja 6Uds)\u00a0\u00bb a \u00e9t\u00e9 ajout\u00e9 \u00e0 votre panier\" role=\"button\">Ajouter au panier<\/a><\/div>\t<span id=\"woocommerce_loop_add_to_cart_link_describedby_12337\" class=\"screen-reader-text\">\n\t\t\t<\/span>\n<\/li>\n<\/ul>\n<\/div><\/div>\t\t\t\t<\/div>\n\t\t\t\t<\/div>\n\t\t\t\t<div class=\"elementor-element elementor-element-4cef119 elementor-widget elementor-widget-text-editor\" data-id=\"4cef119\" data-element_type=\"widget\" data-widget_type=\"text-editor.default\">\n\t\t\t\t<div class=\"elementor-widget-container\">\n\t\t\t\t\t\t\t\t\t<p style=\"font-size: 12px;\">* Nous exp\u00e9dions vers l&#8217;Europe Pour les commandes en dehors de l&#8217;Europe, <a href=\"http:\/\/www.adeoliva.com\/contacto\/\">Contactar<\/a>.<\/p>\n\t\t\t\t\t\t\t\t<\/div>\n\t\t\t\t<\/div>\n\t\t\t\t\t<\/div>\n\t\t<\/div>\n\t\t\t\t\t<\/div>\n\t\t<\/section>\n\t\t\t\t<\/div>\n\t\t","protected":false},"excerpt":{"rendered":"<p>Meilleures ventes Les huiles d&#8217;olive les plus vendues dans notre boutique * Nous exp\u00e9dions vers l&#8217;Europe Pour les commandes en dehors de l&#8217;Europe, Contactar.<\/p>\n","protected":false},"author":1,"featured_media":0,"parent":18764,"menu_order":0,"comment_status":"closed","ping_status":"closed","template":"","meta":{"rank_math_lock_modified_date":false,"_joinchat":[],"footnotes":""},"class_list":["post-18757","page","type-page","status-publish"],"_links":{"self":[{"href":"https:\/\/adeoliva.com\/fr\/wp-json\/wp\/v2\/pages\/18757","targetHints":{"allow":["GET"]}}],"collection":[{"href":"https:\/\/adeoliva.com\/fr\/wp-json\/wp\/v2\/pages"}],"about":[{"href":"https:\/\/adeoliva.com\/fr\/wp-json\/wp\/v2\/types\/page"}],"author":[{"embeddable":true,"href":"https:\/\/adeoliva.com\/fr\/wp-json\/wp\/v2\/users\/1"}],"replies":[{"embeddable":true,"href":"https:\/\/adeoliva.com\/fr\/wp-json\/wp\/v2\/comments?post=18757"}],"version-history":[{"count":0,"href":"https:\/\/adeoliva.com\/fr\/wp-json\/wp\/v2\/pages\/18757\/revisions"}],"up":[{"embeddable":true,"href":"https:\/\/adeoliva.com\/fr\/wp-json\/wp\/v2\/pages\/18764"}],"wp:attachment":[{"href":"https:\/\/adeoliva.com\/fr\/wp-json\/wp\/v2\/media?parent=18757"}],"curies":[{"name":"wp","href":"https:\/\/api.w.org\/{rel}","templated":true}]}}