{"id":18810,"date":"2021-04-22T19:44:25","date_gmt":"2021-04-22T19:44:25","guid":{"rendered":"https:\/\/adeoliva.com\/acheter-de-lhuile-dolive\/traditionnelle\/"},"modified":"2023-07-29T21:41:29","modified_gmt":"2023-07-29T21:41:29","slug":"traditionnelle","status":"publish","type":"page","link":"https:\/\/adeoliva.com\/fr\/acheter-de-lhuile-dolive\/traditionnelle\/","title":{"rendered":"Huile d&#8217;olive traditionnelle"},"content":{"rendered":"\t\t<div data-elementor-type=\"wp-page\" data-elementor-id=\"18810\" class=\"elementor elementor-18810 elementor-7698\" data-elementor-post-type=\"page\">\n\t\t\t\t\t\t<section class=\"elementor-section elementor-top-section elementor-element elementor-element-964b8d0 elementor-section-boxed elementor-section-height-default elementor-section-height-default\" data-id=\"964b8d0\" data-element_type=\"section\" data-settings=\"{&quot;background_background&quot;:&quot;classic&quot;}\">\n\t\t\t\t\t\t<div class=\"elementor-container elementor-column-gap-no\">\n\t\t\t\t\t<div class=\"elementor-column elementor-col-50 elementor-top-column elementor-element elementor-element-f16921f\" data-id=\"f16921f\" data-element_type=\"column\">\n\t\t\t<div class=\"elementor-widget-wrap elementor-element-populated\">\n\t\t\t\t\t\t<div class=\"elementor-element elementor-element-915ecfe elementor-widget elementor-widget-heading\" data-id=\"915ecfe\" data-element_type=\"widget\" data-widget_type=\"heading.default\">\n\t\t\t\t<div class=\"elementor-widget-container\">\n\t\t\t\t\t<h1 class=\"elementor-heading-title elementor-size-default\">Huile d'olive traditionnelle  <\/h1>\t\t\t\t<\/div>\n\t\t\t\t<\/div>\n\t\t\t\t<div class=\"elementor-element elementor-element-17afcae elementor-widget elementor-widget-text-editor\" data-id=\"17afcae\" data-element_type=\"widget\" data-widget_type=\"text-editor.default\">\n\t\t\t\t<div class=\"elementor-widget-container\">\n\t\t\t\t\t\t\t\t\t<p>L&#8217;huile d&#8217;olive vierge extra conventionnelle ou traditionnelle est <b>extraite au cours des mois de d\u00e9cembre\/janvier<\/b>, lorsque le fruit est d\u00e9j\u00e0 en phase de maturation. Cette huile acquiert une teinte jaun\u00e2tre, un or liquide \u00e0 l&#8217;\u00e9tat pur.&nbsp;<\/p>\n<p>Cette huile a un go\u00fbt plus fruit\u00e9 et plus intense,&nbsp;<span style=\"font-weight: var( --e-global-typography-text-font-weight );\">avec des ar\u00f4mes de<\/span> fruits secs, de banane, de tomate, d&#8217;herbe fra\u00eeche, etc.<span style=\"font-weight: var( --e-global-typography-text-font-weight );\">\n  &nbsp;\n<\/span><span style=\"font-weight: 700;\">fruits secs, banane, tomate, herbe fra\u00eeche, etc.<\/span><\/p>\t\t\t\t\t\t\t\t<\/div>\n\t\t\t\t<\/div>\n\t\t\t\t\t<\/div>\n\t\t<\/div>\n\t\t\t\t<div class=\"elementor-column elementor-col-50 elementor-top-column elementor-element elementor-element-fa0ee4f\" data-id=\"fa0ee4f\" data-element_type=\"column\">\n\t\t\t<div class=\"elementor-widget-wrap elementor-element-populated\">\n\t\t\t\t\t\t<div class=\"elementor-element elementor-element-e37a0c1 elementor--h-position-center elementor--v-position-middle elementor-arrows-position-inside elementor-pagination-position-inside elementor-widget elementor-widget-slides\" data-id=\"e37a0c1\" data-element_type=\"widget\" data-settings=\"{&quot;navigation&quot;:&quot;both&quot;,&quot;autoplay&quot;:&quot;yes&quot;,&quot;pause_on_hover&quot;:&quot;yes&quot;,&quot;pause_on_interaction&quot;:&quot;yes&quot;,&quot;autoplay_speed&quot;:5000,&quot;infinite&quot;:&quot;yes&quot;,&quot;transition&quot;:&quot;slide&quot;,&quot;transition_speed&quot;:500}\" data-widget_type=\"slides.default\">\n\t\t\t\t<div class=\"elementor-widget-container\">\n\t\t\t\t\t\t\t\t\t<div class=\"elementor-swiper\">\n\t\t\t\t\t<div class=\"elementor-slides-wrapper elementor-main-swiper swiper\" role=\"region\" aria-roledescription=\"carousel\" aria-label=\"Slides\" dir=\"ltr\" data-animation=\"fadeInUp\">\n\t\t\t\t<div class=\"swiper-wrapper elementor-slides\">\n\t\t\t\t\t\t\t\t\t\t<div class=\"elementor-repeater-item-9e96d20 swiper-slide\" role=\"group\" aria-roledescription=\"slide\"><div class=\"swiper-slide-bg\" role=\"img\" aria-label=\"aceite de oliva virgen extra tradicional\"><\/div><div class=\"swiper-slide-inner\" ><div class=\"swiper-slide-contents\"><div class=\"elementor-slide-heading\">Huile d'olive traditionnelle<\/div><\/div><\/div><\/div><div class=\"elementor-repeater-item-1371a58 swiper-slide\" role=\"group\" aria-roledescription=\"slide\"><div class=\"swiper-slide-bg\" role=\"img\" aria-label=\"aceituna madura\"><\/div><div class=\"swiper-slide-inner\" ><div class=\"swiper-slide-contents\"><div class=\"elementor-slide-heading\">Olives au stade m\u00fbr<\/div><\/div><\/div><\/div>\t\t\t\t<\/div>\n\t\t\t\t\t\t\t\t\t\t\t\t\t\t\t<div class=\"elementor-swiper-button elementor-swiper-button-prev\" role=\"button\" tabindex=\"0\" aria-label=\"Previous slide\">\n\t\t\t\t\t\t\t<i aria-hidden=\"true\" class=\"eicon-chevron-left\"><\/i>\t\t\t\t\t\t<\/div>\n\t\t\t\t\t\t<div class=\"elementor-swiper-button elementor-swiper-button-next\" role=\"button\" tabindex=\"0\" aria-label=\"Next slide\">\n\t\t\t\t\t\t\t<i aria-hidden=\"true\" class=\"eicon-chevron-right\"><\/i>\t\t\t\t\t\t<\/div>\n\t\t\t\t\t\t\t\t\t\t\t\t\t\t\t\t<div class=\"swiper-pagination\"><\/div>\n\t\t\t\t\t\t\t\t\t\t\t\t<\/div>\n\t\t\t\t<\/div>\n\t\t\t\t\t\t\t\t<\/div>\n\t\t\t\t<\/div>\n\t\t\t\t\t<\/div>\n\t\t<\/div>\n\t\t\t\t\t<\/div>\n\t\t<\/section>\n\t\t\t\t<section class=\"elementor-section elementor-top-section elementor-element elementor-element-881d24d elementor-section-boxed elementor-section-height-default elementor-section-height-default\" data-id=\"881d24d\" data-element_type=\"section\">\n\t\t\t\t\t\t<div class=\"elementor-container elementor-column-gap-default\">\n\t\t\t\t\t<div class=\"elementor-column elementor-col-100 elementor-top-column elementor-element elementor-element-a723892\" data-id=\"a723892\" data-element_type=\"column\">\n\t\t\t<div class=\"elementor-widget-wrap elementor-element-populated\">\n\t\t\t\t\t\t<div class=\"elementor-element elementor-element-4c01ff5 elementor-widget elementor-widget-heading\" data-id=\"4c01ff5\" data-element_type=\"widget\" data-widget_type=\"heading.default\">\n\t\t\t\t<div class=\"elementor-widget-container\">\n\t\t\t\t\t<h2 class=\"elementor-heading-title elementor-size-default\">Achat par bouteille individuelle et par carton de 3<\/h2>\t\t\t\t<\/div>\n\t\t\t\t<\/div>\n\t\t\t\t<div class=\"elementor-element elementor-element-63c944d elementor-widget elementor-widget-text-editor\" data-id=\"63c944d\" data-element_type=\"widget\" data-widget_type=\"text-editor.default\">\n\t\t\t\t<div class=\"elementor-widget-container\">\n\t\t\t\t\t\t\t\t\t<p style=\"font-size: 12px;\">* Nous exp\u00e9dions vers l&#8217;Europe Pour les commandes en dehors de l&#8217;Europe, <a href=\"http:\/\/www.adeoliva.com\/contacto\/\">Contactar<\/a>.<\/p>\n\t\t\t\t\t\t\t\t<\/div>\n\t\t\t\t<\/div>\n\t\t\t\t\t<\/div>\n\t\t<\/div>\n\t\t\t\t\t<\/div>\n\t\t<\/section>\n\t\t\t\t<section class=\"elementor-section elementor-top-section elementor-element elementor-element-663ff82 elementor-section-boxed elementor-section-height-default elementor-section-height-default\" data-id=\"663ff82\" data-element_type=\"section\">\n\t\t\t\t\t\t<div class=\"elementor-container elementor-column-gap-default\">\n\t\t\t\t\t<div class=\"elementor-column elementor-col-100 elementor-top-column elementor-element elementor-element-8c79697\" data-id=\"8c79697\" data-element_type=\"column\">\n\t\t\t<div class=\"elementor-widget-wrap elementor-element-populated\">\n\t\t\t\t\t\t<div class=\"elementor-element elementor-element-2b761fe elementor-widget-divider--view-line elementor-widget elementor-widget-divider\" data-id=\"2b761fe\" data-element_type=\"widget\" data-widget_type=\"divider.default\">\n\t\t\t\t<div class=\"elementor-widget-container\">\n\t\t\t\t\t\t\t<div class=\"elementor-divider\">\n\t\t\t<span class=\"elementor-divider-separator\">\n\t\t\t\t\t\t<\/span>\n\t\t<\/div>\n\t\t\t\t\t\t<\/div>\n\t\t\t\t<\/div>\n\t\t\t\t<div class=\"elementor-element elementor-element-0f0e9bb elementor-widget elementor-widget-heading\" data-id=\"0f0e9bb\" data-element_type=\"widget\" data-widget_type=\"heading.default\">\n\t\t\t\t<div class=\"elementor-widget-container\">\n\t\t\t\t\t<h3 class=\"elementor-heading-title elementor-size-default\">Pourquoi acheter de l'huile d'olive vierge extra traditionnelle ou conventionnelle ?<\/h3>\t\t\t\t<\/div>\n\t\t\t\t<\/div>\n\t\t\t\t<div class=\"elementor-element elementor-element-9808549 elementor-widget elementor-widget-text-editor\" data-id=\"9808549\" data-element_type=\"widget\" data-widget_type=\"text-editor.default\">\n\t\t\t\t<div class=\"elementor-widget-container\">\n\t\t\t\t\t\t\t\t\t<p style=\"text-align: center;\">L&#8217;huile <b>d&#8217;olive vierge extra traditionnelle (EVOO)<\/b>, \u00e9galement appel\u00e9e <b>conventionnelle<\/b>, est l&#8217;huile <u>r\u00e9colt\u00e9e au mois de d\u00e9cembre<\/u>, lorsque le fruit est en phase de maturation. Elle est r\u00e9alis\u00e9e par extraction \u00e0 froid et uniquement par des moyens m\u00e9caniques.<\/p>\n<p style=\"text-align: center;\">L&#8217;huile d&#8217;olive vierge extra conventionnelle est id\u00e9ale pour un usage quotidien dans la cuisine. Sa polyvalence lui permet d&#8217;\u00eatre utilis\u00e9e comme vinaigrette et accompagnement ou pour les fritures et les sauces.  <\/p>\n\t\t\t\t\t\t\t\t<\/div>\n\t\t\t\t<\/div>\n\t\t\t\t<div class=\"elementor-element elementor-element-9639f07 elementor-widget elementor-widget-heading\" data-id=\"9639f07\" data-element_type=\"widget\" data-widget_type=\"heading.default\">\n\t\t\t\t<div class=\"elementor-widget-container\">\n\t\t\t\t\t<h3 class=\"elementor-heading-title elementor-size-default\">Vente d'huile d'olive extra vierge conventionnelle<\/h3>\t\t\t\t<\/div>\n\t\t\t\t<\/div>\n\t\t\t\t<div class=\"elementor-element elementor-element-899892e elementor-widget elementor-widget-text-editor\" data-id=\"899892e\" data-element_type=\"widget\" data-widget_type=\"text-editor.default\">\n\t\t\t\t<div class=\"elementor-widget-container\">\n\t\t\t\t\t\t\t\t\t<p style=\"text-align: center;\"><span style=\"font-family: var( --e-global-typography-text-font-family ), helv\u00e9tica; font-weight: var( --e-global-typography-text-font-weight );\">L&#8217;huile d&#8217;olive traditionnelle est g\u00e9n\u00e9ralement commercialis\u00e9e en petits et grands formats. <\/span><a href=\"https:\/\/adeoliva.com\/comprar-aceite-de-oliva\/virgen-extra-5l-cooperativa-almazaras\/\" target=\"_blank\" rel=\"noopener\"><br \/>\n  <strong>grand format 5L<\/strong><br \/>\n<\/a><span style=\"font-family: var( --e-global-typography-text-font-family ), helv\u00e9tica; font-weight: var( --e-global-typography-text-font-weight );\">  pour un usage quotidien. Le prix est inf\u00e9rieur \u00e0 celui de la  <\/span><a style=\"font-family: var( --e-global-typography-text-font-family ), helv\u00e9tica; font-weight: var( --e-global-typography-text-font-weight ); background-color: #ffffff;\" href=\"https:\/\/adeoliva.com\/comprar-aceite-de-oliva\/temprano\/\" target=\"_blank\" rel=\"noopener\"><br \/>\n  <strong>EVOO pr\u00e9coce<\/strong><br \/>\n<\/a><span style=\"font-family: var( --e-global-typography-text-font-family ), helv\u00e9tica; font-weight: var( --e-global-typography-text-font-weight );\"> car le rendement de l&#8217;olive est plus \u00e9lev\u00e9 \u00e0 son stade de maturit\u00e9. <\/span> <span style=\"font-family: var( --e-global-typography-text-font-family ), helv\u00e9tica; font-weight: var( --e-global-typography-text-font-weight );\"> <\/span><\/p>\n\t\t\t\t\t\t\t\t<\/div>\n\t\t\t\t<\/div>\n\t\t\t\t\t<\/div>\n\t\t<\/div>\n\t\t\t\t\t<\/div>\n\t\t<\/section>\n\t\t\t\t<\/div>\n\t\t","protected":false},"excerpt":{"rendered":"<p>Huile d&#8217;olive traditionnelle L&#8217;huile d&#8217;olive vierge extra conventionnelle ou traditionnelle est extraite au cours des mois de d\u00e9cembre\/janvier, lorsque le fruit est d\u00e9j\u00e0 en phase de maturation. Cette huile acquiert une teinte jaun\u00e2tre, un or liquide \u00e0 l&#8217;\u00e9tat pur.&nbsp; Cette huile a un go\u00fbt plus fruit\u00e9 et plus intense,&nbsp;avec des ar\u00f4mes de fruits secs, de &#8230; <a title=\"Huile d&#8217;olive traditionnelle\" class=\"read-more\" href=\"https:\/\/adeoliva.com\/fr\/acheter-de-lhuile-dolive\/traditionnelle\/\" aria-label=\"En savoir plus sur Huile d&#8217;olive traditionnelle\">Lire la suite<\/a><\/p>\n","protected":false},"author":1,"featured_media":18453,"parent":18764,"menu_order":0,"comment_status":"closed","ping_status":"closed","template":"","meta":{"rank_math_lock_modified_date":false,"_joinchat":[],"footnotes":""},"class_list":["post-18810","page","type-page","status-publish","has-post-thumbnail"],"_links":{"self":[{"href":"https:\/\/adeoliva.com\/fr\/wp-json\/wp\/v2\/pages\/18810","targetHints":{"allow":["GET"]}}],"collection":[{"href":"https:\/\/adeoliva.com\/fr\/wp-json\/wp\/v2\/pages"}],"about":[{"href":"https:\/\/adeoliva.com\/fr\/wp-json\/wp\/v2\/types\/page"}],"author":[{"embeddable":true,"href":"https:\/\/adeoliva.com\/fr\/wp-json\/wp\/v2\/users\/1"}],"replies":[{"embeddable":true,"href":"https:\/\/adeoliva.com\/fr\/wp-json\/wp\/v2\/comments?post=18810"}],"version-history":[{"count":0,"href":"https:\/\/adeoliva.com\/fr\/wp-json\/wp\/v2\/pages\/18810\/revisions"}],"up":[{"embeddable":true,"href":"https:\/\/adeoliva.com\/fr\/wp-json\/wp\/v2\/pages\/18764"}],"wp:featuredmedia":[{"embeddable":true,"href":"https:\/\/adeoliva.com\/fr\/wp-json\/wp\/v2\/media\/18453"}],"wp:attachment":[{"href":"https:\/\/adeoliva.com\/fr\/wp-json\/wp\/v2\/media?parent=18810"}],"curies":[{"name":"wp","href":"https:\/\/api.w.org\/{rel}","templated":true}]}}