{"id":18868,"date":"2020-04-22T21:34:30","date_gmt":"2020-04-22T21:34:30","guid":{"rendered":"https:\/\/adeoliva.com\/nous\/"},"modified":"2026-01-09T17:58:34","modified_gmt":"2026-01-09T17:58:34","slug":"notre-equipe","status":"publish","type":"page","link":"https:\/\/adeoliva.com\/fr\/notre-equipe\/","title":{"rendered":"Notre \u00e9quipe"},"content":{"rendered":"\t\t<div data-elementor-type=\"wp-page\" data-elementor-id=\"18868\" class=\"elementor elementor-18868 elementor-203\" data-elementor-post-type=\"page\">\n\t\t\t\t\t\t<section class=\"elementor-section elementor-top-section elementor-element elementor-element-23393d0 elementor-section-stretched elementor-section-boxed elementor-section-height-default elementor-section-height-default\" data-id=\"23393d0\" data-element_type=\"section\" data-settings=\"{&quot;stretch_section&quot;:&quot;section-stretched&quot;,&quot;background_background&quot;:&quot;classic&quot;}\">\n\t\t\t\t\t\t<div class=\"elementor-container elementor-column-gap-default\">\n\t\t\t\t\t<div class=\"elementor-column elementor-col-100 elementor-top-column elementor-element elementor-element-77170f6\" data-id=\"77170f6\" data-element_type=\"column\">\n\t\t\t<div class=\"elementor-widget-wrap elementor-element-populated\">\n\t\t\t\t\t\t<div class=\"elementor-element elementor-element-409a1a07 elementor-widget elementor-widget-heading\" data-id=\"409a1a07\" data-element_type=\"widget\" data-widget_type=\"heading.default\">\n\t\t\t\t<div class=\"elementor-widget-container\">\n\t\t\t\t\t<h1 class=\"elementor-heading-title elementor-size-default\">NOTRE \u00c9QUIPE<\/h1>\t\t\t\t<\/div>\n\t\t\t\t<\/div>\n\t\t\t\t\t<\/div>\n\t\t<\/div>\n\t\t\t\t\t<\/div>\n\t\t<\/section>\n\t\t\t\t<section class=\"elementor-section elementor-top-section elementor-element elementor-element-16abb539 elementor-section-content-middle elementor-section-boxed elementor-section-height-default elementor-section-height-default\" data-id=\"16abb539\" data-element_type=\"section\">\n\t\t\t\t\t\t<div class=\"elementor-container elementor-column-gap-no\">\n\t\t\t\t\t<div class=\"elementor-column elementor-col-100 elementor-top-column elementor-element elementor-element-462e5cab\" data-id=\"462e5cab\" data-element_type=\"column\">\n\t\t\t<div class=\"elementor-widget-wrap elementor-element-populated\">\n\t\t\t\t\t\t<div class=\"elementor-element elementor-element-1d0aca7 elementor-hidden-desktop elementor-hidden-tablet elementor-hidden-phone elementor-view-default elementor-widget elementor-widget-icon\" data-id=\"1d0aca7\" data-element_type=\"widget\" data-widget_type=\"icon.default\">\n\t\t\t\t<div class=\"elementor-widget-container\">\n\t\t\t\t\t\t\t<div class=\"elementor-icon-wrapper\">\n\t\t\t<a class=\"elementor-icon\" href=\"#elementor-action%3Aaction%3Dpopup%3Aopen%26settings%3DeyJpZCI6MTg3OTUsInRvZ2dsZSI6ZmFsc2V9\" popup-boton=\"\">\n\t\t\t<i aria-hidden=\"true\" class=\"fas fa-bars\"><\/i>\t\t\t<\/a>\n\t\t<\/div>\n\t\t\t\t\t\t<\/div>\n\t\t\t\t<\/div>\n\t\t\t\t<div class=\"elementor-element elementor-element-13a2a59f elementor-widget elementor-widget-text-editor\" data-id=\"13a2a59f\" data-element_type=\"widget\" data-widget_type=\"text-editor.default\">\n\t\t\t\t<div class=\"elementor-widget-container\">\n\t\t\t\t\t\t\t\t\t<p>L&#8217;HUILE \u00c0 LA PREMI\u00c8RE PERSONNE<\/p>\t\t\t\t\t\t\t\t<\/div>\n\t\t\t\t<\/div>\n\t\t\t\t<section class=\"elementor-section elementor-inner-section elementor-element elementor-element-79582ec elementor-section-boxed elementor-section-height-default elementor-section-height-default\" data-id=\"79582ec\" data-element_type=\"section\">\n\t\t\t\t\t\t<div class=\"elementor-container elementor-column-gap-default\">\n\t\t\t\t\t<div class=\"elementor-column elementor-col-50 elementor-inner-column elementor-element elementor-element-b4f64fa\" data-id=\"b4f64fa\" data-element_type=\"column\">\n\t\t\t<div class=\"elementor-widget-wrap elementor-element-populated\">\n\t\t\t\t\t\t<div class=\"elementor-element elementor-element-028d966 elementor-widget elementor-widget-image\" data-id=\"028d966\" data-element_type=\"widget\" data-widget_type=\"image.default\">\n\t\t\t\t<div class=\"elementor-widget-container\">\n\t\t\t\t\t\t\t\t\t\t\t\t\t\t\t<img fetchpriority=\"high\" decoding=\"async\" width=\"300\" height=\"300\" src=\"https:\/\/adeoliva.com\/wp-content\/uploads\/2024\/05\/foto-perfil-Pedro-lindes-300x300.jpg\" class=\"attachment-medium size-medium wp-image-21126\" alt=\"foto perfil Pedro lindes\" srcset=\"https:\/\/adeoliva.com\/wp-content\/uploads\/2024\/05\/foto-perfil-Pedro-lindes-300x300.jpg 300w, https:\/\/adeoliva.com\/wp-content\/uploads\/2024\/05\/foto-perfil-Pedro-lindes-150x150.jpg 150w, https:\/\/adeoliva.com\/wp-content\/uploads\/2024\/05\/foto-perfil-Pedro-lindes-768x768.jpg 768w, https:\/\/adeoliva.com\/wp-content\/uploads\/2024\/05\/foto-perfil-Pedro-lindes-600x600.jpg 600w, https:\/\/adeoliva.com\/wp-content\/uploads\/2024\/05\/foto-perfil-Pedro-lindes-100x100.jpg 100w, https:\/\/adeoliva.com\/wp-content\/uploads\/2024\/05\/foto-perfil-Pedro-lindes.jpg 793w\" sizes=\"(max-width: 300px) 100vw, 300px\" title=\"\">\t\t\t\t\t\t\t\t\t\t\t\t\t\t\t<\/div>\n\t\t\t\t<\/div>\n\t\t\t\t<div class=\"elementor-element elementor-element-7c19e90 elementor-widget elementor-widget-text-editor\" data-id=\"7c19e90\" data-element_type=\"widget\" data-widget_type=\"text-editor.default\">\n\t\t\t\t<div class=\"elementor-widget-container\">\n\t\t\t\t\t\t\t\t\t<p><strong>Pedro Lindes Castro<\/strong><\/p><p><span style=\"color: #8c9e68\"><em><strong>ADMINISTRATION<\/strong><\/em><\/span><\/p><p>Bachelor&#8217;s Degree in Business Administration + Master&#8217;s Degree in Finance ERP<\/p><p>(Universit\u00e9 de Ja\u00e9n)<\/p>\t\t\t\t\t\t\t\t<\/div>\n\t\t\t\t<\/div>\n\t\t\t\t<div class=\"elementor-element elementor-element-a52322d elementor-shape-rounded elementor-grid-0 e-grid-align-center elementor-widget elementor-widget-social-icons\" data-id=\"a52322d\" data-element_type=\"widget\" data-widget_type=\"social-icons.default\">\n\t\t\t\t<div class=\"elementor-widget-container\">\n\t\t\t\t\t\t\t<div class=\"elementor-social-icons-wrapper elementor-grid\">\n\t\t\t\t\t\t\t<span class=\"elementor-grid-item\">\n\t\t\t\t\t<a class=\"elementor-icon elementor-social-icon elementor-social-icon-linkedin elementor-animation-grow elementor-repeater-item-8b93740\" href=\"https:\/\/www.linkedin.com\/in\/pedro-lindes\/\" target=\"_blank\" rel=\"noopener\">\n\t\t\t\t\t\t<span class=\"elementor-screen-only\">Linkedin<\/span>\n\t\t\t\t\t\t<i aria-hidden=\"true\" class=\"fab fa-linkedin\"><\/i>\t\t\t\t\t<\/a>\n\t\t\t\t<\/span>\n\t\t\t\t\t<\/div>\n\t\t\t\t\t\t<\/div>\n\t\t\t\t<\/div>\n\t\t\t\t\t<\/div>\n\t\t<\/div>\n\t\t\t\t<div class=\"elementor-column elementor-col-50 elementor-inner-column elementor-element elementor-element-7171d24\" data-id=\"7171d24\" data-element_type=\"column\">\n\t\t\t<div class=\"elementor-widget-wrap elementor-element-populated\">\n\t\t\t\t\t\t<div class=\"elementor-element elementor-element-fb1eb7b elementor-widget elementor-widget-image\" data-id=\"fb1eb7b\" data-element_type=\"widget\" data-widget_type=\"image.default\">\n\t\t\t\t<div class=\"elementor-widget-container\">\n\t\t\t\t\t\t\t\t\t\t\t\t\t\t\t<img decoding=\"async\" width=\"239\" height=\"300\" src=\"https:\/\/adeoliva.com\/wp-content\/uploads\/2021\/01\/Ambrosio-Gil-239x300.jpg\" class=\"attachment-medium size-medium wp-image-18017\" alt=\"Ambrosio Gil\" srcset=\"https:\/\/adeoliva.com\/wp-content\/uploads\/2021\/01\/Ambrosio-Gil-239x300.jpg 239w, https:\/\/adeoliva.com\/wp-content\/uploads\/2021\/01\/Ambrosio-Gil.jpg 478w\" sizes=\"(max-width: 239px) 100vw, 239px\" title=\"\">\t\t\t\t\t\t\t\t\t\t\t\t\t\t\t<\/div>\n\t\t\t\t<\/div>\n\t\t\t\t<div class=\"elementor-element elementor-element-2bccca4 elementor-widget elementor-widget-text-editor\" data-id=\"2bccca4\" data-element_type=\"widget\" data-widget_type=\"text-editor.default\">\n\t\t\t\t<div class=\"elementor-widget-container\">\n\t\t\t\t\t\t\t\t\t<p><strong>Ambrosio Gil San Mart\u00edn<\/strong> <\/p><p><span style=\"color: #8c9e68\"><em><strong>E-COMMERCE<\/strong><\/em><\/span><\/p><p>Licence + Master en ing\u00e9nierie a\u00e9ronautique<\/p><p>(Universit\u00e9 polytechnique de Madrid)<\/p>\t\t\t\t\t\t\t\t<\/div>\n\t\t\t\t<\/div>\n\t\t\t\t<div class=\"elementor-element elementor-element-4de95a2 elementor-shape-rounded elementor-grid-0 e-grid-align-center elementor-widget elementor-widget-social-icons\" data-id=\"4de95a2\" data-element_type=\"widget\" data-widget_type=\"social-icons.default\">\n\t\t\t\t<div class=\"elementor-widget-container\">\n\t\t\t\t\t\t\t<div class=\"elementor-social-icons-wrapper elementor-grid\">\n\t\t\t\t\t\t\t<span class=\"elementor-grid-item\">\n\t\t\t\t\t<a class=\"elementor-icon elementor-social-icon elementor-social-icon-linkedin elementor-animation-grow elementor-repeater-item-8b93740\" href=\"https:\/\/www.linkedin.com\/in\/ambrosio-gil-san-mart%C3%ADn-a89435153\/\" target=\"_blank\" rel=\"noopener\">\n\t\t\t\t\t\t<span class=\"elementor-screen-only\">Linkedin<\/span>\n\t\t\t\t\t\t<i aria-hidden=\"true\" class=\"fab fa-linkedin\"><\/i>\t\t\t\t\t<\/a>\n\t\t\t\t<\/span>\n\t\t\t\t\t<\/div>\n\t\t\t\t\t\t<\/div>\n\t\t\t\t<\/div>\n\t\t\t\t\t<\/div>\n\t\t<\/div>\n\t\t\t\t\t<\/div>\n\t\t<\/section>\n\t\t\t\t<section class=\"elementor-section elementor-inner-section elementor-element elementor-element-39a4d14 elementor-section-boxed elementor-section-height-default elementor-section-height-default\" data-id=\"39a4d14\" data-element_type=\"section\">\n\t\t\t\t\t\t<div class=\"elementor-container elementor-column-gap-default\">\n\t\t\t\t\t<div class=\"elementor-column elementor-col-50 elementor-inner-column elementor-element elementor-element-df6107b\" data-id=\"df6107b\" data-element_type=\"column\">\n\t\t\t<div class=\"elementor-widget-wrap elementor-element-populated\">\n\t\t\t\t\t\t<div class=\"elementor-element elementor-element-b124d6a elementor-widget elementor-widget-text-editor\" data-id=\"b124d6a\" data-element_type=\"widget\" data-widget_type=\"text-editor.default\">\n\t\t\t\t<div class=\"elementor-widget-container\">\n\t\t\t\t\t\t\t\t\t<p><strong>Lourdes L\u00f3pez Toral<\/strong> <\/p><p><span style=\"color: #8c9e68\"><em><strong>VENTES ET LOGISTIQUE<\/strong><\/em><\/span><\/p><p>Administration<\/p><p>(IES Los Cerros)<\/p>\t\t\t\t\t\t\t\t<\/div>\n\t\t\t\t<\/div>\n\t\t\t\t<div class=\"elementor-element elementor-element-3e2154a elementor-shape-rounded elementor-grid-0 e-grid-align-center elementor-widget elementor-widget-social-icons\" data-id=\"3e2154a\" data-element_type=\"widget\" data-widget_type=\"social-icons.default\">\n\t\t\t\t<div class=\"elementor-widget-container\">\n\t\t\t\t\t\t\t<div class=\"elementor-social-icons-wrapper elementor-grid\">\n\t\t\t\t\t\t\t<span class=\"elementor-grid-item\">\n\t\t\t\t\t<a class=\"elementor-icon elementor-social-icon elementor-social-icon-linkedin elementor-animation-grow elementor-repeater-item-8b93740\" href=\"https:\/\/www.linkedin.com\" target=\"_blank\" rel=\"noopener\">\n\t\t\t\t\t\t<span class=\"elementor-screen-only\">Linkedin<\/span>\n\t\t\t\t\t\t<i aria-hidden=\"true\" class=\"fab fa-linkedin\"><\/i>\t\t\t\t\t<\/a>\n\t\t\t\t<\/span>\n\t\t\t\t\t<\/div>\n\t\t\t\t\t\t<\/div>\n\t\t\t\t<\/div>\n\t\t\t\t\t<\/div>\n\t\t<\/div>\n\t\t\t\t<div class=\"elementor-column elementor-col-50 elementor-inner-column elementor-element elementor-element-92498e3\" data-id=\"92498e3\" data-element_type=\"column\">\n\t\t\t<div class=\"elementor-widget-wrap elementor-element-populated\">\n\t\t\t\t\t\t<div class=\"elementor-element elementor-element-d89135f elementor-widget elementor-widget-image\" data-id=\"d89135f\" data-element_type=\"widget\" data-widget_type=\"image.default\">\n\t\t\t\t<div class=\"elementor-widget-container\">\n\t\t\t\t\t\t\t\t\t\t\t\t\t\t\t<img decoding=\"async\" width=\"300\" height=\"300\" src=\"https:\/\/adeoliva.com\/wp-content\/uploads\/2025\/12\/manel-300x300.jpg\" class=\"attachment-medium size-medium wp-image-29023\" alt=\"\" srcset=\"https:\/\/adeoliva.com\/wp-content\/uploads\/2025\/12\/manel-300x300.jpg 300w, https:\/\/adeoliva.com\/wp-content\/uploads\/2025\/12\/manel-150x150.jpg 150w, https:\/\/adeoliva.com\/wp-content\/uploads\/2025\/12\/manel-768x768.jpg 768w, https:\/\/adeoliva.com\/wp-content\/uploads\/2025\/12\/manel-600x600.jpg 600w, https:\/\/adeoliva.com\/wp-content\/uploads\/2025\/12\/manel-100x100.jpg 100w, https:\/\/adeoliva.com\/wp-content\/uploads\/2025\/12\/manel.jpg 800w\" sizes=\"(max-width: 300px) 100vw, 300px\" title=\"\">\t\t\t\t\t\t\t\t\t\t\t\t\t\t\t<\/div>\n\t\t\t\t<\/div>\n\t\t\t\t<div class=\"elementor-element elementor-element-db5ae6e elementor-widget elementor-widget-text-editor\" data-id=\"db5ae6e\" data-element_type=\"widget\" data-widget_type=\"text-editor.default\">\n\t\t\t\t<div class=\"elementor-widget-container\">\n\t\t\t\t\t\t\t\t\t<p><strong>Manel Saavedra<\/strong><\/p><p><span style=\"color: #8c9e68;\"><em><strong>VENTES B2B ET MARKETING NUM\u00c9RIQUE<\/strong><\/em><\/span><\/p><p>Administration<\/p><p>(Universit\u00e9 de Ja\u00e9n)<\/p>\t\t\t\t\t\t\t\t<\/div>\n\t\t\t\t<\/div>\n\t\t\t\t<div class=\"elementor-element elementor-element-8da6eb8 elementor-shape-rounded elementor-grid-0 e-grid-align-center elementor-widget elementor-widget-social-icons\" data-id=\"8da6eb8\" data-element_type=\"widget\" data-widget_type=\"social-icons.default\">\n\t\t\t\t<div class=\"elementor-widget-container\">\n\t\t\t\t\t\t\t<div class=\"elementor-social-icons-wrapper elementor-grid\">\n\t\t\t\t\t\t\t<span class=\"elementor-grid-item\">\n\t\t\t\t\t<a class=\"elementor-icon elementor-social-icon elementor-social-icon-linkedin elementor-animation-grow elementor-repeater-item-8b93740\" href=\"https:\/\/www.linkedin.com\/in\/manel-saavedra?originalSubdomain=es\" target=\"_blank\" rel=\"noopener\">\n\t\t\t\t\t\t<span class=\"elementor-screen-only\">Linkedin<\/span>\n\t\t\t\t\t\t<i aria-hidden=\"true\" class=\"fab fa-linkedin\"><\/i>\t\t\t\t\t<\/a>\n\t\t\t\t<\/span>\n\t\t\t\t\t<\/div>\n\t\t\t\t\t\t<\/div>\n\t\t\t\t<\/div>\n\t\t\t\t\t<\/div>\n\t\t<\/div>\n\t\t\t\t\t<\/div>\n\t\t<\/section>\n\t\t\t\t\t<\/div>\n\t\t<\/div>\n\t\t\t\t\t<\/div>\n\t\t<\/section>\n\t\t\t\t<section class=\"elementor-section elementor-top-section elementor-element elementor-element-4e56bb6 elementor-section-full_width elementor-section-stretched elementor-section-height-default elementor-section-height-default\" data-id=\"4e56bb6\" data-element_type=\"section\" data-settings=\"{&quot;stretch_section&quot;:&quot;section-stretched&quot;}\">\n\t\t\t\t\t\t<div class=\"elementor-container elementor-column-gap-default\">\n\t\t\t\t\t<div class=\"elementor-column elementor-col-100 elementor-top-column elementor-element elementor-element-de92210\" data-id=\"de92210\" data-element_type=\"column\">\n\t\t\t<div class=\"elementor-widget-wrap elementor-element-populated\">\n\t\t\t\t\t\t<div class=\"elementor-element elementor-element-4f131d3 elementor-widget elementor-widget-heading\" data-id=\"4f131d3\" data-element_type=\"widget\" data-widget_type=\"heading.default\">\n\t\t\t\t<div class=\"elementor-widget-container\">\n\t\t\t\t\t<h2 class=\"elementor-heading-title elementor-size-default\">Pourquoi Adeoliva a-t-elle \u00e9t\u00e9 cr\u00e9\u00e9e ?<\/h2>\t\t\t\t<\/div>\n\t\t\t\t<\/div>\n\t\t\t\t<div class=\"elementor-element elementor-element-3daac03 elementor-widget elementor-widget-text-editor\" data-id=\"3daac03\" data-element_type=\"widget\" data-widget_type=\"text-editor.default\">\n\t\t\t\t<div class=\"elementor-widget-container\">\n\t\t\t\t\t\t\t\t\t<hr><p style=\"text-align: center\"><span lang=\"ES-TRAD\">Adeoliva a \u00e9t\u00e9 fond\u00e9e en 2020 par un groupe de jeunes de Ja\u00e9n qui connaissent la richesse de leur terre. Cette richesse est constitu\u00e9e de 580 000 hectares d&#8217;oliveraies et d&#8217;une production de plus de 20 % du total mondial. C&#8217;est pour cette raison, commun\u00e9ment appel\u00e9e l&#8217;or liquide, que l&#8217;<strong>huile d&#8217;olive extra vierge<\/strong> a \u00e9veill\u00e9 la curiosit\u00e9 au point d&#8217;\u00eatre mondialement connue.<\/span> <\/p><p style=\"text-align: center\">Adeoliva se pr\u00e9sente comme une multiplateforme orient\u00e9e vers la publication et la distribution d&#8217;informations actualis\u00e9es sur l&#8217;huile d&#8217;olive et tout ce qui l&#8217;entoure. Cette <span lang=\"ES-TRAD\">communaut\u00e9 a pour but de <strong>transmettre<\/strong> et <strong>d&#8217;\u00e9duquer<\/strong> la soci\u00e9t\u00e9 sur les \u00e9normes qualit\u00e9s et la v\u00e9ritable richesse que ce produit peut<\/span> apporter \u00e0 la gastronomie et \u00e0 notre sant\u00e9. L&#8217;<strong>objectif<\/strong> principal est de faire conna\u00eetre leurs diff\u00e9rentes capacit\u00e9s, leurs applications potentielles et leurs avantages dans diff\u00e9rents domaines.<\/p>\t\t\t\t\t\t\t\t<\/div>\n\t\t\t\t<\/div>\n\t\t\t\t<div class=\"elementor-element elementor-element-6d9a94b elementor-widget elementor-widget-heading\" data-id=\"6d9a94b\" data-element_type=\"widget\" data-widget_type=\"heading.default\">\n\t\t\t\t<div class=\"elementor-widget-container\">\n\t\t\t\t\t<h2 class=\"elementor-heading-title elementor-size-default\">\u00c0 qui nous adressons-nous ?<\/h2>\t\t\t\t<\/div>\n\t\t\t\t<\/div>\n\t\t\t\t<div class=\"elementor-element elementor-element-0d1a0e9 elementor-widget elementor-widget-text-editor\" data-id=\"0d1a0e9\" data-element_type=\"widget\" data-widget_type=\"text-editor.default\">\n\t\t\t\t<div class=\"elementor-widget-container\">\n\t\t\t\t\t\t\t\t\t<p style=\"text-align: center\">Adeoliva se concentre sur la cr\u00e9ation de valeur dans l&#8217;industrie agroalimentaire autour du secteur ol\u00e9icole. Pour ce faire, nous nous appuyons sur deux piliers clairement diff\u00e9renci\u00e9s : les professionnels du secteur et, d&#8217;autre part, les organisations ou les consommateurs int\u00e9ress\u00e9s par les bienfaits de l&#8217;huile d&#8217;olive vierge extra.<a href=\"https:\/\/adeoliva.com\/salud-y-propiedades\/\"> <strong>avantages de l&#8217;huile d&#8217;olive vierge extra<\/strong><\/a>.<\/p><p style=\"text-align: center\">Nous aidons chacun \u00e0 trouver l&#8217;huile qu&#8217;il aime en r\u00e9duisant \u00e0 quelques clics la distance entre le producteur et son garde-manger.<\/p><p style=\"text-align: center\">Contrairement \u00e0 d&#8217;autres magasins sp\u00e9cialis\u00e9s, Adeoliva souhaite que le producteur puisse raconter son histoire \u00e0 la premi\u00e8re personne, afin que les amateurs d&#8217;alimentation saine et d&#8217;huile d&#8217;olive extra vierge puissent choisir avec de meilleurs crit\u00e8res, en connaissant les d\u00e9tails qui la rendent diff\u00e9rente et, surtout, unique pour chaque personne.  <\/p><p style=\"text-align: center\">PERSONNE ne d\u00e9cide pour vous, c&#8217;est VOUS qui d\u00e9cidez ! Adeoliva veut vous donner l&#8217;inspiration n\u00e9cessaire pour tomber amoureux de la meilleure huile d&#8217;olive et d\u00e9couvrir ce que vous aimez. Si jusqu&#8217;\u00e0 pr\u00e9sent le monde de l&#8217;huile d&#8217;olive vous \u00e9tait inconnu, avec Adeoliva, la connaissance vous permettra d&#8217;appr\u00e9cier la meilleure huile d&#8217;olive, de conna\u00eetre et d&#8217;essayer diff\u00e9rentes choses.  <strong style=\"font-family: var( --e-global-typography-text-font-family ), helv\u00e9tica\">C&#8217;est l&#8217;\u00e8re du p\u00e9trole \u00e0 la premi\u00e8re personne.<\/strong><\/p>\t\t\t\t\t\t\t\t<\/div>\n\t\t\t\t<\/div>\n\t\t\t\t\t<\/div>\n\t\t<\/div>\n\t\t\t\t\t<\/div>\n\t\t<\/section>\n\t\t\t\t<\/div>\n\t\t","protected":false},"excerpt":{"rendered":"<p>NOTRE \u00c9QUIPE L&#8217;HUILE \u00c0 LA PREMI\u00c8RE PERSONNE Pedro Lindes Castro ADMINISTRATION Bachelor&#8217;s Degree in Business Administration + Master&#8217;s Degree in Finance ERP (Universit\u00e9 de Ja\u00e9n) Linkedin Ambrosio Gil San Mart\u00edn E-COMMERCE Licence + Master en ing\u00e9nierie a\u00e9ronautique (Universit\u00e9 polytechnique de Madrid) Linkedin Lourdes L\u00f3pez Toral VENTES ET LOGISTIQUE Administration (IES Los Cerros) Linkedin Manel Saavedra &#8230; <a title=\"Notre \u00e9quipe\" class=\"read-more\" href=\"https:\/\/adeoliva.com\/fr\/notre-equipe\/\" aria-label=\"En savoir plus sur Notre \u00e9quipe\">Lire la suite<\/a><\/p>\n","protected":false},"author":1,"featured_media":18023,"parent":0,"menu_order":0,"comment_status":"closed","ping_status":"closed","template":"","meta":{"rank_math_lock_modified_date":false,"_joinchat":[],"footnotes":""},"class_list":["post-18868","page","type-page","status-publish","has-post-thumbnail"],"_links":{"self":[{"href":"https:\/\/adeoliva.com\/fr\/wp-json\/wp\/v2\/pages\/18868","targetHints":{"allow":["GET"]}}],"collection":[{"href":"https:\/\/adeoliva.com\/fr\/wp-json\/wp\/v2\/pages"}],"about":[{"href":"https:\/\/adeoliva.com\/fr\/wp-json\/wp\/v2\/types\/page"}],"author":[{"embeddable":true,"href":"https:\/\/adeoliva.com\/fr\/wp-json\/wp\/v2\/users\/1"}],"replies":[{"embeddable":true,"href":"https:\/\/adeoliva.com\/fr\/wp-json\/wp\/v2\/comments?post=18868"}],"version-history":[{"count":2,"href":"https:\/\/adeoliva.com\/fr\/wp-json\/wp\/v2\/pages\/18868\/revisions"}],"predecessor-version":[{"id":29025,"href":"https:\/\/adeoliva.com\/fr\/wp-json\/wp\/v2\/pages\/18868\/revisions\/29025"}],"wp:featuredmedia":[{"embeddable":true,"href":"https:\/\/adeoliva.com\/fr\/wp-json\/wp\/v2\/media\/18023"}],"wp:attachment":[{"href":"https:\/\/adeoliva.com\/fr\/wp-json\/wp\/v2\/media?parent=18868"}],"curies":[{"name":"wp","href":"https:\/\/api.w.org\/{rel}","templated":true}]}}