{"id":19024,"date":"2022-03-07T18:43:49","date_gmt":"2022-03-07T18:43:49","guid":{"rendered":"https:\/\/adeoliva.com\/acheter-de-lhuile-dolive\/mieux-cotee\/"},"modified":"2023-07-29T12:39:03","modified_gmt":"2023-07-29T12:39:03","slug":"mieux-cotee","status":"publish","type":"page","link":"https:\/\/adeoliva.com\/fr\/acheter-de-lhuile-dolive\/mieux-cotee\/","title":{"rendered":"Mieux cot\u00e9e"},"content":{"rendered":"\t\t<div data-elementor-type=\"wp-page\" data-elementor-id=\"19024\" class=\"elementor elementor-19024 elementor-10498\" data-elementor-post-type=\"page\">\n\t\t\t\t\t\t<section class=\"elementor-section elementor-top-section elementor-element elementor-element-1f2abf1 elementor-section-content-middle elementor-section-stretched elementor-section-boxed elementor-section-height-default elementor-section-height-default\" data-id=\"1f2abf1\" data-element_type=\"section\" data-settings=\"{&quot;background_background&quot;:&quot;classic&quot;,&quot;stretch_section&quot;:&quot;section-stretched&quot;}\">\n\t\t\t\t\t\t<div class=\"elementor-container elementor-column-gap-default\">\n\t\t\t\t\t<div class=\"elementor-column elementor-col-100 elementor-top-column elementor-element elementor-element-892af4e\" data-id=\"892af4e\" data-element_type=\"column\">\n\t\t\t<div class=\"elementor-widget-wrap elementor-element-populated\">\n\t\t\t\t\t\t<div class=\"elementor-element elementor-element-559eb42 elementor-widget elementor-widget-heading\" data-id=\"559eb42\" data-element_type=\"widget\" data-widget_type=\"heading.default\">\n\t\t\t\t<div class=\"elementor-widget-container\">\n\t\t\t\t\t<h1 class=\"elementor-heading-title elementor-size-default\">Mieux cot\u00e9e<\/h1>\t\t\t\t<\/div>\n\t\t\t\t<\/div>\n\t\t\t\t<div class=\"elementor-element elementor-element-bab4868 elementor-widget elementor-widget-heading\" data-id=\"bab4868\" data-element_type=\"widget\" data-widget_type=\"heading.default\">\n\t\t\t\t<div class=\"elementor-widget-container\">\n\t\t\t\t\t<h6 class=\"elementor-heading-title elementor-size-default\">Les huiles d'olive les mieux not\u00e9es par nos clients<\/h6>\t\t\t\t<\/div>\n\t\t\t\t<\/div>\n\t\t\t\t\t<\/div>\n\t\t<\/div>\n\t\t\t\t\t<\/div>\n\t\t<\/section>\n\t\t\t\t<section class=\"elementor-section elementor-top-section elementor-element elementor-element-3192cb7 elementor-section-boxed elementor-section-height-default elementor-section-height-default\" data-id=\"3192cb7\" data-element_type=\"section\">\n\t\t\t\t\t\t<div class=\"elementor-container elementor-column-gap-default\">\n\t\t\t\t\t<div class=\"elementor-column elementor-col-100 elementor-top-column elementor-element elementor-element-cab0227\" data-id=\"cab0227\" data-element_type=\"column\">\n\t\t\t<div class=\"elementor-widget-wrap elementor-element-populated\">\n\t\t\t\t\t\t<div class=\"elementor-element elementor-element-ac14ad9 elementor-grid-tablet-2 elementor-grid-mobile-2 elementor-product-loop-item--align-center elementor-grid-4 elementor-products-grid elementor-wc-products elementor-widget elementor-widget-woocommerce-products\" data-id=\"ac14ad9\" data-element_type=\"widget\" data-widget_type=\"woocommerce-products.default\">\n\t\t\t\t<div class=\"elementor-widget-container\">\n\t\t\t\t\t<div class=\"woocommerce columns-4 \"><div id=\"wc-column-container\" class=\"wc-columns-container wc-columns-4 wc-tablet-columns-3 wc-mobile-columns-2\"><div class=\"woocommerce-notices-wrapper\"><\/div><ul class=\"products elementor-grid columns-4\">\n<li class=\"sales-flash-overlay woocommerce-text-align-center woocommerce-image-align-center do-quantity-buttons product type-product post-13783 status-publish first instock product_cat-temprano has-post-thumbnail sale featured taxable shipping-taxable purchasable product-type-variable has-default-attributes\">\n\t<a href=\"https:\/\/adeoliva.com\/aove-adeoliva-temprano-picual-2l\/\" class=\"woocommerce-LoopProduct-link woocommerce-loop-product__link\">\n\t<span class=\"onsale\">Promo\u00a0!<\/span>\n\t<img fetchpriority=\"high\" decoding=\"async\" width=\"300\" height=\"300\" src=\"https:\/\/adeoliva.com\/wp-content\/uploads\/2022\/11\/AOVE-Adeoliva-Temprano-garrafa-2L-x-e1668881983120-300x300.jpeg\" class=\"attachment-woocommerce_thumbnail size-woocommerce_thumbnail\" alt=\"AOVE Adeoliva Temprano garrafa 2L\" srcset=\"https:\/\/adeoliva.com\/wp-content\/uploads\/2022\/11\/AOVE-Adeoliva-Temprano-garrafa-2L-x-e1668881983120-300x300.jpeg 300w, https:\/\/adeoliva.com\/wp-content\/uploads\/2022\/11\/AOVE-Adeoliva-Temprano-garrafa-2L-x-e1668881983120-150x150.jpeg 150w, https:\/\/adeoliva.com\/wp-content\/uploads\/2022\/11\/AOVE-Adeoliva-Temprano-garrafa-2L-x-e1668881983120-600x597.jpeg 600w, https:\/\/adeoliva.com\/wp-content\/uploads\/2022\/11\/AOVE-Adeoliva-Temprano-garrafa-2L-x-e1668881983120-100x100.jpeg 100w, https:\/\/adeoliva.com\/wp-content\/uploads\/2022\/11\/AOVE-Adeoliva-Temprano-garrafa-2L-x-e1668881983120.jpeg 700w\" sizes=\"(max-width: 300px) 100vw, 300px\" title=\"\"><h2 class=\"woocommerce-loop-product__title\">AOVE ADEOLIVA &#8211; Temprano Picual 2L (Cajas 1-8 Uds)<\/h2>\n\t<span class=\"price\">\t\t<span class=\"tiered-pricing-dynamic-price-wrapper tiered-pricing-dynamic-price-wrapper--variable\"\n\t\t\t  data-display-context=\"shop-loop\"\n\t\t\t  data-price-type=\"dynamic\"\n\t\t\t  data-product-id=\"13783\"\n\t\t\t  data-parent-id=\"13783\">\n\t\t\t<span class=\"woocommerce-Price-amount amount\" aria-hidden=\"true\"><bdi>35,50<span class=\"woocommerce-Price-currencySymbol\">&euro;<\/span><\/bdi><\/span> <span aria-hidden=\"true\">\u00a0\u2013\u00a0<\/span> <span class=\"woocommerce-Price-amount amount\" aria-hidden=\"true\"><bdi>235,95<span class=\"woocommerce-Price-currencySymbol\">&euro;<\/span><\/bdi><\/span><span class=\"screen-reader-text\">Plage de prix\u00a0: 35,50&euro; \u00e0 235,95&euro;<\/span> <small class=\"woocommerce-price-suffix\">IVA incluido<\/small><\/span><\/span>\n<\/a><div class=\"woocommerce-loop-product__buttons\"><a href=\"https:\/\/adeoliva.com\/aove-adeoliva-temprano-picual-2l\/\" aria-describedby=\"woocommerce_loop_add_to_cart_link_describedby_13783\" data-quantity=\"1\" class=\"button product_type_variable add_to_cart_button\" data-product_id=\"13783\" data-product_sku=\"211213783\" aria-label=\"S\u00e9lectionner les options pour &ldquo;AOVE ADEOLIVA - Temprano Picual 2L (Cajas 1-8 Uds)&rdquo;\" rel=\"nofollow\">Choix des options<\/a><\/div>\t<span id=\"woocommerce_loop_add_to_cart_link_describedby_13783\" class=\"screen-reader-text\">\n\t\tCe produit a plusieurs variations. Les options peuvent \u00eatre choisies sur la page du produit\t<\/span>\n<\/li>\n<li class=\"sales-flash-overlay woocommerce-text-align-center woocommerce-image-align-center do-quantity-buttons product type-product post-23042 status-publish instock product_cat-traditionnel has-post-thumbnail taxable shipping-taxable purchasable product-type-simple\">\n\t<a href=\"https:\/\/adeoliva.com\/fr\/huile-d-olive-essence-du-sud-3l-cooperative-4un\/\" class=\"woocommerce-LoopProduct-link woocommerce-loop-product__link\"><img decoding=\"async\" width=\"300\" height=\"300\" src=\"https:\/\/adeoliva.com\/wp-content\/uploads\/2020\/10\/AOVE-cooperativa-esencia-sur-3l-300x300.jpg\" class=\"attachment-woocommerce_thumbnail size-woocommerce_thumbnail\" alt=\"AOVE Esencia Sur 3L cooperativa oleocampo\" srcset=\"https:\/\/adeoliva.com\/wp-content\/uploads\/2020\/10\/AOVE-cooperativa-esencia-sur-3l-300x300.jpg 300w, https:\/\/adeoliva.com\/wp-content\/uploads\/2020\/10\/AOVE-cooperativa-esencia-sur-3l-150x150.jpg 150w, https:\/\/adeoliva.com\/wp-content\/uploads\/2020\/10\/AOVE-cooperativa-esencia-sur-3l-100x100.jpg 100w, https:\/\/adeoliva.com\/wp-content\/uploads\/2020\/10\/AOVE-cooperativa-esencia-sur-3l.jpg 529w\" sizes=\"(max-width: 300px) 100vw, 300px\" title=\"\"><h2 class=\"woocommerce-loop-product__title\">Huile d&#8217;Olive Extra Vierge Esencia del Sur 3L Picual (Bo\u00eete 4Uds)<\/h2>\n\t<span class=\"price\">\t\t<span class=\"tiered-pricing-dynamic-price-wrapper\"\n\t\t\t  data-display-context=\"shop-loop\"\n\t\t\t  data-price-type=\"dynamic\"\n\t\t\t  data-product-id=\"23042\"\n\t\t\t  data-parent-id=\"23042\">\n\t\t\tDesde <span class=\"woocommerce-Price-amount amount\"><bdi>74,90<span class=\"woocommerce-Price-currencySymbol\">&euro;<\/span><\/bdi><\/span> <small class=\"woocommerce-price-suffix\">IVA incluido<\/small><\/span><\/span>\n<\/a><div class=\"woocommerce-loop-product__buttons\"><a href=\"\/fr\/wp-json\/wp\/v2\/pages\/19024?add-to-cart=23042\" aria-describedby=\"woocommerce_loop_add_to_cart_link_describedby_23042\" data-quantity=\"1\" class=\"button product_type_simple add_to_cart_button ajax_add_to_cart\" data-product_id=\"23042\" data-product_sku=\"21123043\" aria-label=\"Ajouter au panier\u00a0: &ldquo;Huile d&#039;Olive Extra Vierge Esencia del Sur 3L Picual (Bo\u00eete 4Uds)&rdquo;\" rel=\"nofollow\" data-success_message=\"\u00ab\u00a0Huile d&#039;Olive Extra Vierge Esencia del Sur 3L Picual (Bo\u00eete 4Uds)\u00a0\u00bb a \u00e9t\u00e9 ajout\u00e9 \u00e0 votre panier\" role=\"button\">Ajouter au panier<\/a><\/div>\t<span id=\"woocommerce_loop_add_to_cart_link_describedby_23042\" class=\"screen-reader-text\">\n\t\t\t<\/span>\n<\/li>\n<li class=\"sales-flash-overlay woocommerce-text-align-center woocommerce-image-align-center do-quantity-buttons product type-product post-23039 status-publish instock product_cat-traditionnel has-post-thumbnail taxable shipping-taxable purchasable product-type-simple\">\n\t<a href=\"https:\/\/adeoliva.com\/fr\/aove-olivar-centenario-5l-cooperativa-3un\/\" class=\"woocommerce-LoopProduct-link woocommerce-loop-product__link\"><img decoding=\"async\" width=\"300\" height=\"300\" src=\"https:\/\/adeoliva.com\/wp-content\/uploads\/2022\/01\/AOV-cooperativa-oleocampo-5l-300x300.jpg\" class=\"attachment-woocommerce_thumbnail size-woocommerce_thumbnail\" alt=\"Aceite de Oliva Virgen Oleocampo 5L\" srcset=\"https:\/\/adeoliva.com\/wp-content\/uploads\/2022\/01\/AOV-cooperativa-oleocampo-5l-300x300.jpg 300w, https:\/\/adeoliva.com\/wp-content\/uploads\/2022\/01\/AOV-cooperativa-oleocampo-5l-150x150.jpg 150w, https:\/\/adeoliva.com\/wp-content\/uploads\/2022\/01\/AOV-cooperativa-oleocampo-5l-100x100.jpg 100w, https:\/\/adeoliva.com\/wp-content\/uploads\/2022\/01\/AOV-cooperativa-oleocampo-5l.jpg 529w\" sizes=\"(max-width: 300px) 100vw, 300px\" title=\"\"><h2 class=\"woocommerce-loop-product__title\">Huile d&#8217;olive EXTRA VIERGE Olivar Centenario 5L Picual (Bo\u00eete 3Uds)<\/h2>\n\t<span class=\"price\">\t\t<span class=\"tiered-pricing-dynamic-price-wrapper\"\n\t\t\t  data-display-context=\"shop-loop\"\n\t\t\t  data-price-type=\"dynamic\"\n\t\t\t  data-product-id=\"23039\"\n\t\t\t  data-parent-id=\"23039\">\n\t\t\tDesde <span class=\"woocommerce-Price-amount amount\"><bdi>87,50<span class=\"woocommerce-Price-currencySymbol\">&euro;<\/span><\/bdi><\/span> <small class=\"woocommerce-price-suffix\">IVA incluido<\/small><\/span><\/span>\n<\/a><div class=\"woocommerce-loop-product__buttons\"><a href=\"\/fr\/wp-json\/wp\/v2\/pages\/19024?add-to-cart=23039\" aria-describedby=\"woocommerce_loop_add_to_cart_link_describedby_23039\" data-quantity=\"1\" class=\"button product_type_simple add_to_cart_button ajax_add_to_cart\" data-product_id=\"23039\" data-product_sku=\"21123039\" aria-label=\"Ajouter au panier\u00a0: &ldquo;Huile d&#039;olive EXTRA VIERGE Olivar Centenario 5L Picual (Bo\u00eete 3Uds)&rdquo;\" rel=\"nofollow\" data-success_message=\"\u00ab\u00a0Huile d&#039;olive EXTRA VIERGE Olivar Centenario 5L Picual (Bo\u00eete 3Uds)\u00a0\u00bb a \u00e9t\u00e9 ajout\u00e9 \u00e0 votre panier\" role=\"button\">Ajouter au panier<\/a><\/div>\t<span id=\"woocommerce_loop_add_to_cart_link_describedby_23039\" class=\"screen-reader-text\">\n\t\t\t<\/span>\n<\/li>\n<li class=\"sales-flash-overlay woocommerce-text-align-center woocommerce-image-align-center do-quantity-buttons product type-product post-18763 status-publish last instock product_cat-traditionnel product_tag-facultatif has-post-thumbnail taxable shipping-taxable purchasable product-type-simple\">\n\t<a href=\"https:\/\/adeoliva.com\/fr\/huile-d-olive-extra-vierge-boite-3-pet-5l-lara\/\" class=\"woocommerce-LoopProduct-link woocommerce-loop-product__link\"><img loading=\"lazy\" decoding=\"async\" width=\"300\" height=\"300\" src=\"https:\/\/adeoliva.com\/wp-content\/uploads\/2021\/01\/Aceite-de-Oliva-virgen-extra-convencional-5L-cooperativa-Lara-1-300x300.jpg\" class=\"attachment-woocommerce_thumbnail size-woocommerce_thumbnail\" alt=\"Aceite de Oliva virgen extra convencional 5L cooperativa Lara\" srcset=\"https:\/\/adeoliva.com\/wp-content\/uploads\/2021\/01\/Aceite-de-Oliva-virgen-extra-convencional-5L-cooperativa-Lara-1-300x300.jpg 300w, https:\/\/adeoliva.com\/wp-content\/uploads\/2021\/01\/Aceite-de-Oliva-virgen-extra-convencional-5L-cooperativa-Lara-1-150x150.jpg 150w, https:\/\/adeoliva.com\/wp-content\/uploads\/2021\/01\/Aceite-de-Oliva-virgen-extra-convencional-5L-cooperativa-Lara-1-100x100.jpg 100w, https:\/\/adeoliva.com\/wp-content\/uploads\/2021\/01\/Aceite-de-Oliva-virgen-extra-convencional-5L-cooperativa-Lara-1.jpg 529w\" sizes=\"(max-width: 300px) 100vw, 300px\" title=\"\"><h2 class=\"woocommerce-loop-product__title\">Huile d&#8217;Olive Lara 5L Picual (Bo\u00eete 3 unit\u00e9s)<\/h2>\n\t<span class=\"price\">\t\t<span class=\"tiered-pricing-dynamic-price-wrapper\"\n\t\t\t  data-display-context=\"shop-loop\"\n\t\t\t  data-price-type=\"dynamic\"\n\t\t\t  data-product-id=\"18763\"\n\t\t\t  data-parent-id=\"18763\">\n\t\t\tDesde <span class=\"woocommerce-Price-amount amount\"><bdi>79,90<span class=\"woocommerce-Price-currencySymbol\">&euro;<\/span><\/bdi><\/span> <small class=\"woocommerce-price-suffix\">IVA incluido<\/small><\/span><\/span>\n<\/a><div class=\"woocommerce-loop-product__buttons\"><a href=\"https:\/\/adeoliva.com\/fr\/huile-d-olive-extra-vierge-boite-3-pet-5l-lara\/\" aria-describedby=\"woocommerce_loop_add_to_cart_link_describedby_18763\" data-quantity=\"1\" class=\"button product_type_simple add_to_cart_button\" data-product_id=\"18763\" data-product_sku=\"21125605\" aria-label=\"Ajouter au panier\u00a0: &ldquo;Huile d&#039;Olive Lara 5L Picual (Bo\u00eete 3 unit\u00e9s)&rdquo;\" rel=\"nofollow\" data-success_message=\"\u00ab\u00a0Huile d&#039;Olive Lara 5L Picual (Bo\u00eete 3 unit\u00e9s)\u00a0\u00bb a \u00e9t\u00e9 ajout\u00e9 \u00e0 votre panier\">Ver Opciones<\/a><\/div>\t<span id=\"woocommerce_loop_add_to_cart_link_describedby_18763\" class=\"screen-reader-text\">\n\t\t\t<\/span>\n<\/li>\n<li class=\"sales-flash-overlay woocommerce-text-align-center woocommerce-image-align-center do-quantity-buttons product type-product post-23673 status-publish first instock product_cat-biologique product_cat-primeur product_cat-traditionnel product_tag-cadeau product_tag-mariages has-post-thumbnail taxable shipping-taxable purchasable product-type-simple\">\n\t<a href=\"https:\/\/adeoliva.com\/fr\/huile-d-oilive-premium-mikado-personnalisable-100ml-mariages\/\" class=\"woocommerce-LoopProduct-link woocommerce-loop-product__link\"><img loading=\"lazy\" decoding=\"async\" width=\"300\" height=\"300\" src=\"https:\/\/adeoliva.com\/wp-content\/uploads\/2023\/04\/AOVE-verde-picual-Adeoliva-n1-mikado-100ml-x2-300x300.jpg\" class=\"attachment-woocommerce_thumbnail size-woocommerce_thumbnail\" alt=\"Huile d&#039;Olive PREMIUM en Mikado 100ml personnalisable pour les \u00e9v\u00e9nements\" srcset=\"https:\/\/adeoliva.com\/wp-content\/uploads\/2023\/04\/AOVE-verde-picual-Adeoliva-n1-mikado-100ml-x2-300x300.jpg 300w, https:\/\/adeoliva.com\/wp-content\/uploads\/2023\/04\/AOVE-verde-picual-Adeoliva-n1-mikado-100ml-x2-150x150.jpg 150w, https:\/\/adeoliva.com\/wp-content\/uploads\/2023\/04\/AOVE-verde-picual-Adeoliva-n1-mikado-100ml-x2-768x768.jpg 768w, https:\/\/adeoliva.com\/wp-content\/uploads\/2023\/04\/AOVE-verde-picual-Adeoliva-n1-mikado-100ml-x2-600x600.jpg 600w, https:\/\/adeoliva.com\/wp-content\/uploads\/2023\/04\/AOVE-verde-picual-Adeoliva-n1-mikado-100ml-x2-100x100.jpg 100w, https:\/\/adeoliva.com\/wp-content\/uploads\/2023\/04\/AOVE-verde-picual-Adeoliva-n1-mikado-100ml-x2.jpg 800w\" sizes=\"(max-width: 300px) 100vw, 300px\" title=\"\"><h2 class=\"woocommerce-loop-product__title\">Huile d&#8217;Olive PREMIUM en Mikado 100ml personnalisable pour les \u00e9v\u00e9nements<\/h2>\n\t<span class=\"price\">\t\t<span class=\"tiered-pricing-dynamic-price-wrapper\"\n\t\t\t  data-display-context=\"shop-loop\"\n\t\t\t  data-price-type=\"dynamic\"\n\t\t\t  data-product-id=\"23673\"\n\t\t\t  data-parent-id=\"23673\">\n\t\t\tDesde <span class=\"woocommerce-Price-amount amount\"><bdi>3,40<span class=\"woocommerce-Price-currencySymbol\">&euro;<\/span><\/bdi><\/span> <small class=\"woocommerce-price-suffix\">IVA incluido<\/small><\/span><\/span>\n<\/a><div class=\"woocommerce-loop-product__buttons\"><a href=\"https:\/\/adeoliva.com\/fr\/huile-d-oilive-premium-mikado-personnalisable-100ml-mariages\/\" aria-describedby=\"woocommerce_loop_add_to_cart_link_describedby_23673\" data-quantity=\"1\" class=\"button product_type_simple add_to_cart_button\" data-product_id=\"23673\" data-product_sku=\"211211972\" aria-label=\"Ajouter au panier\u00a0: &ldquo;Huile d&#039;Olive PREMIUM en Mikado 100ml personnalisable pour les \u00e9v\u00e9nements&rdquo;\" rel=\"nofollow\" data-success_message=\"\u00ab\u00a0Huile d&#039;Olive PREMIUM en Mikado 100ml personnalisable pour les \u00e9v\u00e9nements\u00a0\u00bb a \u00e9t\u00e9 ajout\u00e9 \u00e0 votre panier\">Ver Opciones<\/a><\/div>\t<span id=\"woocommerce_loop_add_to_cart_link_describedby_23673\" class=\"screen-reader-text\">\n\t\t\t<\/span>\n<\/li>\n<li class=\"sales-flash-overlay woocommerce-text-align-center woocommerce-image-align-center do-quantity-buttons product type-product post-18931 status-publish instock product_cat-biologique product_cat-primeur has-post-thumbnail featured taxable shipping-taxable purchasable product-type-variable\">\n\t<a href=\"https:\/\/adeoliva.com\/fr\/pack-3-huile-d-olive-adeoliva-premiere-royal-picual-500ml\/\" class=\"woocommerce-LoopProduct-link woocommerce-loop-product__link\"><img loading=\"lazy\" decoding=\"async\" width=\"300\" height=\"300\" src=\"https:\/\/adeoliva.com\/wp-content\/uploads\/2025\/04\/AOVE-Adeoliva-Pack-3-500ml-300x300.jpg\" class=\"attachment-woocommerce_thumbnail size-woocommerce_thumbnail\" alt=\"AOVE Adeoliva Pack 3 500ml\" srcset=\"https:\/\/adeoliva.com\/wp-content\/uploads\/2025\/04\/AOVE-Adeoliva-Pack-3-500ml-300x300.jpg 300w, https:\/\/adeoliva.com\/wp-content\/uploads\/2025\/04\/AOVE-Adeoliva-Pack-3-500ml-150x150.jpg 150w, https:\/\/adeoliva.com\/wp-content\/uploads\/2025\/04\/AOVE-Adeoliva-Pack-3-500ml-768x768.jpg 768w, https:\/\/adeoliva.com\/wp-content\/uploads\/2025\/04\/AOVE-Adeoliva-Pack-3-500ml-600x600.jpg 600w, https:\/\/adeoliva.com\/wp-content\/uploads\/2025\/04\/AOVE-Adeoliva-Pack-3-500ml-100x100.jpg 100w, https:\/\/adeoliva.com\/wp-content\/uploads\/2025\/04\/AOVE-Adeoliva-Pack-3-500ml.jpg 800w\" sizes=\"(max-width: 300px) 100vw, 300px\" title=\"\"><h2 class=\"woocommerce-loop-product__title\">Pack 3 Huile d&#8217;Olive Extra Vierge ADEOLIVA &#8211; Royal &amp; Premi\u00e8re Picual 500ml<\/h2>\n\t<span class=\"price\">\t\t<span class=\"tiered-pricing-dynamic-price-wrapper tiered-pricing-dynamic-price-wrapper--variable\"\n\t\t\t  data-display-context=\"shop-loop\"\n\t\t\t  data-price-type=\"dynamic\"\n\t\t\t  data-product-id=\"18931\"\n\t\t\t  data-parent-id=\"18931\">\n\t\t\t<span class=\"woocommerce-Price-amount amount\" aria-hidden=\"true\"><bdi>39,95<span class=\"woocommerce-Price-currencySymbol\">&euro;<\/span><\/bdi><\/span> <span aria-hidden=\"true\">\u00a0\u2013\u00a0<\/span> <span class=\"woocommerce-Price-amount amount\" aria-hidden=\"true\"><bdi>44,95<span class=\"woocommerce-Price-currencySymbol\">&euro;<\/span><\/bdi><\/span><span class=\"screen-reader-text\">Plage de prix\u00a0: 39,95&euro; \u00e0 44,95&euro;<\/span> <small class=\"woocommerce-price-suffix\">IVA incluido<\/small><\/span><\/span>\n<\/a><div class=\"woocommerce-loop-product__buttons\"><a href=\"https:\/\/adeoliva.com\/fr\/pack-3-huile-d-olive-adeoliva-premiere-royal-picual-500ml\/\" aria-describedby=\"woocommerce_loop_add_to_cart_link_describedby_18931\" data-quantity=\"1\" class=\"button product_type_variable add_to_cart_button\" data-product_id=\"18931\" data-product_sku=\"211214498\" aria-label=\"S\u00e9lectionner les options pour &ldquo;Pack 3 Huile d&#039;Olive Extra Vierge ADEOLIVA - Royal &amp; Premi\u00e8re Picual 500ml&rdquo;\" rel=\"nofollow\">Choix des options<\/a><\/div>\t<span id=\"woocommerce_loop_add_to_cart_link_describedby_18931\" class=\"screen-reader-text\">\n\t\tCe produit a plusieurs variations. Les options peuvent \u00eatre choisies sur la page du produit\t<\/span>\n<\/li>\n<li class=\"sales-flash-overlay woocommerce-text-align-center woocommerce-image-align-center do-quantity-buttons product type-product post-2628 status-publish instock product_cat-temprano product_cat-tradicional product_tag-regalo has-post-thumbnail taxable shipping-taxable purchasable product-type-simple\">\n\t<a href=\"https:\/\/adeoliva.com\/pack-3uds-empeltre-arbequina-selection-500ml\/\" class=\"woocommerce-LoopProduct-link woocommerce-loop-product__link\"><img loading=\"lazy\" decoding=\"async\" width=\"300\" height=\"300\" src=\"https:\/\/adeoliva.com\/wp-content\/uploads\/2021\/02\/Aceite-de-oliva-Beloleum-Empeltre-Arbequina-coupage-500ml-Pack-3-300x300.jpg\" class=\"attachment-woocommerce_thumbnail size-woocommerce_thumbnail\" alt=\"Aceite de oliva Beloleum Empeltre Arbequina coupage 500ml Pack 3\" srcset=\"https:\/\/adeoliva.com\/wp-content\/uploads\/2021\/02\/Aceite-de-oliva-Beloleum-Empeltre-Arbequina-coupage-500ml-Pack-3-300x300.jpg 300w, https:\/\/adeoliva.com\/wp-content\/uploads\/2021\/02\/Aceite-de-oliva-Beloleum-Empeltre-Arbequina-coupage-500ml-Pack-3-1024x1024.jpg 1024w, https:\/\/adeoliva.com\/wp-content\/uploads\/2021\/02\/Aceite-de-oliva-Beloleum-Empeltre-Arbequina-coupage-500ml-Pack-3-150x150.jpg 150w, https:\/\/adeoliva.com\/wp-content\/uploads\/2021\/02\/Aceite-de-oliva-Beloleum-Empeltre-Arbequina-coupage-500ml-Pack-3-768x768.jpg 768w, https:\/\/adeoliva.com\/wp-content\/uploads\/2021\/02\/Aceite-de-oliva-Beloleum-Empeltre-Arbequina-coupage-500ml-Pack-3-600x600.jpg 600w, https:\/\/adeoliva.com\/wp-content\/uploads\/2021\/02\/Aceite-de-oliva-Beloleum-Empeltre-Arbequina-coupage-500ml-Pack-3-100x100.jpg 100w, https:\/\/adeoliva.com\/wp-content\/uploads\/2021\/02\/Aceite-de-oliva-Beloleum-Empeltre-Arbequina-coupage-500ml-Pack-3.jpg 1500w\" sizes=\"(max-width: 300px) 100vw, 300px\" title=\"\"><h2 class=\"woocommerce-loop-product__title\">Pack Empeltre, Arbequina y Selection 500ml (Pack 3 Uds)<\/h2>\n\t<span class=\"price\">\t\t<span class=\"tiered-pricing-dynamic-price-wrapper\"\n\t\t\t  data-display-context=\"shop-loop\"\n\t\t\t  data-price-type=\"no-rules\"\n\t\t\t  data-product-id=\"2628\"\n\t\t\t  data-parent-id=\"2628\">\n\t\t\t<span class=\"woocommerce-Price-amount amount\"><bdi>35,95<span class=\"woocommerce-Price-currencySymbol\">&euro;<\/span><\/bdi><\/span> <small class=\"woocommerce-price-suffix\">IVA incluido<\/small><\/span><\/span>\n<\/a><div class=\"woocommerce-loop-product__buttons\"><a href=\"https:\/\/adeoliva.com\/pack-3uds-empeltre-arbequina-selection-500ml\/\" aria-describedby=\"woocommerce_loop_add_to_cart_link_describedby_2628\" data-quantity=\"1\" class=\"button product_type_simple add_to_cart_button\" data-product_id=\"2628\" data-product_sku=\"21122628\" aria-label=\"Ajouter au panier\u00a0: &ldquo;Pack Empeltre, Arbequina y Selection 500ml (Pack 3 Uds)&rdquo;\" rel=\"nofollow\" data-success_message=\"\u00ab\u00a0Pack Empeltre, Arbequina y Selection 500ml (Pack 3 Uds)\u00a0\u00bb a \u00e9t\u00e9 ajout\u00e9 \u00e0 votre panier\">Ver Opciones<\/a><\/div>\t<span id=\"woocommerce_loop_add_to_cart_link_describedby_2628\" class=\"screen-reader-text\">\n\t\t\t<\/span>\n<\/li>\n<\/ul>\n<\/div><\/div>\t\t\t\t<\/div>\n\t\t\t\t<\/div>\n\t\t\t\t<div class=\"elementor-element elementor-element-dbd1dcb elementor-widget elementor-widget-text-editor\" data-id=\"dbd1dcb\" data-element_type=\"widget\" data-widget_type=\"text-editor.default\">\n\t\t\t\t<div class=\"elementor-widget-container\">\n\t\t\t\t\t\t\t\t\t<p style=\"font-size: 12px;\">* Nous exp\u00e9dions vers l&#8217;Europe Pour les commandes en dehors de l&#8217;Europe, <a href=\"http:\/\/www.adeoliva.com\/contacto\/\">Contactar<\/a>.<\/p>\n\t\t\t\t\t\t\t\t<\/div>\n\t\t\t\t<\/div>\n\t\t\t\t\t<\/div>\n\t\t<\/div>\n\t\t\t\t\t<\/div>\n\t\t<\/section>\n\t\t\t\t<\/div>\n\t\t","protected":false},"excerpt":{"rendered":"<p>Mieux cot\u00e9e Les huiles d&#8217;olive les mieux not\u00e9es par nos clients * Nous exp\u00e9dions vers l&#8217;Europe Pour les commandes en dehors de l&#8217;Europe, Contactar.<\/p>\n","protected":false},"author":1,"featured_media":0,"parent":18764,"menu_order":0,"comment_status":"closed","ping_status":"closed","template":"","meta":{"rank_math_lock_modified_date":false,"_joinchat":[],"footnotes":""},"class_list":["post-19024","page","type-page","status-publish"],"_links":{"self":[{"href":"https:\/\/adeoliva.com\/fr\/wp-json\/wp\/v2\/pages\/19024","targetHints":{"allow":["GET"]}}],"collection":[{"href":"https:\/\/adeoliva.com\/fr\/wp-json\/wp\/v2\/pages"}],"about":[{"href":"https:\/\/adeoliva.com\/fr\/wp-json\/wp\/v2\/types\/page"}],"author":[{"embeddable":true,"href":"https:\/\/adeoliva.com\/fr\/wp-json\/wp\/v2\/users\/1"}],"replies":[{"embeddable":true,"href":"https:\/\/adeoliva.com\/fr\/wp-json\/wp\/v2\/comments?post=19024"}],"version-history":[{"count":0,"href":"https:\/\/adeoliva.com\/fr\/wp-json\/wp\/v2\/pages\/19024\/revisions"}],"up":[{"embeddable":true,"href":"https:\/\/adeoliva.com\/fr\/wp-json\/wp\/v2\/pages\/18764"}],"wp:attachment":[{"href":"https:\/\/adeoliva.com\/fr\/wp-json\/wp\/v2\/media?parent=19024"}],"curies":[{"name":"wp","href":"https:\/\/api.w.org\/{rel}","templated":true}]}}