{"id":19026,"date":"2022-03-07T18:25:04","date_gmt":"2022-03-07T18:25:04","guid":{"rendered":"https:\/\/adeoliva.com\/acheter-de-lhuile-dolive\/offres\/"},"modified":"2024-10-29T13:43:28","modified_gmt":"2024-10-29T13:43:28","slug":"offres","status":"publish","type":"page","link":"https:\/\/adeoliva.com\/fr\/acheter-de-lhuile-dolive\/offres\/","title":{"rendered":"Offres"},"content":{"rendered":"\t\t<div data-elementor-type=\"wp-page\" data-elementor-id=\"19026\" class=\"elementor elementor-19026 elementor-10531\" data-elementor-post-type=\"page\">\n\t\t\t\t\t\t<section class=\"elementor-section elementor-top-section elementor-element elementor-element-859efa4 elementor-section-boxed elementor-section-height-default elementor-section-height-default\" data-id=\"859efa4\" data-element_type=\"section\">\n\t\t\t\t\t\t<div class=\"elementor-container elementor-column-gap-default\">\n\t\t\t\t\t<div class=\"elementor-column elementor-col-100 elementor-top-column elementor-element elementor-element-a0a760e\" data-id=\"a0a760e\" data-element_type=\"column\">\n\t\t\t<div class=\"elementor-widget-wrap elementor-element-populated\">\n\t\t\t\t\t\t<div class=\"elementor-element elementor-element-8c4743c elementor-widget elementor-widget-heading\" data-id=\"8c4743c\" data-element_type=\"widget\" data-widget_type=\"heading.default\">\n\t\t\t\t<div class=\"elementor-widget-container\">\n\t\t\t\t\t<h1 class=\"elementor-heading-title elementor-size-default\">Offres et R\u00e9ductions<\/h1>\t\t\t\t<\/div>\n\t\t\t\t<\/div>\n\t\t\t\t<div class=\"elementor-element elementor-element-8215021 elementor-widget elementor-widget-heading\" data-id=\"8215021\" data-element_type=\"widget\" data-widget_type=\"heading.default\">\n\t\t\t\t<div class=\"elementor-widget-container\">\n\t\t\t\t\t<h6 class=\"elementor-heading-title elementor-size-default\">Descubre ahora nuestros Aceites de Oliva en promoci\u00f3n, con algunas de las mejores ofertas<\/h6>\t\t\t\t<\/div>\n\t\t\t\t<\/div>\n\t\t\t\t\t<\/div>\n\t\t<\/div>\n\t\t\t\t\t<\/div>\n\t\t<\/section>\n\t\t\t\t<section class=\"elementor-section elementor-top-section elementor-element elementor-element-719d17e elementor-section-boxed elementor-section-height-default elementor-section-height-default\" data-id=\"719d17e\" data-element_type=\"section\">\n\t\t\t\t\t\t<div class=\"elementor-container elementor-column-gap-default\">\n\t\t\t\t\t<div class=\"elementor-column elementor-col-100 elementor-top-column elementor-element elementor-element-fdbbf57\" data-id=\"fdbbf57\" data-element_type=\"column\">\n\t\t\t<div class=\"elementor-widget-wrap elementor-element-populated\">\n\t\t\t\t\t\t<div class=\"elementor-element elementor-element-fffcddc elementor-grid-tablet-2 elementor-grid-mobile-2 elementor-product-loop-item--align-center elementor-grid-4 elementor-products-grid elementor-wc-products elementor-widget elementor-widget-woocommerce-products\" data-id=\"fffcddc\" data-element_type=\"widget\" data-widget_type=\"woocommerce-products.default\">\n\t\t\t\t<div class=\"elementor-widget-container\">\n\t\t\t\t\t<div class=\"woocommerce columns-4 \"><div id=\"wc-column-container\" class=\"wc-columns-container wc-columns-4 wc-tablet-columns-3 wc-mobile-columns-2\"><div class=\"woocommerce-notices-wrapper\"><\/div><p class=\"woocommerce-result-count\" role=\"alert\" aria-relevant=\"all\" data-is-sorted-by=\"true\">\n\t6\u00a0r\u00e9sultats affich\u00e9s<span class=\"screen-reader-text\">Tri\u00e9 du plus r\u00e9cent au plus ancien<\/span><\/p>\n<form class=\"woocommerce-ordering\" method=\"get\">\n\t\t<select\n\t\tname=\"orderby\"\n\t\tclass=\"orderby\"\n\t\t\t\t\taria-label=\"Commande\"\n\t\t\t>\n\t\t\t\t\t<option value=\"popularity\" >Tri par popularit\u00e9<\/option>\n\t\t\t\t\t<option value=\"date\"  selected='selected'>Tri du plus r\u00e9cent au plus ancien<\/option>\n\t\t\t\t\t<option value=\"price\" >Tri par tarif croissant<\/option>\n\t\t\t\t\t<option value=\"price-desc\" >Tri par tarif d\u00e9croissant<\/option>\n\t\t\t<\/select>\n\t<input type=\"hidden\" name=\"paged\" value=\"1\" \/>\n\t<input type=\"hidden\" name=\"glang\" value=\"fr\" \/><input type=\"hidden\" name=\"gurl\" value=\"wp-json\/wp\/v2\/pages\/19026\" \/><\/form>\n<ul class=\"products elementor-grid columns-4\">\n<li class=\"sales-flash-overlay woocommerce-text-align-center woocommerce-image-align-center do-quantity-buttons product type-product post-23214 status-publish first instock product_cat-traditionnel product_tag-facultatif has-post-thumbnail sale featured taxable shipping-taxable purchasable product-type-simple\">\n\t<a href=\"https:\/\/adeoliva.com\/fr\/huile-dolive-extra-vierge-lara-5l-cooperative-picual-boite-3uds-copia-2\/\" class=\"woocommerce-LoopProduct-link woocommerce-loop-product__link\">\n\t<span class=\"onsale\">Promo\u00a0!<\/span>\n\t<img fetchpriority=\"high\" decoding=\"async\" width=\"300\" height=\"300\" src=\"https:\/\/adeoliva.com\/wp-content\/uploads\/2021\/01\/Aceite-de-Oliva-virgen-extra-convencional-5L-cooperativa-Lara-300x300.jpg\" class=\"attachment-woocommerce_thumbnail size-woocommerce_thumbnail\" alt=\"Aceite de Oliva virgen extra convencional 5L cooperativa Lara\" srcset=\"https:\/\/adeoliva.com\/wp-content\/uploads\/2021\/01\/Aceite-de-Oliva-virgen-extra-convencional-5L-cooperativa-Lara-300x300.jpg 300w, https:\/\/adeoliva.com\/wp-content\/uploads\/2021\/01\/Aceite-de-Oliva-virgen-extra-convencional-5L-cooperativa-Lara-150x150.jpg 150w, https:\/\/adeoliva.com\/wp-content\/uploads\/2021\/01\/Aceite-de-Oliva-virgen-extra-convencional-5L-cooperativa-Lara-100x100.jpg 100w, https:\/\/adeoliva.com\/wp-content\/uploads\/2021\/01\/Aceite-de-Oliva-virgen-extra-convencional-5L-cooperativa-Lara.jpg 529w\" sizes=\"(max-width: 300px) 100vw, 300px\" title=\"\"><h2 class=\"woocommerce-loop-product__title\">Huile d&#8217;Olive Extra Vierge Lara 5L Picual Cooperativa<\/h2>\n\t<span class=\"price\">\t\t<span class=\"tiered-pricing-dynamic-price-wrapper\"\n\t\t\t  data-display-context=\"shop-loop\"\n\t\t\t  data-price-type=\"dynamic\"\n\t\t\t  data-product-id=\"23214\"\n\t\t\t  data-parent-id=\"23214\">\n\t\t\tDesde <span class=\"woocommerce-Price-amount amount\"><bdi>29,95<span class=\"woocommerce-Price-currencySymbol\">&euro;<\/span><\/bdi><\/span> <small class=\"woocommerce-price-suffix\">IVA incluido<\/small><\/span><\/span>\n<\/a><div class=\"woocommerce-loop-product__buttons\"><a href=\"https:\/\/adeoliva.com\/fr\/huile-dolive-extra-vierge-lara-5l-cooperative-picual-boite-3uds-copia-2\/\" aria-describedby=\"woocommerce_loop_add_to_cart_link_describedby_23214\" data-quantity=\"1\" class=\"button product_type_simple add_to_cart_button\" data-product_id=\"23214\" data-product_sku=\"211223213\" aria-label=\"Ajouter au panier\u00a0: &ldquo;Huile d&#039;Olive Extra Vierge Lara 5L Picual Cooperativa&rdquo;\" rel=\"nofollow\" data-success_message=\"\u00ab\u00a0Huile d&#039;Olive Extra Vierge Lara 5L Picual Cooperativa\u00a0\u00bb a \u00e9t\u00e9 ajout\u00e9 \u00e0 votre panier\">Ver Opciones<\/a><\/div>\t<span id=\"woocommerce_loop_add_to_cart_link_describedby_23214\" class=\"screen-reader-text\">\n\t\t\t<\/span>\n<\/li>\n<li class=\"sales-flash-overlay woocommerce-text-align-center woocommerce-image-align-center do-quantity-buttons product type-product post-18936 status-publish instock product_cat-primeur has-post-thumbnail sale featured taxable shipping-taxable purchasable product-type-variable has-default-attributes\">\n\t<a href=\"https:\/\/adeoliva.com\/fr\/huile-d-olive-adeoliva-primeur-royal-500ml-espagne\/\" class=\"woocommerce-LoopProduct-link woocommerce-loop-product__link\">\n\t<span class=\"onsale\">Promo\u00a0!<\/span>\n\t<img decoding=\"async\" width=\"300\" height=\"300\" src=\"https:\/\/adeoliva.com\/wp-content\/uploads\/2024\/10\/AOVE-Adeoliva-Royal-500ml-e1735132067522-300x300.jpg\" class=\"attachment-woocommerce_thumbnail size-woocommerce_thumbnail\" alt=\"AOVE Adeoliva Royal 500ml 2025\" srcset=\"https:\/\/adeoliva.com\/wp-content\/uploads\/2024\/10\/AOVE-Adeoliva-Royal-500ml-e1735132067522-300x300.jpg 300w, https:\/\/adeoliva.com\/wp-content\/uploads\/2024\/10\/AOVE-Adeoliva-Royal-500ml-e1735132067522-150x150.jpg 150w, https:\/\/adeoliva.com\/wp-content\/uploads\/2024\/10\/AOVE-Adeoliva-Royal-500ml-e1735132067522-600x600.jpg 600w, https:\/\/adeoliva.com\/wp-content\/uploads\/2024\/10\/AOVE-Adeoliva-Royal-500ml-e1735132067522-100x100.jpg 100w, https:\/\/adeoliva.com\/wp-content\/uploads\/2024\/10\/AOVE-Adeoliva-Royal-500ml-e1735132067522.jpg 700w\" sizes=\"(max-width: 300px) 100vw, 300px\" title=\"\"><h2 class=\"woocommerce-loop-product__title\">Huile d&#8217;Olive Extra Vierge ADEOLIVA Primeur ROYAL N\u00ba2 2023-24 &#8211; 500ml<\/h2>\n\t<span class=\"price\">\t\t<span class=\"tiered-pricing-dynamic-price-wrapper tiered-pricing-dynamic-price-wrapper--variable\"\n\t\t\t  data-display-context=\"shop-loop\"\n\t\t\t  data-price-type=\"dynamic\"\n\t\t\t  data-product-id=\"18936\"\n\t\t\t  data-parent-id=\"18936\">\n\t\t\t<span class=\"woocommerce-Price-amount amount\" aria-hidden=\"true\"><bdi>14,95<span class=\"woocommerce-Price-currencySymbol\">&euro;<\/span><\/bdi><\/span> <span aria-hidden=\"true\">\u00a0\u2013\u00a0<\/span> <span class=\"woocommerce-Price-amount amount\" aria-hidden=\"true\"><bdi>71,95<span class=\"woocommerce-Price-currencySymbol\">&euro;<\/span><\/bdi><\/span><span class=\"screen-reader-text\">Plage de prix\u00a0: 14,95&euro; \u00e0 71,95&euro;<\/span> <small class=\"woocommerce-price-suffix\">IVA incluido<\/small><\/span><\/span>\n<\/a><div class=\"woocommerce-loop-product__buttons\"><a href=\"https:\/\/adeoliva.com\/fr\/huile-d-olive-adeoliva-primeur-royal-500ml-espagne\/\" aria-describedby=\"woocommerce_loop_add_to_cart_link_describedby_18936\" data-quantity=\"1\" class=\"button product_type_variable add_to_cart_button\" data-product_id=\"18936\" data-product_sku=\"211214430\" aria-label=\"S\u00e9lectionner les options pour &ldquo;Huile d&#039;Olive Extra Vierge ADEOLIVA Primeur ROYAL N\u00ba2 2023-24 - 500ml&rdquo;\" rel=\"nofollow\">Choix des options<\/a><\/div>\t<span id=\"woocommerce_loop_add_to_cart_link_describedby_18936\" class=\"screen-reader-text\">\n\t\tCe produit a plusieurs variations. Les options peuvent \u00eatre choisies sur la page du produit\t<\/span>\n<\/li>\n<li class=\"sales-flash-overlay woocommerce-text-align-center woocommerce-image-align-center do-quantity-buttons product type-product post-13793 status-publish instock product_cat-temprano has-post-thumbnail sale featured taxable shipping-taxable purchasable product-type-variable has-default-attributes\">\n\t<a href=\"https:\/\/adeoliva.com\/aceite-de-oliva-adeoliva-temprano-sin-filtrar-2l\/\" class=\"woocommerce-LoopProduct-link woocommerce-loop-product__link\">\n\t<span class=\"onsale\">Promo\u00a0!<\/span>\n\t<img decoding=\"async\" width=\"300\" height=\"300\" src=\"https:\/\/adeoliva.com\/wp-content\/uploads\/2022\/11\/AOVE-Adeoliva-Temprano-Sin-fitrar-garrafa-2L-x-e1668882027969-300x300.jpeg\" class=\"attachment-woocommerce_thumbnail size-woocommerce_thumbnail\" alt=\"Aceite de oliva sin filtrar Adeoliva Temprano garrafa 2L\" srcset=\"https:\/\/adeoliva.com\/wp-content\/uploads\/2022\/11\/AOVE-Adeoliva-Temprano-Sin-fitrar-garrafa-2L-x-e1668882027969-300x300.jpeg 300w, https:\/\/adeoliva.com\/wp-content\/uploads\/2022\/11\/AOVE-Adeoliva-Temprano-Sin-fitrar-garrafa-2L-x-e1668882027969-150x150.jpeg 150w, https:\/\/adeoliva.com\/wp-content\/uploads\/2022\/11\/AOVE-Adeoliva-Temprano-Sin-fitrar-garrafa-2L-x-e1668882027969-100x100.jpeg 100w\" sizes=\"(max-width: 300px) 100vw, 300px\" title=\"\"><h2 class=\"woocommerce-loop-product__title\">AOVE ADEOLIVA &#8211; Temprano Picual SIN FILTRAR 2L (Cajas 1-8 Uds)<\/h2>\n\t<span class=\"price\">\t\t<span class=\"tiered-pricing-dynamic-price-wrapper tiered-pricing-dynamic-price-wrapper--variable\"\n\t\t\t  data-display-context=\"shop-loop\"\n\t\t\t  data-price-type=\"dynamic\"\n\t\t\t  data-product-id=\"13793\"\n\t\t\t  data-parent-id=\"13793\">\n\t\t\t<span class=\"woocommerce-Price-amount amount\" aria-hidden=\"true\"><bdi>47,50<span class=\"woocommerce-Price-currencySymbol\">&euro;<\/span><\/bdi><\/span> <span aria-hidden=\"true\">\u00a0\u2013\u00a0<\/span> <span class=\"woocommerce-Price-amount amount\" aria-hidden=\"true\"><bdi>275,00<span class=\"woocommerce-Price-currencySymbol\">&euro;<\/span><\/bdi><\/span><span class=\"screen-reader-text\">Plage de prix\u00a0: 47,50&euro; \u00e0 275,00&euro;<\/span> <small class=\"woocommerce-price-suffix\">IVA incluido<\/small><\/span><\/span>\n<\/a><div class=\"woocommerce-loop-product__buttons\"><a href=\"https:\/\/adeoliva.com\/aceite-de-oliva-adeoliva-temprano-sin-filtrar-2l\/\" aria-describedby=\"woocommerce_loop_add_to_cart_link_describedby_13793\" data-quantity=\"1\" class=\"button product_type_variable add_to_cart_button\" data-product_id=\"13793\" data-product_sku=\"211213793\" aria-label=\"S\u00e9lectionner les options pour &ldquo;AOVE ADEOLIVA - Temprano Picual SIN FILTRAR 2L (Cajas 1-8 Uds)&rdquo;\" rel=\"nofollow\">Choix des options<\/a><\/div>\t<span id=\"woocommerce_loop_add_to_cart_link_describedby_13793\" class=\"screen-reader-text\">\n\t\tCe produit a plusieurs variations. Les options peuvent \u00eatre choisies sur la page du produit\t<\/span>\n<\/li>\n<li class=\"sales-flash-overlay woocommerce-text-align-center woocommerce-image-align-center do-quantity-buttons product type-product post-13783 status-publish last instock product_cat-temprano has-post-thumbnail sale featured taxable shipping-taxable purchasable product-type-variable has-default-attributes\">\n\t<a href=\"https:\/\/adeoliva.com\/aove-adeoliva-temprano-picual-2l\/\" class=\"woocommerce-LoopProduct-link woocommerce-loop-product__link\">\n\t<span class=\"onsale\">Promo\u00a0!<\/span>\n\t<img loading=\"lazy\" decoding=\"async\" width=\"300\" height=\"300\" src=\"https:\/\/adeoliva.com\/wp-content\/uploads\/2022\/11\/AOVE-Adeoliva-Temprano-garrafa-2L-x-e1668881983120-300x300.jpeg\" class=\"attachment-woocommerce_thumbnail size-woocommerce_thumbnail\" alt=\"AOVE Adeoliva Temprano garrafa 2L\" srcset=\"https:\/\/adeoliva.com\/wp-content\/uploads\/2022\/11\/AOVE-Adeoliva-Temprano-garrafa-2L-x-e1668881983120-300x300.jpeg 300w, https:\/\/adeoliva.com\/wp-content\/uploads\/2022\/11\/AOVE-Adeoliva-Temprano-garrafa-2L-x-e1668881983120-150x150.jpeg 150w, https:\/\/adeoliva.com\/wp-content\/uploads\/2022\/11\/AOVE-Adeoliva-Temprano-garrafa-2L-x-e1668881983120-600x597.jpeg 600w, https:\/\/adeoliva.com\/wp-content\/uploads\/2022\/11\/AOVE-Adeoliva-Temprano-garrafa-2L-x-e1668881983120-100x100.jpeg 100w, https:\/\/adeoliva.com\/wp-content\/uploads\/2022\/11\/AOVE-Adeoliva-Temprano-garrafa-2L-x-e1668881983120.jpeg 700w\" sizes=\"(max-width: 300px) 100vw, 300px\" title=\"\"><h2 class=\"woocommerce-loop-product__title\">AOVE ADEOLIVA &#8211; Temprano Picual 2L (Cajas 1-8 Uds)<\/h2>\n\t<span class=\"price\">\t\t<span class=\"tiered-pricing-dynamic-price-wrapper tiered-pricing-dynamic-price-wrapper--variable\"\n\t\t\t  data-display-context=\"shop-loop\"\n\t\t\t  data-price-type=\"dynamic\"\n\t\t\t  data-product-id=\"13783\"\n\t\t\t  data-parent-id=\"13783\">\n\t\t\t<span class=\"woocommerce-Price-amount amount\" aria-hidden=\"true\"><bdi>35,50<span class=\"woocommerce-Price-currencySymbol\">&euro;<\/span><\/bdi><\/span> <span aria-hidden=\"true\">\u00a0\u2013\u00a0<\/span> <span class=\"woocommerce-Price-amount amount\" aria-hidden=\"true\"><bdi>235,95<span class=\"woocommerce-Price-currencySymbol\">&euro;<\/span><\/bdi><\/span><span class=\"screen-reader-text\">Plage de prix\u00a0: 35,50&euro; \u00e0 235,95&euro;<\/span> <small class=\"woocommerce-price-suffix\">IVA incluido<\/small><\/span><\/span>\n<\/a><div class=\"woocommerce-loop-product__buttons\"><a href=\"https:\/\/adeoliva.com\/aove-adeoliva-temprano-picual-2l\/\" aria-describedby=\"woocommerce_loop_add_to_cart_link_describedby_13783\" data-quantity=\"1\" class=\"button product_type_variable add_to_cart_button\" data-product_id=\"13783\" data-product_sku=\"211213783\" aria-label=\"S\u00e9lectionner les options pour &ldquo;AOVE ADEOLIVA - Temprano Picual 2L (Cajas 1-8 Uds)&rdquo;\" rel=\"nofollow\">Choix des options<\/a><\/div>\t<span id=\"woocommerce_loop_add_to_cart_link_describedby_13783\" class=\"screen-reader-text\">\n\t\tCe produit a plusieurs variations. Les options peuvent \u00eatre choisies sur la page du produit\t<\/span>\n<\/li>\n<li class=\"sales-flash-overlay woocommerce-text-align-center woocommerce-image-align-center do-quantity-buttons product type-product post-18937 status-publish first instock product_cat-primeur has-post-thumbnail sale featured taxable shipping-taxable purchasable product-type-variable has-default-attributes\">\n\t<a href=\"https:\/\/adeoliva.com\/fr\/aove-adeoliva-temprano-temprano-picual-500ml\/\" class=\"woocommerce-LoopProduct-link woocommerce-loop-product__link\">\n\t<span class=\"onsale\">Promo\u00a0!<\/span>\n\t<img loading=\"lazy\" decoding=\"async\" width=\"300\" height=\"300\" src=\"https:\/\/adeoliva.com\/wp-content\/uploads\/2024\/10\/AOVE-Adeoliva-Picual-500ml-300x300.jpg\" class=\"attachment-woocommerce_thumbnail size-woocommerce_thumbnail\" alt=\"AOVE Adeoliva Picual 500ml\" srcset=\"https:\/\/adeoliva.com\/wp-content\/uploads\/2024\/10\/AOVE-Adeoliva-Picual-500ml-300x300.jpg 300w, https:\/\/adeoliva.com\/wp-content\/uploads\/2024\/10\/AOVE-Adeoliva-Picual-500ml-150x150.jpg 150w, https:\/\/adeoliva.com\/wp-content\/uploads\/2024\/10\/AOVE-Adeoliva-Picual-500ml-768x768.jpg 768w, https:\/\/adeoliva.com\/wp-content\/uploads\/2024\/10\/AOVE-Adeoliva-Picual-500ml-600x600.jpg 600w, https:\/\/adeoliva.com\/wp-content\/uploads\/2024\/10\/AOVE-Adeoliva-Picual-500ml-100x100.jpg 100w, https:\/\/adeoliva.com\/wp-content\/uploads\/2024\/10\/AOVE-Adeoliva-Picual-500ml.jpg 800w\" sizes=\"(max-width: 300px) 100vw, 300px\" title=\"\"><h2 class=\"woocommerce-loop-product__title\">Nouveau Vintage 2025-26 ! Huile d&#8217;olive E.V. ADEOLIVA N\u00ba1 &#8211; Picual Primeur 500ml<\/h2>\n\t<span class=\"price\">\t\t<span class=\"tiered-pricing-dynamic-price-wrapper tiered-pricing-dynamic-price-wrapper--variable\"\n\t\t\t  data-display-context=\"shop-loop\"\n\t\t\t  data-price-type=\"dynamic\"\n\t\t\t  data-product-id=\"18937\"\n\t\t\t  data-parent-id=\"18937\">\n\t\t\t<span class=\"woocommerce-Price-amount amount\" aria-hidden=\"true\"><bdi>13,50<span class=\"woocommerce-Price-currencySymbol\">&euro;<\/span><\/bdi><\/span> <span aria-hidden=\"true\">\u00a0\u2013\u00a0<\/span> <span class=\"woocommerce-Price-amount amount\" aria-hidden=\"true\"><bdi>65,95<span class=\"woocommerce-Price-currencySymbol\">&euro;<\/span><\/bdi><\/span><span class=\"screen-reader-text\">Plage de prix\u00a0: 13,50&euro; \u00e0 65,95&euro;<\/span> <small class=\"woocommerce-price-suffix\">IVA incluido<\/small><\/span><\/span>\n<\/a><div class=\"woocommerce-loop-product__buttons\"><a href=\"https:\/\/adeoliva.com\/fr\/aove-adeoliva-temprano-temprano-picual-500ml\/\" aria-describedby=\"woocommerce_loop_add_to_cart_link_describedby_18937\" data-quantity=\"1\" class=\"button product_type_variable add_to_cart_button\" data-product_id=\"18937\" data-product_sku=\"211213523\" aria-label=\"S\u00e9lectionner les options pour &ldquo;Nouveau Vintage 2025-26 ! Huile d&#039;olive E.V. ADEOLIVA N\u00ba1 - Picual Primeur 500ml&rdquo;\" rel=\"nofollow\">Choix des options<\/a><\/div>\t<span id=\"woocommerce_loop_add_to_cart_link_describedby_18937\" class=\"screen-reader-text\">\n\t\tCe produit a plusieurs variations. Les options peuvent \u00eatre choisies sur la page du produit\t<\/span>\n<\/li>\n<li class=\"sales-flash-overlay woocommerce-text-align-center woocommerce-image-align-center do-quantity-buttons product type-product post-23683 status-publish instock product_cat-traditionnel has-post-thumbnail sale taxable shipping-taxable purchasable product-type-simple\">\n\t<a href=\"https:\/\/adeoliva.com\/fr\/sabioliva-2l-box-8-uds-cooperative\/\" class=\"woocommerce-LoopProduct-link woocommerce-loop-product__link\">\n\t<span class=\"onsale\">Promo\u00a0!<\/span>\n\t<img loading=\"lazy\" decoding=\"async\" width=\"300\" height=\"300\" src=\"https:\/\/adeoliva.com\/wp-content\/uploads\/2023\/05\/garrafas-2L-aove-cooperativa-sabiote-300x300.jpg\" class=\"attachment-woocommerce_thumbnail size-woocommerce_thumbnail\" alt=\"Huile d&#039;Olive Extra Vierge Sabioliva 2L Picual (Bo\u00eete 8Uds)\" srcset=\"https:\/\/adeoliva.com\/wp-content\/uploads\/2023\/05\/garrafas-2L-aove-cooperativa-sabiote-300x300.jpg 300w, https:\/\/adeoliva.com\/wp-content\/uploads\/2023\/05\/garrafas-2L-aove-cooperativa-sabiote-150x150.jpg 150w, https:\/\/adeoliva.com\/wp-content\/uploads\/2023\/05\/garrafas-2L-aove-cooperativa-sabiote-100x100.jpg 100w, https:\/\/adeoliva.com\/wp-content\/uploads\/2023\/05\/garrafas-2L-aove-cooperativa-sabiote.jpg 501w\" sizes=\"(max-width: 300px) 100vw, 300px\" title=\"\"><h2 class=\"woocommerce-loop-product__title\">Huile d&#8217;Olive Extra Vierge Sabioliva 2L Picual (Bo\u00eete 8Uds)<\/h2>\n\t<span class=\"price\">\t\t<span class=\"tiered-pricing-dynamic-price-wrapper\"\n\t\t\t  data-display-context=\"shop-loop\"\n\t\t\t  data-price-type=\"dynamic\"\n\t\t\t  data-product-id=\"23683\"\n\t\t\t  data-parent-id=\"23683\">\n\t\t\tDesde <span class=\"woocommerce-Price-amount amount\"><bdi>115,90<span class=\"woocommerce-Price-currencySymbol\">&euro;<\/span><\/bdi><\/span> <small class=\"woocommerce-price-suffix\">IVA incluido<\/small><\/span><\/span>\n<\/a><div class=\"woocommerce-loop-product__buttons\"><a href=\"\/fr\/wp-json\/wp\/v2\/pages\/19026?add-to-cart=23683\" aria-describedby=\"woocommerce_loop_add_to_cart_link_describedby_23683\" data-quantity=\"1\" class=\"button product_type_simple add_to_cart_button ajax_add_to_cart\" data-product_id=\"23683\" data-product_sku=\"21126045\" aria-label=\"Ajouter au panier\u00a0: &ldquo;Huile d&#039;Olive Extra Vierge Sabioliva 2L Picual (Bo\u00eete 8Uds)&rdquo;\" rel=\"nofollow\" data-success_message=\"\u00ab\u00a0Huile d&#039;Olive Extra Vierge Sabioliva 2L Picual (Bo\u00eete 8Uds)\u00a0\u00bb a \u00e9t\u00e9 ajout\u00e9 \u00e0 votre panier\" role=\"button\">Ajouter au panier<\/a><\/div>\t<span id=\"woocommerce_loop_add_to_cart_link_describedby_23683\" class=\"screen-reader-text\">\n\t\t\t<\/span>\n<\/li>\n<\/ul>\n<\/div><\/div>\t\t\t\t<\/div>\n\t\t\t\t<\/div>\n\t\t\t\t<div class=\"elementor-element elementor-element-1d2b4e0 elementor-widget-divider--view-line elementor-widget elementor-widget-divider\" data-id=\"1d2b4e0\" data-element_type=\"widget\" data-widget_type=\"divider.default\">\n\t\t\t\t<div class=\"elementor-widget-container\">\n\t\t\t\t\t\t\t<div class=\"elementor-divider\">\n\t\t\t<span class=\"elementor-divider-separator\">\n\t\t\t\t\t\t<\/span>\n\t\t<\/div>\n\t\t\t\t\t\t<\/div>\n\t\t\t\t<\/div>\n\t\t\t\t<div class=\"elementor-element elementor-element-a0f35c7 elementor-widget elementor-widget-text-editor\" data-id=\"a0f35c7\" data-element_type=\"widget\" data-widget_type=\"text-editor.default\">\n\t\t\t\t<div class=\"elementor-widget-container\">\n\t\t\t\t\t\t\t\t\t<p style=\"font-size: 12px;\">* Nous exp\u00e9dions vers l&#8217;Europe Pour les commandes en dehors de l&#8217;Europe, <a href=\"http:\/\/www.adeoliva.com\/contacto\/\">Contactar<\/a>.<\/p>\n\t\t\t\t\t\t\t\t<\/div>\n\t\t\t\t<\/div>\n\t\t\t\t\t<\/div>\n\t\t<\/div>\n\t\t\t\t\t<\/div>\n\t\t<\/section>\n\t\t\t\t<\/div>\n\t\t","protected":false},"excerpt":{"rendered":"<p>Offres et R\u00e9ductions Descubre ahora nuestros Aceites de Oliva en promoci\u00f3n, con algunas de las mejores ofertas * Nous exp\u00e9dions vers l&#8217;Europe Pour les commandes en dehors de l&#8217;Europe, Contactar.<\/p>\n","protected":false},"author":1,"featured_media":0,"parent":18764,"menu_order":0,"comment_status":"closed","ping_status":"closed","template":"","meta":{"rank_math_lock_modified_date":false,"_joinchat":[],"footnotes":""},"class_list":["post-19026","page","type-page","status-publish"],"_links":{"self":[{"href":"https:\/\/adeoliva.com\/fr\/wp-json\/wp\/v2\/pages\/19026","targetHints":{"allow":["GET"]}}],"collection":[{"href":"https:\/\/adeoliva.com\/fr\/wp-json\/wp\/v2\/pages"}],"about":[{"href":"https:\/\/adeoliva.com\/fr\/wp-json\/wp\/v2\/types\/page"}],"author":[{"embeddable":true,"href":"https:\/\/adeoliva.com\/fr\/wp-json\/wp\/v2\/users\/1"}],"replies":[{"embeddable":true,"href":"https:\/\/adeoliva.com\/fr\/wp-json\/wp\/v2\/comments?post=19026"}],"version-history":[{"count":0,"href":"https:\/\/adeoliva.com\/fr\/wp-json\/wp\/v2\/pages\/19026\/revisions"}],"up":[{"embeddable":true,"href":"https:\/\/adeoliva.com\/fr\/wp-json\/wp\/v2\/pages\/18764"}],"wp:attachment":[{"href":"https:\/\/adeoliva.com\/fr\/wp-json\/wp\/v2\/media?parent=19026"}],"curies":[{"name":"wp","href":"https:\/\/api.w.org\/{rel}","templated":true}]}}