{"id":13589,"date":"2022-11-10T17:45:03","date_gmt":"2022-11-10T17:45:03","guid":{"rendered":"https:\/\/adeoliva.com\/?post_type=product&#038;p=13589"},"modified":"2026-02-12T15:38:06","modified_gmt":"2026-02-12T15:38:06","slug":"aceite-oliva-ecologico-oleocampo-lata-1-litro-picual","status":"publish","type":"product","link":"https:\/\/adeoliva.com\/aceite-oliva-ecologico-oleocampo-lata-1-litro-picual\/","title":{"rendered":"Aceite de Oliva Ecol\u00f3gico Oleocampo Lata 1L Picual"},"content":{"rendered":"<p><img decoding=\"async\" class=\"emoji\" role=\"img\" src=\"https:\/\/s.w.org\/images\/core\/emoji\/13.0.0\/svg\/1fad2.svg\" alt=\"\ud83e\uded2\" title=\"\">\u00a0CATA<\/p>\n<p>Se trata de un exquisito Aceite de oliva virgen extra ecol\u00f3gico de variedad picual frutado con ligero amargor y picante por su recolecci\u00f3n temprana. Su equilibrada composici\u00f3n deriva en un sabor inigualable.<\/p>\n<p><img decoding=\"async\" class=\"emoji\" role=\"img\" src=\"https:\/\/s.w.org\/images\/core\/emoji\/13.0.0\/svg\/1fad2.svg\" alt=\"\ud83e\uded2\" title=\"\">\u00a0MARIDAJE<\/p>\n<p>Nos encontramos con un Aceite de Oliva Virgen Extra que combina a la perfecci\u00f3n con pescados como el salm\u00f3n y la sepia. Adem\u00e1s, carnes como el jam\u00f3n y el entrecot adquieren un sabor \u00fanico con un toque de este AOVE.<\/p>\n<p><img decoding=\"async\" class=\"emoji\" role=\"img\" src=\"https:\/\/s.w.org\/images\/core\/emoji\/13.0.0\/svg\/1fad2.svg\" alt=\"\ud83e\uded2\" title=\"\"> AOVE ECOL\u00d3GICO PREMIUM<\/p>\n<p>Elaborado con las aceitunas m\u00e1s verdes y frescas de la variedad picual, seleccionadas minuciosamente por expertos. Estas aceitunas proceden de los olivares ecol\u00f3gicos de los extensos campos de olivos de la Campi\u00f1a Sur de Ja\u00e9n, principal zona productora de aceite de oliva en el mundo.<\/p>\n<p><span style=\"color: #808000;\"><strong><a style=\"color: #808000;\" href=\"https:\/\/adeoliva.com\/wp-content\/uploads\/2022\/11\/Certif-produccion-ecologica-0134-I-CC-91.jpg\">Ver certificado de producci\u00f3n ecol\u00f3gica<\/a><\/strong><\/span><\/p>\n<p>Su alto contenido en antioxidantes naturales y Vitamina E, le aportan una gran estabilidad y unas propiedades saludables inigualables.<\/p>\n","protected":false},"excerpt":{"rendered":"<ul style=\"border: 0px; margin: 0px 0px 1.5em 3em; padding: 0px; color: #0a0a0a; font-family: Roboto, sans-serif; font-size: 19px;\">\n<li>Aceite de Oliva Virgen Extra Ecol\u00f3gico<\/li>\n<li>Cosecha 25\/26<\/li>\n<li>Variedad: Picual<\/li>\n<li>Zona: Torredelcampo (Ja\u00e9n)<\/li>\n<li>Env\u00edo 24\/72 h.<\/li>\n<\/ul>\n","protected":false},"featured_media":13591,"template":"","meta":{"rank_math_lock_modified_date":false,"pack_references":"","_joinchat":[]},"product_brand":[],"product_cat":[1092],"product_tag":[],"class_list":{"0":"post-13589","1":"product","2":"type-product","3":"status-publish","4":"has-post-thumbnail","6":"product_cat-ecologico","7":"sales-flash-overlay","8":"woocommerce-text-align-center","9":"woocommerce-image-align-center","10":"do-quantity-buttons","12":"first","13":"instock","14":"taxable","15":"shipping-taxable","16":"purchasable","17":"product-type-simple"},"tiered_pricing_type":"fixed","tiered_pricing_fixed_rules":{"3":"25.90","6":"23.90"},"tiered_pricing_product_settings":{"layout":"default","base_unit_name":{"singular":null,"plural":null},"default_variation":null},"tiered_pricing_minimum_quantity":null,"tiered_pricing_roles_data":[],"tiered_pricing_percentage_rules":[],"tiered_pricing_maximum_quantity":null,"tiered_pricing_quantity_step":null,"_links":{"self":[{"href":"https:\/\/adeoliva.com\/fr\/wp-json\/wp\/v2\/product\/13589","targetHints":{"allow":["GET"]}}],"collection":[{"href":"https:\/\/adeoliva.com\/fr\/wp-json\/wp\/v2\/product"}],"about":[{"href":"https:\/\/adeoliva.com\/fr\/wp-json\/wp\/v2\/types\/product"}],"version-history":[{"count":2,"href":"https:\/\/adeoliva.com\/fr\/wp-json\/wp\/v2\/product\/13589\/revisions"}],"predecessor-version":[{"id":29298,"href":"https:\/\/adeoliva.com\/fr\/wp-json\/wp\/v2\/product\/13589\/revisions\/29298"}],"wp:featuredmedia":[{"embeddable":true,"href":"https:\/\/adeoliva.com\/fr\/wp-json\/wp\/v2\/media\/13591"}],"wp:attachment":[{"href":"https:\/\/adeoliva.com\/fr\/wp-json\/wp\/v2\/media?parent=13589"}],"wp:term":[{"taxonomy":"product_brand","embeddable":true,"href":"https:\/\/adeoliva.com\/fr\/wp-json\/wp\/v2\/product_brand?post=13589"},{"taxonomy":"product_cat","embeddable":true,"href":"https:\/\/adeoliva.com\/fr\/wp-json\/wp\/v2\/product_cat?post=13589"},{"taxonomy":"product_tag","embeddable":true,"href":"https:\/\/adeoliva.com\/fr\/wp-json\/wp\/v2\/product_tag?post=13589"}],"curies":[{"name":"wp","href":"https:\/\/api.w.org\/{rel}","templated":true}]}}