{"id":14889,"date":"2023-02-03T15:52:22","date_gmt":"2023-02-03T15:52:22","guid":{"rendered":"https:\/\/adeoliva.com\/?post_type=product&#038;p=14889"},"modified":"2025-10-14T19:51:38","modified_gmt":"2025-10-14T19:51:38","slug":"aove-puerta-villas-100ml-200ml-bodas-eventos","status":"publish","type":"product","link":"https:\/\/adeoliva.com\/aove-puerta-villas-100ml-200ml-bodas-eventos\/","title":{"rendered":"AOVE Puerta de las Villas 100ml \u00f3 200ml para eventos"},"content":{"rendered":"<p><strong>Opci\u00f3n 1<\/strong>: Caja de 24 botellas de cristal de 100 ml con AOVE verde Temprano Puerta de Las Villas. Ideal para regalar y como detalle en celebraciones y bodas. <span style=\"color: #ff0000;\">(SIN STOCK)<\/span><\/p>\n<p><strong>Opci\u00f3n 2<\/strong>: Caja de 18 botellas de cristal de 200 ml con AOVE verde Temprano Puerta de Las Villas. Ideal para regalar y como detalle eventos.<\/p>\n<p><img decoding=\"async\" class=\"emoji\" role=\"img\" src=\"https:\/\/s.w.org\/images\/core\/emoji\/13.0.0\/svg\/1fad2.svg\" alt=\"\ud83e\uded2\" title=\"\">\u00a0CATA<\/p>\n<p>Potente en nariz y muy arom\u00e1tico. Entrada fluida en boca con la aparici\u00f3n de notas herb\u00e1ceas. Amarga desde el inicio, qued\u00e1ndose persistente. Despu\u00e9s aparece el picante para ensamblarse los dos. Frutado persistente en boca.<\/p>\n<p><img decoding=\"async\" class=\"emoji\" role=\"img\" src=\"https:\/\/s.w.org\/images\/core\/emoji\/13.0.0\/svg\/1fad2.svg\" alt=\"\ud83e\uded2\" title=\"\"> PERSONALIZACI\u00d3N<\/p>\n<p style=\"padding: 0px; margin: 0px 0px 10px; color: #3d3737;\"><span style=\"padding: 0px; margin: 0px;\">Uno de nuestros<\/span><span style=\"padding: 0px; margin: 0px; font-weight: bold;\"> AOVEs estrella <\/span>\u00a0exhibido en un elegante y agradable envase de cristal transparente que nos deja ver el color verde intenso como reconocimiento de una <strong>temprana recolecci\u00f3n<\/strong>.<\/p>\n<p style=\"padding: 0px; margin: 0px; color: #3d3737;\">Son innumerables las ocasiones en las que encajan perfectamente estos peque\u00f1os y bonitos envases, <strong>ideales para obsequiar en celebraciones y eventos <\/strong>como bodas, bautizos, comuniones, etc.<\/p>\n<p>&nbsp;<\/p>\n<p style=\"padding: 0px; margin: 0px; color: #3d3737;\">Personalizamos los frasquitos mediante una tarjeta al cuello de la botella.<\/p>\n<p>&nbsp;<\/p>\n<p>Si tienes cualquier duda cont\u00e1ctanos a trav\u00e9s de nuestro Whatsapp o <a href=\"https:\/\/adeoliva.com\/contacto\/\">formulario de contacto.<\/a><\/p>\n","protected":false},"excerpt":{"rendered":"<ul>\n<li><strong><span style=\"color: #ff0000;\">Env\u00edo gratis<\/span><\/strong><\/li>\n<li><strong>Cosecha 22\/23.<\/strong><\/li>\n<li>Opci\u00f3n de frascos de 100ml (caja de 24 unidades).<\/li>\n<li>Opci\u00f3n de frascos de 200ml (caja de 18 unidades).<\/li>\n<li><strong>Variedad:<\/strong> Picual<\/li>\n<li>Zona: Mog\u00f3n (Ja\u00e9n).<\/li>\n<li><span style=\"text-decoration: underline;\"><strong>Personalizaci\u00f3n<\/strong><\/span>: Tarjeta colgante completamente personalizable para eventos. Una vez realizado el pedido, contactamos contigo para ofrecerte 3 dise\u00f1os o si prefieres, podemos hacerlo con tu propio dise\u00f1o.<\/li>\n<\/ul>\n","protected":false},"featured_media":14896,"template":"","meta":{"rank_math_lock_modified_date":false,"pack_references":"","_joinchat":[]},"product_brand":[],"product_cat":[1091],"product_tag":[1099,1228],"class_list":{"0":"post-14889","1":"product","2":"type-product","3":"status-publish","4":"has-post-thumbnail","6":"product_cat-temprano","7":"product_tag-pack","8":"product_tag-regalo","9":"sales-flash-overlay","10":"woocommerce-text-align-center","11":"woocommerce-image-align-center","12":"do-quantity-buttons","14":"first","15":"outofstock","16":"taxable","17":"shipping-taxable","18":"product-type-variable","19":"has-default-attributes"},"tiered_pricing_type":"fixed","tiered_pricing_fixed_rules":[],"tiered_pricing_product_settings":{"layout":"default","base_unit_name":{"singular":null,"plural":null},"default_variation":null},"tiered_pricing_minimum_quantity":null,"tiered_pricing_roles_data":[],"tiered_pricing_percentage_rules":[],"tiered_pricing_maximum_quantity":null,"tiered_pricing_quantity_step":null,"_links":{"self":[{"href":"https:\/\/adeoliva.com\/fr\/wp-json\/wp\/v2\/product\/14889","targetHints":{"allow":["GET"]}}],"collection":[{"href":"https:\/\/adeoliva.com\/fr\/wp-json\/wp\/v2\/product"}],"about":[{"href":"https:\/\/adeoliva.com\/fr\/wp-json\/wp\/v2\/types\/product"}],"version-history":[{"count":0,"href":"https:\/\/adeoliva.com\/fr\/wp-json\/wp\/v2\/product\/14889\/revisions"}],"wp:featuredmedia":[{"embeddable":true,"href":"https:\/\/adeoliva.com\/fr\/wp-json\/wp\/v2\/media\/14896"}],"wp:attachment":[{"href":"https:\/\/adeoliva.com\/fr\/wp-json\/wp\/v2\/media?parent=14889"}],"wp:term":[{"taxonomy":"product_brand","embeddable":true,"href":"https:\/\/adeoliva.com\/fr\/wp-json\/wp\/v2\/product_brand?post=14889"},{"taxonomy":"product_cat","embeddable":true,"href":"https:\/\/adeoliva.com\/fr\/wp-json\/wp\/v2\/product_cat?post=14889"},{"taxonomy":"product_tag","embeddable":true,"href":"https:\/\/adeoliva.com\/fr\/wp-json\/wp\/v2\/product_tag?post=14889"}],"curies":[{"name":"wp","href":"https:\/\/api.w.org\/{rel}","templated":true}]}}