{"id":18763,"date":"2021-01-31T20:17:27","date_gmt":"2021-01-31T20:17:27","guid":{"rendered":"https:\/\/adeoliva.com\/comprar-aceite-de-oliva\/non%20class\u00e9\/huile-d-olive-extra-vierge-boite-3-pet-5l-lara\/"},"modified":"2026-01-09T17:42:03","modified_gmt":"2026-01-09T17:42:03","slug":"huile-d-olive-extra-vierge-boite-3-pet-5l-lara","status":"publish","type":"product","link":"https:\/\/adeoliva.com\/fr\/huile-d-olive-extra-vierge-boite-3-pet-5l-lara\/","title":{"rendered":"Huile d&#8217;Olive Lara 5L Picual (Bo\u00eete 3 unit\u00e9s)"},"content":{"rendered":"<p><img decoding=\"async\" class=\"emoji\" role=\"img\" src=\"https:\/\/s.w.org\/images\/core\/emoji\/13.0.0\/svg\/1fad2.svg\" alt=\"\ud83e\uded2\" title=\"\"> D\u00c9GUSTATION<\/p>\n<p>Cette huile de la r\u00e9gion de Los Cerros de \u00dabeda de la vari\u00e9t\u00e9 picual a une <strong>saveur douce avec certaines notes am\u00e8res et \u00e9pic\u00e9es<\/strong>. Il s&#8217;agit de l&#8217;une des vari\u00e9t\u00e9s les plus stables et la plus riche en acide ol\u00e9ique de toutes celles connues, ce qui lui conf\u00e8re sa noblesse et sa saveur. C&#8217;est pr\u00e9cis\u00e9ment sa stabilit\u00e9 qui la rend tr\u00e8s r\u00e9sistante au rancissement.<\/p>\n<p>&nbsp;<\/p>\n<p><img decoding=\"async\" class=\"emoji\" role=\"img\" src=\"https:\/\/s.w.org\/images\/core\/emoji\/13.0.0\/svg\/1fad2.svg\" alt=\"\ud83e\uded2\" title=\"\"> Pairing<\/p>\n<p>La couleur et la saveur de cet huile d&#8217;olive extra vierge sont obtenues en le conservant \u00e0 l&#8217;abri de la lumi\u00e8re le plus longtemps possible avant sa consommation. Gr\u00e2ce \u00e0 cette technique, nous pr\u00e9servons mieux leurs propri\u00e9t Ce ne serait pas le cas si les circuits de distribution \u00e9taient longs et si le produit \u00e9tait emball\u00e9 pr\u00e9matur\u00e9ment.<\/p>\n<p>Recommand\u00e9 pour un usage quotidien dans notre cuisine pour assaisonner, frire, conserver ou confire. Id\u00e9ale pour la cuisine et les pr\u00e9parations o\u00f9 la saveur de l&#8217;huile se distingue par sa pr\u00e9sence. Son rendement est beaucoup plus \u00e9lev\u00e9 que celui des autres graisses v\u00e9g\u00e9tales, \u00e0 chaud ou \u00e0 froid, car il en faut moins en raison de l&#8217;intensit\u00e9 de son ar\u00f4me \u00e0 l&#8217;\u00e9tat cru et elle augmente de volume \u00e0 chaud, ce qui pr\u00e9serve ses propri\u00e9t\u00e9s di\u00e9t\u00e9tiques mieux que les autres graisses.<\/p>\n<p><img fetchpriority=\"high\" decoding=\"async\" class=\"wp-image-6975 aligncenter\" src=\"https:\/\/adeoliva.com\/wp-content\/uploads\/2021\/01\/aceite-de-cooperativa.jpg\" alt=\"\" width=\"308\" height=\"206\" title=\"\" srcset=\"https:\/\/adeoliva.com\/wp-content\/uploads\/2021\/01\/aceite-de-cooperativa.jpg 500w, https:\/\/adeoliva.com\/wp-content\/uploads\/2021\/01\/aceite-de-cooperativa-300x200.jpg 300w\" sizes=\"(max-width: 308px) 100vw, 308px\" \/><\/p>\n<p>&nbsp;<\/p>\n<p>&nbsp;<\/p>\n","protected":false},"excerpt":{"rendered":"<ul>\n<li>Huile d&#8217;Olive Extra Vierge Lara 5L<\/li>\n<li>R\u00e9colte 24\/25<\/li>\n<li>Vari\u00e9t\u00e9: Picual<\/li>\n<li>Zone : Los Cerros de \u00dabeda (Ja\u00e9n)<\/li>\n<li>Exp\u00e9dition : 48-72 heures<\/li>\n<\/ul>\n<p>&nbsp;<\/p>\n","protected":false},"featured_media":29718,"template":"","meta":{"rank_math_lock_modified_date":false,"pack_references":"","_joinchat":[]},"product_brand":[],"product_cat":[1332],"product_tag":[1429],"class_list":{"0":"post-18763","1":"product","2":"type-product","3":"status-publish","4":"has-post-thumbnail","6":"product_cat-traditionnel","7":"product_tag-facultatif","8":"sales-flash-overlay","9":"woocommerce-text-align-center","10":"woocommerce-image-align-center","11":"do-quantity-buttons","13":"first","14":"instock","15":"taxable","16":"shipping-taxable","17":"purchasable","18":"product-type-simple"},"tiered_pricing_type":"fixed","tiered_pricing_fixed_rules":{"2":"85.9","3":"82.9","5":"79.9"},"tiered_pricing_product_settings":{"layout":"default","base_unit_name":{"singular":null,"plural":null},"default_variation":null},"tiered_pricing_minimum_quantity":null,"tiered_pricing_roles_data":[],"tiered_pricing_percentage_rules":[],"tiered_pricing_maximum_quantity":null,"tiered_pricing_quantity_step":null,"_links":{"self":[{"href":"https:\/\/adeoliva.com\/fr\/wp-json\/wp\/v2\/product\/18763","targetHints":{"allow":["GET"]}}],"collection":[{"href":"https:\/\/adeoliva.com\/fr\/wp-json\/wp\/v2\/product"}],"about":[{"href":"https:\/\/adeoliva.com\/fr\/wp-json\/wp\/v2\/types\/product"}],"version-history":[{"count":2,"href":"https:\/\/adeoliva.com\/fr\/wp-json\/wp\/v2\/product\/18763\/revisions"}],"predecessor-version":[{"id":29007,"href":"https:\/\/adeoliva.com\/fr\/wp-json\/wp\/v2\/product\/18763\/revisions\/29007"}],"wp:featuredmedia":[{"embeddable":true,"href":"https:\/\/adeoliva.com\/fr\/wp-json\/wp\/v2\/media\/29718"}],"wp:attachment":[{"href":"https:\/\/adeoliva.com\/fr\/wp-json\/wp\/v2\/media?parent=18763"}],"wp:term":[{"taxonomy":"product_brand","embeddable":true,"href":"https:\/\/adeoliva.com\/fr\/wp-json\/wp\/v2\/product_brand?post=18763"},{"taxonomy":"product_cat","embeddable":true,"href":"https:\/\/adeoliva.com\/fr\/wp-json\/wp\/v2\/product_cat?post=18763"},{"taxonomy":"product_tag","embeddable":true,"href":"https:\/\/adeoliva.com\/fr\/wp-json\/wp\/v2\/product_tag?post=18763"}],"curies":[{"name":"wp","href":"https:\/\/api.w.org\/{rel}","templated":true}]}}