{"id":18806,"date":"2022-03-12T14:09:10","date_gmt":"2022-03-12T14:09:10","guid":{"rendered":"https:\/\/adeoliva.com\/comprar-aceite-de-oliva\/non%20class\u00e9\/huile-d-olive-extra-vierge-lara-picual-1-litre-boite-15u-espagne\/"},"modified":"2025-08-26T07:42:34","modified_gmt":"2025-08-26T07:42:34","slug":"huile-d-olive-extra-vierge-lara-picual-1-litre-boite-15u-espagne","status":"publish","type":"product","link":"https:\/\/adeoliva.com\/fr\/huile-d-olive-extra-vierge-lara-picual-1-litre-boite-15u-espagne\/","title":{"rendered":"Huile d&#8217;Olive Extra Vierge Lara &#8211; Picual 1L (Bo\u00eete 15Uds)"},"content":{"rendered":"<p><img decoding=\"async\" class=\"emoji\" role=\"img\" src=\"https:\/\/s.w.org\/images\/core\/emoji\/13.0.0\/svg\/1fad2.svg\" alt=\"\ud83e\uded2\" title=\"\"> D\u00e9gustation<\/p>\n<p>Cette huile d&#8217;olive de la vari\u00e9t\u00e9 picual a une saveur caract\u00e9ris\u00e9e par un <strong>go\u00fbt moyennement amer et \u00e9pic\u00e9<\/strong>. C&#8217;est l&#8217;une des vari\u00e9t\u00e9s les plus stables et la plus riche en acide ol\u00e9ique de toutes les vari\u00e9t\u00e9s connues, ce qui lui donne de la noblesse et de la saveur. C&#8217;est pr\u00e9cis\u00e9ment sa stabilit\u00e9 qui le rend tr\u00e8s r\u00e9sistant \u00e0 la rar\u00e9faction.<\/p>\n<p>&nbsp;<\/p>\n<p><img decoding=\"async\" class=\"emoji\" role=\"img\" src=\"https:\/\/s.w.org\/images\/core\/emoji\/13.0.0\/svg\/1fad2.svg\" alt=\"\ud83e\uded2\" title=\"\"> Pairing<\/p>\n<p>Recommand\u00e9 pour un usage quotidien dans notre cuisine pour assaisonner, frire, conserver ou confire. Id\u00e9ale pour la cuisine et les pr\u00e9parations o\u00f9 la saveur de l&#8217;huile se distingue par sa pr\u00e9sence. Son rendement est beaucoup plus \u00e9lev\u00e9 que celui des autres graisses v\u00e9g\u00e9tales, \u00e0 chaud ou \u00e0 froid, car il en faut moins en raison de l&#8217;intensit\u00e9 de son ar\u00f4me \u00e0 l&#8217;\u00e9tat cru et elle augmente de volume \u00e0 chaud, ce qui pr\u00e9serve ses propri\u00e9t\u00e9s di\u00e9t\u00e9tiques mieux que les autres graisses.<\/p>\n<p><img fetchpriority=\"high\" decoding=\"async\" class=\"wp-image-6975 aligncenter\" src=\"https:\/\/adeoliva.com\/wp-content\/uploads\/2021\/01\/aceite-de-cooperativa.jpg\" alt=\"\" width=\"308\" height=\"206\" title=\"\" srcset=\"https:\/\/adeoliva.com\/wp-content\/uploads\/2021\/01\/aceite-de-cooperativa.jpg 500w, https:\/\/adeoliva.com\/wp-content\/uploads\/2021\/01\/aceite-de-cooperativa-300x200.jpg 300w\" sizes=\"(max-width: 308px) 100vw, 308px\" \/><\/p>\n","protected":false},"excerpt":{"rendered":"<ul type=\"disc\">\n<li>Huile d&#8217;Olive Extra Vierge<\/li>\n<li>Bo\u00eete de 15 bouteilles PET de 1L<\/li>\n<li>R\u00e9colte 24\/25<\/li>\n<li>Vari\u00e9t\u00e9: Picual<\/li>\n<li>Zone: Los Cerros de \u00dabeda (Ja\u00e9n) ESPAGNE<\/li>\n<li>Livraison 3\/5 jours<\/li>\n<\/ul>\n<p>&nbsp;<\/p>\n","protected":false},"featured_media":18316,"template":"","meta":{"rank_math_lock_modified_date":false,"pack_references":"","_joinchat":[]},"product_brand":[],"product_cat":[1332],"product_tag":[],"class_list":{"0":"post-18806","1":"product","2":"type-product","3":"status-publish","4":"has-post-thumbnail","6":"product_cat-traditionnel","7":"sales-flash-overlay","8":"woocommerce-text-align-center","9":"woocommerce-image-align-center","10":"do-quantity-buttons","12":"first","13":"instock","14":"taxable","15":"shipping-taxable","16":"purchasable","17":"product-type-simple"},"tiered_pricing_type":"fixed","tiered_pricing_fixed_rules":{"2":"85.90","5":"82.90"},"tiered_pricing_product_settings":{"layout":"default","base_unit_name":{"singular":null,"plural":null},"default_variation":null},"tiered_pricing_minimum_quantity":null,"tiered_pricing_roles_data":[],"tiered_pricing_percentage_rules":[],"tiered_pricing_maximum_quantity":null,"tiered_pricing_quantity_step":null,"_links":{"self":[{"href":"https:\/\/adeoliva.com\/fr\/wp-json\/wp\/v2\/product\/18806","targetHints":{"allow":["GET"]}}],"collection":[{"href":"https:\/\/adeoliva.com\/fr\/wp-json\/wp\/v2\/product"}],"about":[{"href":"https:\/\/adeoliva.com\/fr\/wp-json\/wp\/v2\/types\/product"}],"version-history":[{"count":0,"href":"https:\/\/adeoliva.com\/fr\/wp-json\/wp\/v2\/product\/18806\/revisions"}],"wp:featuredmedia":[{"embeddable":true,"href":"https:\/\/adeoliva.com\/fr\/wp-json\/wp\/v2\/media\/18316"}],"wp:attachment":[{"href":"https:\/\/adeoliva.com\/fr\/wp-json\/wp\/v2\/media?parent=18806"}],"wp:term":[{"taxonomy":"product_brand","embeddable":true,"href":"https:\/\/adeoliva.com\/fr\/wp-json\/wp\/v2\/product_brand?post=18806"},{"taxonomy":"product_cat","embeddable":true,"href":"https:\/\/adeoliva.com\/fr\/wp-json\/wp\/v2\/product_cat?post=18806"},{"taxonomy":"product_tag","embeddable":true,"href":"https:\/\/adeoliva.com\/fr\/wp-json\/wp\/v2\/product_tag?post=18806"}],"curies":[{"name":"wp","href":"https:\/\/api.w.org\/{rel}","templated":true}]}}