{"id":18927,"date":"2022-01-25T21:02:44","date_gmt":"2022-01-25T21:02:44","guid":{"rendered":"https:\/\/adeoliva.com\/comprar-aceite-de-oliva\/non%20class\u00e9\/essence-de-la-cuvette-sud-500ml-mariages-et-evenements\/"},"modified":"2025-09-08T21:29:11","modified_gmt":"2025-09-08T21:29:11","slug":"essence-de-la-cuvette-sud-500ml-mariages-et-evenements","status":"publish","type":"product","link":"https:\/\/adeoliva.com\/fr\/essence-de-la-cuvette-sud-500ml-mariages-et-evenements\/","title":{"rendered":"Huile d&#8217;olive V.E. Esencia del Sur jarrita 500ml Mariages et \u00e9v\u00e9nements (Bo\u00eete 12 unit\u00e9s)"},"content":{"rendered":"<p><img decoding=\"async\" class=\"emoji\" role=\"img\" src=\"https:\/\/s.w.org\/images\/core\/emoji\/13.0.0\/svg\/1fad2.svg\" alt=\"\ud83e\uded2\" title=\"\">  D\u00c9GUSTATION<\/p>\n<p>L&#8217;huile d&#8217;olive vierge extra vari\u00e9t\u00e9 picual se caract\u00e9rise par une touche am\u00e8re et \u00e9pic\u00e9e avec des ar\u00f4mes d&#8217;olive, de tomate et de figuier.<\/p>\n<p>&nbsp;<\/p>\n<p>&nbsp;<\/p>\n","protected":false},"excerpt":{"rendered":"<ul>\n<li><span style=\"color: #ff0000\"><strong>Exp\u00e9dition incluse.<\/strong><\/span><\/li>\n<li><strong>R\u00e9colte 24\/25.<\/strong><\/li>\n<li><strong>Vari\u00e9t\u00e9 :<\/strong> Picual<\/li>\n<li>Prix par bo\u00eete (12 unit\u00e9s).<\/li>\n<li>La personnalisation n&#8217;est pas disponible.<\/li>\n<\/ul>\n","protected":false},"featured_media":18293,"template":"","meta":{"rank_math_lock_modified_date":false,"pack_references":"","_joinchat":[]},"product_brand":[],"product_cat":[1332],"product_tag":[1355,1420],"class_list":{"0":"post-18927","1":"product","2":"type-product","3":"status-publish","4":"has-post-thumbnail","6":"product_cat-traditionnel","7":"product_tag-cadeau","8":"product_tag-mariages","9":"sales-flash-overlay","10":"woocommerce-text-align-center","11":"woocommerce-image-align-center","12":"do-quantity-buttons","14":"first","15":"instock","16":"taxable","17":"shipping-taxable","18":"purchasable","19":"product-type-simple"},"tiered_pricing_type":"fixed","tiered_pricing_fixed_rules":{"2":"83.5","3":"81","5":"77.5"},"tiered_pricing_product_settings":{"layout":"default","base_unit_name":{"singular":null,"plural":null},"default_variation":null},"tiered_pricing_minimum_quantity":null,"tiered_pricing_roles_data":[],"tiered_pricing_percentage_rules":[],"tiered_pricing_maximum_quantity":null,"tiered_pricing_quantity_step":null,"_links":{"self":[{"href":"https:\/\/adeoliva.com\/fr\/wp-json\/wp\/v2\/product\/18927","targetHints":{"allow":["GET"]}}],"collection":[{"href":"https:\/\/adeoliva.com\/fr\/wp-json\/wp\/v2\/product"}],"about":[{"href":"https:\/\/adeoliva.com\/fr\/wp-json\/wp\/v2\/types\/product"}],"version-history":[{"count":0,"href":"https:\/\/adeoliva.com\/fr\/wp-json\/wp\/v2\/product\/18927\/revisions"}],"wp:featuredmedia":[{"embeddable":true,"href":"https:\/\/adeoliva.com\/fr\/wp-json\/wp\/v2\/media\/18293"}],"wp:attachment":[{"href":"https:\/\/adeoliva.com\/fr\/wp-json\/wp\/v2\/media?parent=18927"}],"wp:term":[{"taxonomy":"product_brand","embeddable":true,"href":"https:\/\/adeoliva.com\/fr\/wp-json\/wp\/v2\/product_brand?post=18927"},{"taxonomy":"product_cat","embeddable":true,"href":"https:\/\/adeoliva.com\/fr\/wp-json\/wp\/v2\/product_cat?post=18927"},{"taxonomy":"product_tag","embeddable":true,"href":"https:\/\/adeoliva.com\/fr\/wp-json\/wp\/v2\/product_tag?post=18927"}],"curies":[{"name":"wp","href":"https:\/\/api.w.org\/{rel}","templated":true}]}}