{"id":18929,"date":"2023-02-09T23:15:55","date_gmt":"2023-02-09T23:15:55","guid":{"rendered":"https:\/\/adeoliva.com\/comprar-aceite-de-oliva\/non%20class\u00e9\/huile-dolive-vierge-extra-olive-la-misericordia-5l-cooperativa-picual-box-3uds\/"},"modified":"2025-07-01T19:26:35","modified_gmt":"2025-07-01T19:26:35","slug":"huile-d-olive-extra-vierge-misericordia-5-litres-cooperativa-picual-bite-3uds","status":"publish","type":"product","link":"https:\/\/adeoliva.com\/fr\/huile-d-olive-extra-vierge-misericordia-5-litres-cooperativa-picual-bite-3uds\/","title":{"rendered":"Huile d&#8217;Olive Extra Vierge LA MISERICORDIA 5L Picual (Bo\u00eete 3Uds)"},"content":{"rendered":"<p>\ud83e\uded2 D\u00c9GUSTATION EVOO traditionnelle et intense, Saveur intense en bouche, accompagn\u00e9e d&#8217;un piquant et d&#8217;une amertume \u00e9quilibr\u00e9s d&#8217;intensit\u00e9 moyenne. \ud83e\uded2 PAIRATION ALIMENTAIRE Recommand\u00e9e pour les saut\u00e9s, les cuissons moyennes et les fritures. Id\u00e9ale avec les \u0153ufs au plat, comme base pour les rago\u00fbts et les plats mijot\u00e9s avec une abondance de l\u00e9gumes.<\/p>\n<p><img fetchpriority=\"high\" decoding=\"async\" class=\"wp-image-14967 aligncenter\" src=\"https:\/\/adeoliva.com\/wp-content\/uploads\/2023\/02\/huevos-fritos.jpg\" alt=\"oeufs-au-plat-huile-olive\" width=\"393\" height=\"262\" title=\"\" srcset=\"https:\/\/adeoliva.com\/wp-content\/uploads\/2023\/02\/huevos-fritos.jpg 640w, https:\/\/adeoliva.com\/wp-content\/uploads\/2023\/02\/huevos-fritos-300x200.jpg 300w, https:\/\/adeoliva.com\/wp-content\/uploads\/2023\/02\/huevos-fritos-600x399.jpg 600w\" sizes=\"(max-width: 393px) 100vw, 393px\" \/><\/p>\n<p>&nbsp;<\/p>\n","protected":false},"excerpt":{"rendered":"<ul>\n<li>Huile d&#8217;olive extra vierge traditionnelle 5L<\/li>\n<li>R\u00e9colte 24\/25<\/li>\n<li>Vari\u00e9t\u00e9: Picual<\/li>\n<li>Zone : Torreperogil (Ja\u00e9n) ESPAGNE<\/li>\n<li>Exp\u00e9dition : 3 &#8211; 5 jours<\/li>\n<\/ul>\n","protected":false},"featured_media":29731,"template":"","meta":{"rank_math_lock_modified_date":false,"pack_references":"","_joinchat":[]},"product_brand":[],"product_cat":[1332],"product_tag":[],"class_list":{"0":"post-18929","1":"product","2":"type-product","3":"status-publish","4":"has-post-thumbnail","6":"product_cat-traditionnel","7":"sales-flash-overlay","8":"woocommerce-text-align-center","9":"woocommerce-image-align-center","10":"do-quantity-buttons","12":"first","13":"instock","14":"featured","15":"taxable","16":"shipping-taxable","17":"purchasable","18":"product-type-simple"},"tiered_pricing_type":"fixed","tiered_pricing_fixed_rules":{"2":"95.95","3":"92.95","5":"89.95"},"tiered_pricing_product_settings":{"layout":"default","base_unit_name":{"singular":null,"plural":null},"default_variation":null},"tiered_pricing_minimum_quantity":null,"tiered_pricing_roles_data":[],"tiered_pricing_percentage_rules":[],"tiered_pricing_maximum_quantity":null,"tiered_pricing_quantity_step":null,"_links":{"self":[{"href":"https:\/\/adeoliva.com\/fr\/wp-json\/wp\/v2\/product\/18929","targetHints":{"allow":["GET"]}}],"collection":[{"href":"https:\/\/adeoliva.com\/fr\/wp-json\/wp\/v2\/product"}],"about":[{"href":"https:\/\/adeoliva.com\/fr\/wp-json\/wp\/v2\/types\/product"}],"version-history":[{"count":0,"href":"https:\/\/adeoliva.com\/fr\/wp-json\/wp\/v2\/product\/18929\/revisions"}],"wp:featuredmedia":[{"embeddable":true,"href":"https:\/\/adeoliva.com\/fr\/wp-json\/wp\/v2\/media\/29731"}],"wp:attachment":[{"href":"https:\/\/adeoliva.com\/fr\/wp-json\/wp\/v2\/media?parent=18929"}],"wp:term":[{"taxonomy":"product_brand","embeddable":true,"href":"https:\/\/adeoliva.com\/fr\/wp-json\/wp\/v2\/product_brand?post=18929"},{"taxonomy":"product_cat","embeddable":true,"href":"https:\/\/adeoliva.com\/fr\/wp-json\/wp\/v2\/product_cat?post=18929"},{"taxonomy":"product_tag","embeddable":true,"href":"https:\/\/adeoliva.com\/fr\/wp-json\/wp\/v2\/product_tag?post=18929"}],"curies":[{"name":"wp","href":"https:\/\/api.w.org\/{rel}","templated":true}]}}