{"id":18930,"date":"2022-05-08T16:59:56","date_gmt":"2022-05-08T16:59:56","guid":{"rendered":"https:\/\/adeoliva.com\/comprar-aceite-de-oliva\/non%20class\u00e9\/olive-olive-vierge-sabioliva-traditionnelle-huile-dolive-boite-3-uds-5l-co-operative\/"},"modified":"2025-07-01T19:35:55","modified_gmt":"2025-07-01T19:35:55","slug":"huile-d-olive-vierge-sabioliva-traditionnelle-5-litres-boite-3u-cooperative-espagne","status":"publish","type":"product","link":"https:\/\/adeoliva.com\/fr\/olive-olive-vierge-sabioliva-traditionnelle-huile-dolive-boite-3-uds-5l-co-operative\/","title":{"rendered":"Huile d&#8217;olive VIRGEN Sabioliva 5L Picual (Bo\u00eete 3Uds)"},"content":{"rendered":"<p>\ud83e\uded2 D\u00e9gustation<\/p>\n<p>Huile d&#8217;olive vierge intense avec un ar\u00f4me d&#8217;olive fra\u00eeche. Piquant et amertume \u00e9quilibr\u00e9s, faibles \u00e0 moyens. Une huile d&#8217;olive vierge <strong>tr\u00e8s douce en bouche<\/strong>.<\/p>\n<p>\ud83e\uded2 PAIRING ALIMENTAIRE<\/p>\n<p>Utilisation recommand\u00e9e pour les poissons frits et les l\u00e9gumes confits.<\/p>\n<p style=\"text-align: center;\"><img decoding=\"async\" class=\"wp-image-6902 aligncenter\" src=\"https:\/\/adeoliva.com\/wp-content\/uploads\/2021\/02\/Capturajj.jpg\" alt=\"\" width=\"217\" height=\"144\" title=\"\" srcset=\"https:\/\/adeoliva.com\/wp-content\/uploads\/2021\/02\/Capturajj.jpg 362w, https:\/\/adeoliva.com\/wp-content\/uploads\/2021\/02\/Capturajj-300x199.jpg 300w\" sizes=\"(max-width: 217px) 100vw, 217px\" \/><em>Tortillas aux crevettes<\/em><\/p>\n","protected":false},"excerpt":{"rendered":"<ul>\n<li>Huile d&#8217;olive vierge traditionnelle Sabioliva 5L<\/li>\n<li>Bo\u00eete de 3 unit\u00e9s<\/li>\n<li>R\u00e9colte 24\/25<\/li>\n<li>Vari\u00e9t\u00e9: Picual<\/li>\n<li>Zone : Sabiote (Ja\u00e9n) ESPAGNE<\/li>\n<li>Exp\u00e9dition : 3 &#8211; 5 jours<\/li>\n<\/ul>\n","protected":false},"featured_media":29726,"template":"","meta":{"rank_math_lock_modified_date":false,"pack_references":"","_joinchat":[]},"product_brand":[],"product_cat":[1332],"product_tag":[],"class_list":{"0":"post-18930","1":"product","2":"type-product","3":"status-publish","4":"has-post-thumbnail","6":"product_cat-traditionnel","7":"sales-flash-overlay","8":"woocommerce-text-align-center","9":"woocommerce-image-align-center","10":"do-quantity-buttons","12":"first","13":"instock","14":"featured","15":"taxable","16":"shipping-taxable","17":"purchasable","18":"product-type-simple"},"tiered_pricing_type":"fixed","tiered_pricing_fixed_rules":{"2":"94.9","3":"92.5","5":"88"},"tiered_pricing_product_settings":{"layout":"default","base_unit_name":{"singular":null,"plural":null},"default_variation":null},"tiered_pricing_minimum_quantity":null,"tiered_pricing_roles_data":[],"tiered_pricing_percentage_rules":[],"tiered_pricing_maximum_quantity":null,"tiered_pricing_quantity_step":null,"_links":{"self":[{"href":"https:\/\/adeoliva.com\/fr\/wp-json\/wp\/v2\/product\/18930","targetHints":{"allow":["GET"]}}],"collection":[{"href":"https:\/\/adeoliva.com\/fr\/wp-json\/wp\/v2\/product"}],"about":[{"href":"https:\/\/adeoliva.com\/fr\/wp-json\/wp\/v2\/types\/product"}],"version-history":[{"count":0,"href":"https:\/\/adeoliva.com\/fr\/wp-json\/wp\/v2\/product\/18930\/revisions"}],"wp:featuredmedia":[{"embeddable":true,"href":"https:\/\/adeoliva.com\/fr\/wp-json\/wp\/v2\/media\/29726"}],"wp:attachment":[{"href":"https:\/\/adeoliva.com\/fr\/wp-json\/wp\/v2\/media?parent=18930"}],"wp:term":[{"taxonomy":"product_brand","embeddable":true,"href":"https:\/\/adeoliva.com\/fr\/wp-json\/wp\/v2\/product_brand?post=18930"},{"taxonomy":"product_cat","embeddable":true,"href":"https:\/\/adeoliva.com\/fr\/wp-json\/wp\/v2\/product_cat?post=18930"},{"taxonomy":"product_tag","embeddable":true,"href":"https:\/\/adeoliva.com\/fr\/wp-json\/wp\/v2\/product_tag?post=18930"}],"curies":[{"name":"wp","href":"https:\/\/api.w.org\/{rel}","templated":true}]}}