{"id":18931,"date":"2022-12-30T16:18:08","date_gmt":"2022-12-30T16:18:08","guid":{"rendered":"https:\/\/adeoliva.com\/comprar-aceite-de-oliva\/non%20class\u00e9\/pack-3-aove-adeoliva-temprano-royal-picual-500ml\/"},"modified":"2026-01-07T20:28:39","modified_gmt":"2026-01-07T20:28:39","slug":"pack-3-huile-d-olive-adeoliva-premiere-royal-picual-500ml","status":"publish","type":"product","link":"https:\/\/adeoliva.com\/fr\/pack-3-huile-d-olive-adeoliva-premiere-royal-picual-500ml\/","title":{"rendered":"Pack 3 Huile d&#8217;Olive Extra Vierge ADEOLIVA &#8211; Royal &amp; Premi\u00e8re Picual 500ml"},"content":{"rendered":"<p><strong>S\u00e9lectionnez votre combinaison de bouteilles pour votre paquet cadeau de 3 huiles d&#8217;olive gourmet.<\/strong><\/p>\n<p>\ud83e\uded2 D\u00e9gustation<\/p>\n<p><strong>Royal Huile<\/strong>: Une Huile d&#8217;Olive Extra Vierge de r\u00e9colte Premi\u00e8re avec un fruit\u00e9 intense caract\u00e9ristique des huiles d&#8217;olives vertes. <strong>Amertume presque imperceptible et piquant moyen<\/strong>. Une combinaison d\u00e9licieuse pour une huile d&#8217;olive au go\u00fbt unique.<\/p>\n<p><strong>Huile Picual<\/strong>: Une Huile d&#8217;Olive Extra Vierge verte Premi\u00e8re aux ar\u00f4mes frais d&#8217;herbe, de tomate et de feuille d&#8217;olivier, avec des notes significatives d&#8217;amande et d&#8217;artichaut. En bouche, elle est tr\u00e8s \u00e9quilibr\u00e9e, avec une <strong>amertume moyenne \u00e0 faible et un piquant intense<\/strong>.<\/p>\n<p>La r\u00e9colte a \u00e9t\u00e9 effectu\u00e9e au mois d&#8217;octobre, aux premi\u00e8res heures du matin, de mani\u00e8re \u00e0 ce que la temp\u00e9rature de la r\u00e9colte et de la mouture ult\u00e9rieure soit inf\u00e9rieure \u00e0 20\u00baC.<\/p>\n","protected":false},"excerpt":{"rendered":"<ul>\n<li>Combinez votre paquet cadeau avec 3 bouteilles d&#8217;huile d&#8217;olive de premi\u00e8re qualit\u00e9.<\/li>\n<li>Combiner les bouteilles de Picual et de vari\u00e9t\u00e9 royale (500ml)<\/li>\n<li><strong>UNIT\u00c9S LIMIT\u00c9ES \u00c0 100<\/strong><strong>a<\/strong><\/li>\n<li>Nouvelle r\u00e9colte 23\/24<\/li>\n<li>Vari\u00e9t\u00e9 : Royal + Picual<\/li>\n<li>Zone : Sierra de Cazorla (Ja\u00e9n) ESPAGNE<\/li>\n<li>Exp\u00e9dition: 4 &#8211; 7 jours<\/li>\n<\/ul>\n<p style=\"margin: 0px 0px 10px;padding: 0px;color: #000000;font-family: LaguSans, Verdana, Arial, Helvetica;font-size: 17px\">\n","protected":false},"featured_media":29221,"template":"","meta":{"rank_math_lock_modified_date":false,"pack_references":"","_joinchat":[]},"product_brand":[],"product_cat":[1353,1352],"product_tag":[],"class_list":{"0":"post-18931","1":"product","2":"type-product","3":"status-publish","4":"has-post-thumbnail","6":"product_cat-biologique","7":"product_cat-primeur","8":"sales-flash-overlay","9":"woocommerce-text-align-center","10":"woocommerce-image-align-center","11":"do-quantity-buttons","13":"first","14":"instock","15":"featured","16":"taxable","17":"shipping-taxable","18":"purchasable","19":"product-type-variable"},"tiered_pricing_type":"fixed","tiered_pricing_fixed_rules":[],"tiered_pricing_product_settings":{"layout":"default","base_unit_name":{"singular":null,"plural":null},"default_variation":null},"tiered_pricing_minimum_quantity":null,"tiered_pricing_roles_data":[],"tiered_pricing_percentage_rules":[],"tiered_pricing_maximum_quantity":null,"tiered_pricing_quantity_step":null,"_links":{"self":[{"href":"https:\/\/adeoliva.com\/fr\/wp-json\/wp\/v2\/product\/18931","targetHints":{"allow":["GET"]}}],"collection":[{"href":"https:\/\/adeoliva.com\/fr\/wp-json\/wp\/v2\/product"}],"about":[{"href":"https:\/\/adeoliva.com\/fr\/wp-json\/wp\/v2\/types\/product"}],"version-history":[{"count":0,"href":"https:\/\/adeoliva.com\/fr\/wp-json\/wp\/v2\/product\/18931\/revisions"}],"wp:featuredmedia":[{"embeddable":true,"href":"https:\/\/adeoliva.com\/fr\/wp-json\/wp\/v2\/media\/29221"}],"wp:attachment":[{"href":"https:\/\/adeoliva.com\/fr\/wp-json\/wp\/v2\/media?parent=18931"}],"wp:term":[{"taxonomy":"product_brand","embeddable":true,"href":"https:\/\/adeoliva.com\/fr\/wp-json\/wp\/v2\/product_brand?post=18931"},{"taxonomy":"product_cat","embeddable":true,"href":"https:\/\/adeoliva.com\/fr\/wp-json\/wp\/v2\/product_cat?post=18931"},{"taxonomy":"product_tag","embeddable":true,"href":"https:\/\/adeoliva.com\/fr\/wp-json\/wp\/v2\/product_tag?post=18931"}],"curies":[{"name":"wp","href":"https:\/\/api.w.org\/{rel}","templated":true}]}}