{"id":18932,"date":"2022-02-14T21:05:15","date_gmt":"2022-02-14T21:05:15","guid":{"rendered":"https:\/\/adeoliva.com\/comprar-aceite-de-oliva\/non class\u00e9\/ioliva-precoce-250ml-mariages-et-communions\/"},"modified":"2025-08-12T17:32:43","modified_gmt":"2025-08-12T17:32:43","slug":"ioliva-precoce-250ml-mariages-et-communions","status":"publish","type":"product","link":"https:\/\/adeoliva.com\/fr\/productos\/ioliva-precoce-250ml-mariages-et-communions\/","title":{"rendered":"AOVE iOliva Early Harvest 250ml mariages et communions (Bo\u00eete 12Uds)"},"content":{"rendered":"<p><img decoding=\"async\" class=\"emoji\" role=\"img\" draggable=\"false\" src=\"https:\/\/s.w.org\/images\/core\/emoji\/13.0.0\/svg\/1fad2.svg\" alt=\"\ud83e\uded2\" title=\"\"> D\u00e9gustation<\/p>\n<p><strong>Hojiblanca<\/strong>: EVOO au go\u00fbt doux et fruit\u00e9. Notes d&#8217;amandes et tr\u00e8s l\u00e9ger piquant en bouche. Son ar\u00f4me nous rappelle l&#8217;entr\u00e9e dans un verger, avec ces notes de tomates vertes.<\/p>\n<p><img decoding=\"async\" class=\"emoji\" role=\"img\" draggable=\"false\" src=\"https:\/\/s.w.org\/images\/core\/emoji\/13.0.0\/svg\/1fad2.svg\" alt=\"\ud83e\uded2\" title=\"\">  PERSONNALISATION<\/p>\n<p>Nous personnalisons enti\u00e8rement les flacons iOliva : \u00e9tiquette frontale et\/ou carte sur le col du flacon, pour donner une touche sp\u00e9ciale \u00e0 votre mariage ou \u00e0 votre \u00e9v\u00e9nement.<\/p>\n<p>Si vous avez des questions, n&#8217;h\u00e9sitez pas \u00e0 nous contacter par Whatsapp ou en <a href=\"https:\/\/adeoliva.com\/fr\/contactez-nous\/\">remplissant le formulaire de contact<\/a>.<\/p>\n","protected":false},"excerpt":{"rendered":"<p>Huile d&#8217;olive vierge extra pr\u00e9coce en format cadeau pour les mariages, les bapt\u00eames, les communions et toutes sortes d&#8217;\u00e9v\u00e9nements.<\/p>\n<ul style=\"border: 0px; margin: 0px 0px 1.5em 3em; padding: 0px; list-style-position: initial; list-style-image: initial; box-sizing: border-box; color: #0a0a0a; font-family: Roboto, sans-serif; font-size: 19px;\">\n<li><strong><span style=\"color: #ff0000;\">Exp\u00e9dition incluse.<\/span><\/strong><\/li>\n<li><strong>R\u00e9colte 22\/23.<\/strong><\/li>\n<li>Vari\u00e9t\u00e9 : Hojiblanca<\/li>\n<li>Prix par bo\u00eete (12 unit\u00e9s)<\/li>\n<li><strong>Vari\u00e9t\u00e9 :<\/strong> HOJIBLANCA<\/li>\n<li>Prix par bo\u00eete de 12 unit\u00e9s<\/li>\n<li><span style=\"text-decoration: underline;\"><br \/>\n  <strong>Personnalisation<\/strong><br \/>\n<\/span>Personnalisation : \u00e9tiquette frontale et carte de suspension enti\u00e8rement personnalisables pour les \u00e9v\u00e9nements. Une fois la commande pass\u00e9e, nous vous contactons pour vous proposer 3 mod\u00e8les ou, si vous le pr\u00e9f\u00e9rez, nous pouvons le faire avec votre propre mod\u00e8le.<\/li>\n<\/ul>\n","protected":false},"featured_media":18529,"template":"","meta":{"rank_math_lock_modified_date":false,"pack_references":"","_joinchat":[]},"product_brand":[],"product_cat":[1352],"product_tag":[1355],"class_list":{"0":"post-18932","1":"product","2":"type-product","3":"status-publish","4":"has-post-thumbnail","6":"product_cat-primeur","7":"product_tag-cadeau","8":"sales-flash-overlay","9":"woocommerce-text-align-center","10":"woocommerce-image-align-center","11":"do-quantity-buttons","13":"first","14":"outofstock","15":"taxable","16":"shipping-taxable","17":"purchasable","18":"product-type-simple"},"tiered_pricing_type":"fixed","tiered_pricing_fixed_rules":{"3":"67.95","6":"65.95"},"tiered_pricing_product_settings":{"layout":"default","base_unit_name":{"singular":null,"plural":null},"default_variation":null},"tiered_pricing_minimum_quantity":null,"tiered_pricing_roles_data":[],"tiered_pricing_percentage_rules":[],"tiered_pricing_maximum_quantity":null,"tiered_pricing_quantity_step":null,"_links":{"self":[{"href":"https:\/\/adeoliva.com\/fr\/wp-json\/wp\/v2\/product\/18932","targetHints":{"allow":["GET"]}}],"collection":[{"href":"https:\/\/adeoliva.com\/fr\/wp-json\/wp\/v2\/product"}],"about":[{"href":"https:\/\/adeoliva.com\/fr\/wp-json\/wp\/v2\/types\/product"}],"version-history":[{"count":0,"href":"https:\/\/adeoliva.com\/fr\/wp-json\/wp\/v2\/product\/18932\/revisions"}],"wp:featuredmedia":[{"embeddable":true,"href":"https:\/\/adeoliva.com\/fr\/wp-json\/wp\/v2\/media\/18529"}],"wp:attachment":[{"href":"https:\/\/adeoliva.com\/fr\/wp-json\/wp\/v2\/media?parent=18932"}],"wp:term":[{"taxonomy":"product_brand","embeddable":true,"href":"https:\/\/adeoliva.com\/fr\/wp-json\/wp\/v2\/product_brand?post=18932"},{"taxonomy":"product_cat","embeddable":true,"href":"https:\/\/adeoliva.com\/fr\/wp-json\/wp\/v2\/product_cat?post=18932"},{"taxonomy":"product_tag","embeddable":true,"href":"https:\/\/adeoliva.com\/fr\/wp-json\/wp\/v2\/product_tag?post=18932"}],"curies":[{"name":"wp","href":"https:\/\/api.w.org\/{rel}","templated":true}]}}