{"id":18934,"date":"2022-01-25T20:28:45","date_gmt":"2022-01-25T20:28:45","guid":{"rendered":"https:\/\/adeoliva.com\/comprar-aceite-de-oliva\/non%20class\u00e9\/aov-olivar-centenario-5l-cooperative-3-uds\/"},"modified":"2024-10-14T07:14:42","modified_gmt":"2024-10-14T07:14:42","slug":"huile-d-olive-vierge-olivar-centenario-5-litres-cooperative-3uds-espagne","status":"publish","type":"product","link":"https:\/\/adeoliva.com\/fr\/huile-d-olive-vierge-olivar-centenario-5-litres-cooperative-3uds-espagne\/","title":{"rendered":"Huile d&#8217;Olive VIERGE Olivar Centenario 5L Cooperative Picual (Bo\u00eete 3Uds)"},"content":{"rendered":"<p><img decoding=\"async\" class=\"emoji\" role=\"img\" src=\"https:\/\/s.w.org\/images\/core\/emoji\/13.0.0\/svg\/1fad2.svg\" alt=\"\ud83e\uded2\" title=\"\"> D\u00e9gustation<\/p>\n<p>La vari\u00e9t\u00e9 picual de l&#8217;huile d&#8217;olive vierge se caract\u00e9rise par une <strong>douce touche d&#8217;amertume et de piquant<\/strong>.<\/p>\n<p><img decoding=\"async\" class=\"emoji\" role=\"img\" src=\"https:\/\/s.w.org\/images\/core\/emoji\/13.0.0\/svg\/1fad2.svg\" alt=\"\ud83e\uded2\" title=\"\"> Pairing<\/p>\n<p>A utiliser pour les cuissons moyennes\/longues telles que la friture, le saut\u00e9 et la cuisson \u00e0 l&#8217;\u00e9touff\u00e9e.<\/p>\n<p>Huile indispensable pour la friture en raison de sa tol\u00e9rance \u00e9lev\u00e9e \u00e0 la temp\u00e9rature de friture (point de fum\u00e9e \u00e9lev\u00e9). Id\u00e9al pour faire sauter les l\u00e9gumes dans la paella et m\u00eame pour les rago\u00fbts traditionnels.<\/p>\n<p><img fetchpriority=\"high\" decoding=\"async\" class=\"aligncenter\" src=\"https:\/\/adeoliva.com\/wp-content\/uploads\/2021\/03\/pap.jpg\" alt=\"\" width=\"272\" height=\"209\" title=\"\"><\/p>\n<p>&nbsp;<\/p>\n","protected":false},"excerpt":{"rendered":"<ul type=\"disc\">\n<li>Huile d&#8217;olive VIERGE de qualit\u00e9 5L Oleocampo<\/li>\n<li>R\u00e9colte 22\/23<\/li>\n<li>Vari\u00e9t\u00e9: Picual<\/li>\n<li>Zone : Torredonjimeno (Ja\u00e9n) ESPAGNE<\/li>\n<li>Exp\u00e9dition : 3\/5 jours<\/li>\n<\/ul>\n","protected":false},"featured_media":29722,"template":"","meta":{"rank_math_lock_modified_date":false,"pack_references":"","_joinchat":[]},"product_brand":[],"product_cat":[1332],"product_tag":[],"class_list":{"0":"post-18934","1":"product","2":"type-product","3":"status-publish","4":"has-post-thumbnail","6":"product_cat-traditionnel","7":"sales-flash-overlay","8":"woocommerce-text-align-center","9":"woocommerce-image-align-center","10":"do-quantity-buttons","12":"first","13":"instock","14":"taxable","15":"shipping-taxable","16":"purchasable","17":"product-type-simple"},"tiered_pricing_type":"fixed","tiered_pricing_fixed_rules":{"2":"87.90","3":"85.90"},"tiered_pricing_product_settings":{"layout":"default","base_unit_name":{"singular":null,"plural":null},"default_variation":null},"tiered_pricing_minimum_quantity":null,"tiered_pricing_roles_data":[],"tiered_pricing_percentage_rules":[],"tiered_pricing_maximum_quantity":null,"tiered_pricing_quantity_step":null,"_links":{"self":[{"href":"https:\/\/adeoliva.com\/fr\/wp-json\/wp\/v2\/product\/18934","targetHints":{"allow":["GET"]}}],"collection":[{"href":"https:\/\/adeoliva.com\/fr\/wp-json\/wp\/v2\/product"}],"about":[{"href":"https:\/\/adeoliva.com\/fr\/wp-json\/wp\/v2\/types\/product"}],"version-history":[{"count":0,"href":"https:\/\/adeoliva.com\/fr\/wp-json\/wp\/v2\/product\/18934\/revisions"}],"wp:featuredmedia":[{"embeddable":true,"href":"https:\/\/adeoliva.com\/fr\/wp-json\/wp\/v2\/media\/29722"}],"wp:attachment":[{"href":"https:\/\/adeoliva.com\/fr\/wp-json\/wp\/v2\/media?parent=18934"}],"wp:term":[{"taxonomy":"product_brand","embeddable":true,"href":"https:\/\/adeoliva.com\/fr\/wp-json\/wp\/v2\/product_brand?post=18934"},{"taxonomy":"product_cat","embeddable":true,"href":"https:\/\/adeoliva.com\/fr\/wp-json\/wp\/v2\/product_cat?post=18934"},{"taxonomy":"product_tag","embeddable":true,"href":"https:\/\/adeoliva.com\/fr\/wp-json\/wp\/v2\/product_tag?post=18934"}],"curies":[{"name":"wp","href":"https:\/\/api.w.org\/{rel}","templated":true}]}}