{"id":18936,"date":"2022-12-18T13:50:41","date_gmt":"2022-12-18T13:50:41","guid":{"rendered":"https:\/\/adeoliva.com\/comprar-aceite-de-oliva\/non%20class\u00e9\/aove-adeoliva-temprano-royal-500ml\/"},"modified":"2025-11-17T20:34:42","modified_gmt":"2025-11-17T20:34:42","slug":"huile-d-olive-adeoliva-primeur-royal-500ml-espagne","status":"publish","type":"product","link":"https:\/\/adeoliva.com\/fr\/huile-d-olive-adeoliva-primeur-royal-500ml-espagne\/","title":{"rendered":"Huile d&#8217;Olive Extra Vierge ADEOLIVA Primeur ROYAL N\u00ba2 2023-24 &#8211; 500ml"},"content":{"rendered":"<p>\ud83e\uded2 D\u00e9gustation<\/p>\n<p>Une huile d&#8217;olive \u00e0 la <strong>saveur fruit\u00e9e, douce et intense<\/strong>, caract\u00e9ristique des huiles d&#8217;olives vertes. Une combinaison d\u00e9licieuse pour une huile d&#8217;olive au go\u00fbt unique.<\/p>\n<p>L&#8217;huile d&#8217;olive extra vierge <strong>ROYAL PREMIUM<\/strong> est une vari\u00e9t\u00e9 originaire de la Sierra de Cazorla (Ja\u00e9n) ESPAGNE. La production de ce type d&#8217;olive est tr\u00e8s r\u00e9duite et exquise pour ses ar\u00f4mes et sa saveur.<\/p>\n<p>\ud83e\uded2 PAIRING ALIMENTAIRE<\/p>\n<p>Recommand\u00e9 pour les vinaigrettes, les vinaigrettes crues et tous les types de pr\u00e9parations dans lesquelles la saveur fra\u00eeche d&#8217;un EVOO aromatique et savoureux doit \u00eatre mise en valeur.<\/p>\n<p style=\"text-align: center;\"><img fetchpriority=\"high\" decoding=\"async\" class=\"alignnone wp-image-16076\" src=\"https:\/\/adeoliva.com\/wp-content\/uploads\/2022\/12\/TARTAR-ALINO.jpg\" alt=\"\" width=\"388\" height=\"258\" title=\"\" srcset=\"https:\/\/adeoliva.com\/wp-content\/uploads\/2022\/12\/TARTAR-ALINO.jpg 1024w, https:\/\/adeoliva.com\/wp-content\/uploads\/2022\/12\/TARTAR-ALINO-300x200.jpg 300w, https:\/\/adeoliva.com\/wp-content\/uploads\/2022\/12\/TARTAR-ALINO-768x511.jpg 768w, https:\/\/adeoliva.com\/wp-content\/uploads\/2022\/12\/TARTAR-ALINO-600x399.jpg 600w\" sizes=\"(max-width: 388px) 100vw, 388px\" \/><\/p>\n<p style=\"text-align: center;\"><em>Tartare de thon \u00e0 l&#8217;avocat<\/em><\/p>\n","protected":false},"excerpt":{"rendered":"<ul>\n<li>Huile d&#8217;olive extra vierge ROYAL Primeur 500ml<\/li>\n<li><b>DERNI\u00c8RES UNIT\u00c9S<\/b><\/li>\n<li>R\u00e9colte 23\/24<\/li>\n<li>Vari\u00e9t\u00e9 : Royal<\/li>\n<li>Zone : Sierra de Cazorla (Ja\u00e9n) ESPAGNE<\/li>\n<li>Exp\u00e9dition: 4 &#8211; 7 jours<\/li>\n<\/ul>\n<p style=\"margin: 0px 0px 10px; padding: 0px; color: #000000; font-family: LaguSans, Verdana, Arial, Helvetica; font-size: 17px;\">\n","protected":false},"featured_media":29223,"template":"","meta":{"rank_math_lock_modified_date":false,"pack_references":"","_joinchat":[]},"product_brand":[],"product_cat":[1352],"product_tag":[],"class_list":{"0":"post-18936","1":"product","2":"type-product","3":"status-publish","4":"has-post-thumbnail","6":"product_cat-primeur","7":"sales-flash-overlay","8":"woocommerce-text-align-center","9":"woocommerce-image-align-center","10":"do-quantity-buttons","12":"first","13":"instock","14":"sale","15":"featured","16":"taxable","17":"shipping-taxable","18":"purchasable","19":"product-type-variable","20":"has-default-attributes"},"tiered_pricing_type":"fixed","tiered_pricing_fixed_rules":[],"tiered_pricing_product_settings":{"layout":"default","base_unit_name":{"singular":null,"plural":null},"default_variation":null},"tiered_pricing_minimum_quantity":null,"tiered_pricing_roles_data":[],"tiered_pricing_percentage_rules":[],"tiered_pricing_maximum_quantity":null,"tiered_pricing_quantity_step":null,"_links":{"self":[{"href":"https:\/\/adeoliva.com\/fr\/wp-json\/wp\/v2\/product\/18936","targetHints":{"allow":["GET"]}}],"collection":[{"href":"https:\/\/adeoliva.com\/fr\/wp-json\/wp\/v2\/product"}],"about":[{"href":"https:\/\/adeoliva.com\/fr\/wp-json\/wp\/v2\/types\/product"}],"version-history":[{"count":0,"href":"https:\/\/adeoliva.com\/fr\/wp-json\/wp\/v2\/product\/18936\/revisions"}],"wp:featuredmedia":[{"embeddable":true,"href":"https:\/\/adeoliva.com\/fr\/wp-json\/wp\/v2\/media\/29223"}],"wp:attachment":[{"href":"https:\/\/adeoliva.com\/fr\/wp-json\/wp\/v2\/media?parent=18936"}],"wp:term":[{"taxonomy":"product_brand","embeddable":true,"href":"https:\/\/adeoliva.com\/fr\/wp-json\/wp\/v2\/product_brand?post=18936"},{"taxonomy":"product_cat","embeddable":true,"href":"https:\/\/adeoliva.com\/fr\/wp-json\/wp\/v2\/product_cat?post=18936"},{"taxonomy":"product_tag","embeddable":true,"href":"https:\/\/adeoliva.com\/fr\/wp-json\/wp\/v2\/product_tag?post=18936"}],"curies":[{"name":"wp","href":"https:\/\/api.w.org\/{rel}","templated":true}]}}