{"id":18937,"date":"2022-11-06T17:02:53","date_gmt":"2022-11-06T17:02:53","guid":{"rendered":"https:\/\/adeoliva.com\/comprar-aceite-de-oliva\/non%20class\u00e9\/aove-adeoliva-temprano-temprano-picual-500ml\/"},"modified":"2025-11-11T16:20:41","modified_gmt":"2025-11-11T16:20:41","slug":"aove-adeoliva-temprano-temprano-picual-500ml","status":"publish","type":"product","link":"https:\/\/adeoliva.com\/fr\/aove-adeoliva-temprano-temprano-picual-500ml\/","title":{"rendered":"Nouveau Vintage 2025-26 ! Huile d&#8217;olive E.V. ADEOLIVA N\u00ba1 &#8211; Picual Primeur 500ml"},"content":{"rendered":"<p>Sans aucun doute, l&#8217;huile d&#8217;olive primeur <strong>num\u00e9ro 1 de notre catalogue<\/strong>. Une huile qui \u00e9veillera vos 5 sens.<\/p>\n<p>\ud83e\uded2 D\u00e9gustation<\/p>\n<p>Huile d&#8217;olive extra vierge verte TEMPRANO de r\u00e9colte familiale : Elle pr\u00e9sente des ar\u00f4mes d&#8217;herbe, de tomate et de feuille d&#8217;olivier, avec des touches importantes d&#8217;amande et d&#8217;artichaut.<\/p>\n<p>En bouche, elle est tr\u00e8s \u00e9quilibr\u00e9e, avec une amertume moyenne \u00e0 faible et un piquant mod\u00e9r\u00e9.<\/p>\n<p>\ud83e\uded2 PAIRING ALIMENTAIRE<\/p>\n<p>Recommand\u00e9 pour les vinaigrettes, les tartares d&#8217;avocat, les vinaigrettes crues et toutes sortes de pr\u00e9parations o\u00f9 la <strong>saveur fra\u00eeche<\/strong> d&#8217;une EVOO verte doit \u00eatre mise en valeur.<\/p>\n<p style=\"text-align: center;\"><em><img fetchpriority=\"high\" decoding=\"async\" class=\"alignnone wp-image-14695\" src=\"https:\/\/adeoliva.com\/wp-content\/uploads\/2022\/11\/ENSALADA.jpg\" alt=\"\" width=\"344\" height=\"194\" title=\"\" srcset=\"https:\/\/adeoliva.com\/wp-content\/uploads\/2022\/11\/ENSALADA.jpg 1000w, https:\/\/adeoliva.com\/wp-content\/uploads\/2022\/11\/ENSALADA-300x169.jpg 300w, https:\/\/adeoliva.com\/wp-content\/uploads\/2022\/11\/ENSALADA-768x432.jpg 768w, https:\/\/adeoliva.com\/wp-content\/uploads\/2022\/11\/ENSALADA-600x338.jpg 600w\" sizes=\"(max-width: 344px) 100vw, 344px\" \/><\/em><\/p>\n<p style=\"text-align: center;\">Salade fra\u00eeche avec cerises, fromage frais et graines de citrouille<\/p>\n","protected":false},"excerpt":{"rendered":"<ul>\n<li>Huile d&#8217;olive extra vierge verte TEMPRANO Picual 500ml<\/li>\n<li><span style=\"color: #ff0000;\"><strong>MAINTENANT DISPONIBLE POUR R\u00c9SERVATION !<\/strong><\/span><\/li>\n<li><span style=\"color: #ff0000;\">Nouvelle r\u00e9colte 25\/26<\/span><\/li>\n<li>Vari\u00e9t\u00e9: Picual<\/li>\n<li>Zone : \u00dabeda (Ja\u00e9n)<\/li>\n<li>Exp\u00e9ditions : fin octobre<\/li>\n<\/ul>\n<p style=\"margin: 0px 0px 10px; padding: 0px; color: #000000; font-family: LaguSans, Verdana, Arial, Helvetica; font-size: 17px;\">\n","protected":false},"featured_media":23377,"template":"","meta":{"rank_math_lock_modified_date":false,"pack_references":"","_joinchat":[]},"product_brand":[],"product_cat":[1352],"product_tag":[],"class_list":{"0":"post-18937","1":"product","2":"type-product","3":"status-publish","4":"has-post-thumbnail","6":"product_cat-primeur","7":"sales-flash-overlay","8":"woocommerce-text-align-center","9":"woocommerce-image-align-center","10":"do-quantity-buttons","12":"first","13":"instock","14":"sale","15":"featured","16":"taxable","17":"shipping-taxable","18":"purchasable","19":"product-type-variable","20":"has-default-attributes"},"tiered_pricing_type":"fixed","tiered_pricing_fixed_rules":[],"tiered_pricing_product_settings":{"layout":"default","base_unit_name":{"singular":null,"plural":null},"default_variation":null},"tiered_pricing_minimum_quantity":null,"tiered_pricing_roles_data":[],"tiered_pricing_percentage_rules":[],"tiered_pricing_maximum_quantity":null,"tiered_pricing_quantity_step":null,"_links":{"self":[{"href":"https:\/\/adeoliva.com\/fr\/wp-json\/wp\/v2\/product\/18937","targetHints":{"allow":["GET"]}}],"collection":[{"href":"https:\/\/adeoliva.com\/fr\/wp-json\/wp\/v2\/product"}],"about":[{"href":"https:\/\/adeoliva.com\/fr\/wp-json\/wp\/v2\/types\/product"}],"version-history":[{"count":0,"href":"https:\/\/adeoliva.com\/fr\/wp-json\/wp\/v2\/product\/18937\/revisions"}],"wp:featuredmedia":[{"embeddable":true,"href":"https:\/\/adeoliva.com\/fr\/wp-json\/wp\/v2\/media\/23377"}],"wp:attachment":[{"href":"https:\/\/adeoliva.com\/fr\/wp-json\/wp\/v2\/media?parent=18937"}],"wp:term":[{"taxonomy":"product_brand","embeddable":true,"href":"https:\/\/adeoliva.com\/fr\/wp-json\/wp\/v2\/product_brand?post=18937"},{"taxonomy":"product_cat","embeddable":true,"href":"https:\/\/adeoliva.com\/fr\/wp-json\/wp\/v2\/product_cat?post=18937"},{"taxonomy":"product_tag","embeddable":true,"href":"https:\/\/adeoliva.com\/fr\/wp-json\/wp\/v2\/product_tag?post=18937"}],"curies":[{"name":"wp","href":"https:\/\/api.w.org\/{rel}","templated":true}]}}