{"id":18938,"date":"2021-09-08T16:49:17","date_gmt":"2021-09-08T16:49:17","guid":{"rendered":"https:\/\/adeoliva.com\/comprar-aceite-de-oliva\/non class\u00e9\/almagre-organic-organic-early-can-250ml-weddings-and-communions\/"},"modified":"2024-02-07T19:14:28","modified_gmt":"2024-02-07T19:14:28","slug":"almagre-organic-organic-early-can-250ml-weddings-and-communions","status":"publish","type":"product","link":"https:\/\/adeoliva.com\/fr\/productos\/almagre-organic-organic-early-can-250ml-weddings-and-communions\/","title":{"rendered":"Huile d&#8217;olive V.E. Almagre &#8211; Huile d&#8217;olive biologique pr\u00e9coce Bo\u00eete 250ml Mariage et Communion (Bo\u00eete 12)"},"content":{"rendered":"<p>\ud83e\uded2 CATA<\/p>\n<p>Huile d&#8217;olive fruit\u00e9e intense, aux sensations vertes, fra\u00eeches et agr\u00e9ables, avec des notes de tomate verte, de banane, d&#8217;artichaut et d&#8217;amande verte. Une huile douce avec un piquant et une amertume tr\u00e8s l\u00e9gers.<\/p>\n<p>Une huile d&#8217;olive biologique, r\u00e9colt\u00e9e \u00e0 la mi-octobre et dot\u00e9e d&#8217;une grande personnalit\u00e9.<\/p>\n<p>\ud83e\uded2 \u00c9DITION PERSONNALISABLE<\/p>\n<p>Personnalisez votre emballage avec l&#8217;une de nos vari\u00e9t\u00e9s pour que vos invit\u00e9s emportent un souvenir agr\u00e9able et savoureux de votre mariage, de votre communion ou de votre \u00e9v\u00e9nement. Choisissez entre les sacs en papier kraft recycl\u00e9 (avec poign\u00e9es ou cordon) et les sacs en plastique transparent.<\/p>\n<p>Si vous avez des questions ou des interrogations, veuillez nous contacter en utilisant le <a href=\"https:\/\/adeoliva.com\/fr\/contactez-nous\/\">formulaire de contact<\/a>.<\/p>\n<p>&nbsp;<\/p>\n","protected":false},"excerpt":{"rendered":"<ul>\n<li>Huile d&#8217;olive vierge extra biologique Almagre Early<\/li>\n<li>Bo\u00eete de 250 ml<\/li>\n<li>Emballage personnalisable avec lani\u00e8re et \u00e9tiquette avec nom(s) et d\u00e9dicace<\/li>\n<li>R\u00e9colte 22\/23<\/li>\n<li>Vari\u00e9t\u00e9: Picual<\/li>\n<li>Zone : Almagro (Ciudad Real)<\/li>\n<\/ul>\n","protected":false},"featured_media":18249,"template":"","meta":{"rank_math_lock_modified_date":false,"pack_references":"","_joinchat":[]},"product_brand":[],"product_cat":[1353,1352],"product_tag":[1355],"class_list":{"0":"post-18938","1":"product","2":"type-product","3":"status-publish","4":"has-post-thumbnail","6":"product_cat-biologique","7":"product_cat-primeur","8":"product_tag-cadeau","9":"sales-flash-overlay","10":"woocommerce-text-align-center","11":"woocommerce-image-align-center","12":"do-quantity-buttons","14":"first","15":"outofstock","16":"taxable","17":"shipping-taxable","18":"purchasable","19":"product-type-simple"},"tiered_pricing_type":"fixed","tiered_pricing_fixed_rules":{"5":"85.50","10":"83.50"},"tiered_pricing_product_settings":{"layout":"default","base_unit_name":{"singular":null,"plural":null},"default_variation":null},"tiered_pricing_minimum_quantity":null,"tiered_pricing_roles_data":[],"tiered_pricing_percentage_rules":[],"tiered_pricing_maximum_quantity":null,"tiered_pricing_quantity_step":null,"_links":{"self":[{"href":"https:\/\/adeoliva.com\/fr\/wp-json\/wp\/v2\/product\/18938","targetHints":{"allow":["GET"]}}],"collection":[{"href":"https:\/\/adeoliva.com\/fr\/wp-json\/wp\/v2\/product"}],"about":[{"href":"https:\/\/adeoliva.com\/fr\/wp-json\/wp\/v2\/types\/product"}],"version-history":[{"count":0,"href":"https:\/\/adeoliva.com\/fr\/wp-json\/wp\/v2\/product\/18938\/revisions"}],"wp:featuredmedia":[{"embeddable":true,"href":"https:\/\/adeoliva.com\/fr\/wp-json\/wp\/v2\/media\/18249"}],"wp:attachment":[{"href":"https:\/\/adeoliva.com\/fr\/wp-json\/wp\/v2\/media?parent=18938"}],"wp:term":[{"taxonomy":"product_brand","embeddable":true,"href":"https:\/\/adeoliva.com\/fr\/wp-json\/wp\/v2\/product_brand?post=18938"},{"taxonomy":"product_cat","embeddable":true,"href":"https:\/\/adeoliva.com\/fr\/wp-json\/wp\/v2\/product_cat?post=18938"},{"taxonomy":"product_tag","embeddable":true,"href":"https:\/\/adeoliva.com\/fr\/wp-json\/wp\/v2\/product_tag?post=18938"}],"curies":[{"name":"wp","href":"https:\/\/api.w.org\/{rel}","templated":true}]}}