{"id":18951,"date":"2021-02-13T09:45:15","date_gmt":"2021-02-13T09:45:15","guid":{"rendered":"https:\/\/adeoliva.com\/comprar-aceite-de-oliva\/non%20class\u00e9\/huile-dolive-sabioliva-sabioliva-box-5l-cooperative-3-uds\/"},"modified":"2025-11-26T22:33:06","modified_gmt":"2025-11-26T22:33:06","slug":"huile-d-olive-sabioliva-boite-5-litres-cooperative-3uds","status":"publish","type":"product","link":"https:\/\/adeoliva.com\/fr\/huile-d-olive-sabioliva-boite-5-litres-cooperative-3uds\/","title":{"rendered":"Huile d&#8217;olive EXTRA VIRGIN Sabioliva 5L Picual (Box 3Uds)"},"content":{"rendered":"<p>\ud83e\uded2 D\u00e9gustation<\/p>\n<p>Huile d&#8217;Olive Extra Vierge fruit\u00e9 avec un ar\u00f4me d&#8217;olive fra\u00eeche, ainsi qu&#8217;un piquant et une amertume moyennement intenses et \u00e9quilibr\u00e9s. Une huile d&#8217;olive m\u00fbre r\u00e9colt\u00e9e en d\u00e9cembre, <strong>id\u00e9ale pour un usage domestique quotidien<\/strong>.<\/p>\n<p>\ud83e\uded2 PAIRING ALIMENTAIRE<\/p>\n<p>Recommand\u00e9 pour les salades vertes, les tomates, les viandes rouges et les viandes sal\u00e9es.<\/p>\n<p>A utiliser dans les toasts, les aliments crus ou frits et les rago\u00fbts.<\/p>\n<p><img fetchpriority=\"high\" decoding=\"async\" class=\"size-full wp-image-7509 aligncenter\" src=\"https:\/\/adeoliva.com\/wp-content\/uploads\/2020\/10\/tostada.jpg\" alt=\"\" width=\"291\" height=\"249\" title=\"\"><\/p>\n<p>&nbsp;<\/p>\n","protected":false},"excerpt":{"rendered":"<ul>\n<li>Huile d&#8217;olive extra vierge traditionnelle 5L<\/li>\n<li>R\u00e9colte 24\/25<\/li>\n<li>Vari\u00e9t\u00e9: Picual<\/li>\n<li>Zone : Sabiote (Ja\u00e9n) ESPAGNE<\/li>\n<li>Exp\u00e9dition : 3 &#8211; 5 jours<\/li>\n<\/ul>\n","protected":false},"featured_media":18454,"template":"","meta":{"rank_math_lock_modified_date":false,"pack_references":"","_joinchat":[]},"product_brand":[],"product_cat":[1332],"product_tag":[],"class_list":{"0":"post-18951","1":"product","2":"type-product","3":"status-publish","4":"has-post-thumbnail","6":"product_cat-traditionnel","7":"sales-flash-overlay","8":"woocommerce-text-align-center","9":"woocommerce-image-align-center","10":"do-quantity-buttons","12":"first","13":"instock","14":"featured","15":"taxable","16":"shipping-taxable","17":"purchasable","18":"product-type-simple"},"tiered_pricing_type":"fixed","tiered_pricing_fixed_rules":{"2":"95.9","3":"92","5":"89.5"},"tiered_pricing_product_settings":{"layout":"default","base_unit_name":{"singular":null,"plural":null},"default_variation":null},"tiered_pricing_minimum_quantity":null,"tiered_pricing_roles_data":[],"tiered_pricing_percentage_rules":[],"tiered_pricing_maximum_quantity":null,"tiered_pricing_quantity_step":null,"_links":{"self":[{"href":"https:\/\/adeoliva.com\/fr\/wp-json\/wp\/v2\/product\/18951","targetHints":{"allow":["GET"]}}],"collection":[{"href":"https:\/\/adeoliva.com\/fr\/wp-json\/wp\/v2\/product"}],"about":[{"href":"https:\/\/adeoliva.com\/fr\/wp-json\/wp\/v2\/types\/product"}],"version-history":[{"count":0,"href":"https:\/\/adeoliva.com\/fr\/wp-json\/wp\/v2\/product\/18951\/revisions"}],"wp:featuredmedia":[{"embeddable":true,"href":"https:\/\/adeoliva.com\/fr\/wp-json\/wp\/v2\/media\/18454"}],"wp:attachment":[{"href":"https:\/\/adeoliva.com\/fr\/wp-json\/wp\/v2\/media?parent=18951"}],"wp:term":[{"taxonomy":"product_brand","embeddable":true,"href":"https:\/\/adeoliva.com\/fr\/wp-json\/wp\/v2\/product_brand?post=18951"},{"taxonomy":"product_cat","embeddable":true,"href":"https:\/\/adeoliva.com\/fr\/wp-json\/wp\/v2\/product_cat?post=18951"},{"taxonomy":"product_tag","embeddable":true,"href":"https:\/\/adeoliva.com\/fr\/wp-json\/wp\/v2\/product_tag?post=18951"}],"curies":[{"name":"wp","href":"https:\/\/api.w.org\/{rel}","templated":true}]}}