{"id":18956,"date":"2022-05-23T14:47:22","date_gmt":"2022-05-23T14:47:22","guid":{"rendered":"https:\/\/adeoliva.com\/comprar-aceite-de-oliva\/non%20class\u00e9\/sabioliva-250ml-egipcia-mariages-et-communions-box-7pcs\/"},"modified":"2025-09-11T19:12:32","modified_gmt":"2025-09-11T19:12:32","slug":"sabioliva-250ml-egipcia-mariages-et-communions-box-7pcs","status":"publish","type":"product","link":"https:\/\/adeoliva.com\/fr\/sabioliva-250ml-egipcia-mariages-et-communions-box-7pcs\/","title":{"rendered":"Huile d&#8217;Olive Extra Vierge 250ml \u00c9gyptien pour les mariages et les communions (Bo\u00eete de 7 pcs)"},"content":{"rendered":"<p><img decoding=\"async\" class=\"emoji\" role=\"img\" src=\"https:\/\/s.w.org\/images\/core\/emoji\/13.0.0\/svg\/1fad2.svg\" alt=\"\ud83e\uded2\" title=\"\"> D\u00c9GUSTATION<\/p>\n<p>Huile d&#8217;Olive Extra Vierge saveur intense et touche \u00e9pic\u00e9e. Ar\u00f4mes d&#8217;olive, de tomate et de figuier.<\/p>\n<p><img decoding=\"async\" class=\"emoji\" role=\"img\" src=\"https:\/\/s.w.org\/images\/core\/emoji\/13.0.0\/svg\/1fad2.svg\" alt=\"\ud83e\uded2\" title=\"\">  PERSONNALISATION<\/p>\n<p>Personnalisez votre bouteille pour votre mariage ou votre communion et donnez-lui une touche sp\u00e9ciale. Personnalisez l&#8217;\u00e9tiquette avant et\/ou la carte sur le col de la bouteille, pour ajouter une touche sp\u00e9ciale \u00e0 votre mariage ou \u00e0 votre \u00e9v\u00e9nement.<\/p>\n<p>Si vous avez des questions, n&#8217;h\u00e9sitez pas \u00e0 nous contacter par Whatsapp ou en <a href=\"https:\/\/adeoliva.com\/fr\/contactez-nous\/\">remplissant le formulaire de contact<\/a>.<\/p>\n<p>&nbsp;<\/p>\n","protected":false},"excerpt":{"rendered":"<p>Huile d&#8217;olive extra vierge traditionnelle en format cadeau pour les mariages, les bapt\u00eames, les communions et toutes sortes d&#8217;\u00e9v\u00e9nements.<\/p>\n<ul>\n<li><strong><span style=\"color: #ff0000;\">Personnalisation possible \u00e0 partir de 21 unit\u00e9s.<\/span><\/strong><\/li>\n<li><strong>R\u00e9colte 24\/25.<\/strong><\/li>\n<li><strong>Vari\u00e9t\u00e9 :<\/strong> Picual<\/li>\n<li>Prix par bo\u00eete (7 unit\u00e9s)<\/li>\n<li><span style=\"text-decoration: underline;\"><br \/>\n  <strong>Personnalisation<\/strong><br \/>\n<\/span>Personnalisation : \u00e9tiquette frontale et carte de suspension enti\u00e8rement personnalisables pour les \u00e9v\u00e9nements. Une fois la commande pass\u00e9e, nous vous contactons pour vous proposer 3 mod\u00e8les ou, si vous le pr\u00e9f\u00e9rez, nous pouvons le faire avec votre propre mod\u00e8le.<\/li>\n<\/ul>\n","protected":false},"featured_media":29737,"template":"","meta":{"rank_math_lock_modified_date":false,"pack_references":"","_joinchat":[]},"product_brand":[],"product_cat":[1332],"product_tag":[1355,1420],"class_list":{"0":"post-18956","1":"product","2":"type-product","3":"status-publish","4":"has-post-thumbnail","6":"product_cat-traditionnel","7":"product_tag-cadeau","8":"product_tag-mariages","9":"sales-flash-overlay","10":"woocommerce-text-align-center","11":"woocommerce-image-align-center","12":"do-quantity-buttons","14":"first","15":"instock","16":"taxable","17":"shipping-taxable","18":"purchasable","19":"product-type-simple"},"tiered_pricing_type":"fixed","tiered_pricing_fixed_rules":{"3":"46.60","6":"44.95"},"tiered_pricing_product_settings":{"layout":"default","base_unit_name":{"singular":null,"plural":null},"default_variation":null},"tiered_pricing_minimum_quantity":null,"tiered_pricing_roles_data":[],"tiered_pricing_percentage_rules":[],"tiered_pricing_maximum_quantity":null,"tiered_pricing_quantity_step":null,"_links":{"self":[{"href":"https:\/\/adeoliva.com\/fr\/wp-json\/wp\/v2\/product\/18956","targetHints":{"allow":["GET"]}}],"collection":[{"href":"https:\/\/adeoliva.com\/fr\/wp-json\/wp\/v2\/product"}],"about":[{"href":"https:\/\/adeoliva.com\/fr\/wp-json\/wp\/v2\/types\/product"}],"version-history":[{"count":0,"href":"https:\/\/adeoliva.com\/fr\/wp-json\/wp\/v2\/product\/18956\/revisions"}],"wp:featuredmedia":[{"embeddable":true,"href":"https:\/\/adeoliva.com\/fr\/wp-json\/wp\/v2\/media\/29737"}],"wp:attachment":[{"href":"https:\/\/adeoliva.com\/fr\/wp-json\/wp\/v2\/media?parent=18956"}],"wp:term":[{"taxonomy":"product_brand","embeddable":true,"href":"https:\/\/adeoliva.com\/fr\/wp-json\/wp\/v2\/product_brand?post=18956"},{"taxonomy":"product_cat","embeddable":true,"href":"https:\/\/adeoliva.com\/fr\/wp-json\/wp\/v2\/product_cat?post=18956"},{"taxonomy":"product_tag","embeddable":true,"href":"https:\/\/adeoliva.com\/fr\/wp-json\/wp\/v2\/product_tag?post=18956"}],"curies":[{"name":"wp","href":"https:\/\/api.w.org\/{rel}","templated":true}]}}