{"id":19934,"date":"2023-09-23T19:25:08","date_gmt":"2023-09-23T19:25:08","guid":{"rendered":"https:\/\/adeoliva.com\/comprar-aceite-de-oliva\/non%20class\u00e9\/huile-de-grignon-d-olive-1l\/"},"modified":"2025-04-16T08:36:09","modified_gmt":"2025-04-16T08:36:09","slug":"huile-de-grignon-d-olive-1l","status":"publish","type":"product","link":"https:\/\/adeoliva.com\/fr\/huile-de-grignon-d-olive-1l\/","title":{"rendered":"Huile d&#8217;Olive pour friture 1L (Bo\u00eete de 15 unit\u00e9s)"},"content":{"rendered":"<p><strong>L&#8217;huile de grignon d&#8217;olive<\/strong> appartient \u00e0 la famille des olives, principal garant de sa qualit\u00e9 nutritionnelle et de ses performances culinaires. <span style=\"font-size: inherit;\">Cette huile est obtenue par l&#8217;utilisation int\u00e9grale de l&#8217;olive. Il est obtenu en trois \u00e9tapes : l&#8217;extraction, le raffinage et le bouchage.<\/span><\/p>\n<p>\ud83e\uded2 D\u00e9gustation<\/p>\n<p>Sa <strong>saveur douce<\/strong> n&#8217;interf\u00e8re pas avec les autres ingr\u00e9dients.<\/p>\n<p>Son avantage ou son inconv\u00e9nient est son <strong>go\u00fbt neutre<\/strong> par rapport \u00e0 d&#8217;autres aliments.<\/p>\n<p>\ud83e\uded2 PAIRING ALIMENTAIRE<\/p>\n<p>Sa saveur le rend id\u00e9al lorsque nous voulons que <strong>le reste des aliments soit l&#8217;\u00e9l\u00e9ment principal de nos pr\u00e9parations<\/strong>.<\/p>\n<p>L&#8217;huile de grignon d&#8217;olive a une composition qui favorise le <strong>r\u00e9sister \u00e0 des temp\u00e9ratures allant jusqu&#8217;\u00e0 240\u00ba<\/strong>. Sa durabilit\u00e9 et sa stabilit\u00e9 \u00e0 haute temp\u00e9rature en font <strong>la meilleure huile \u00e0 utiliser pour la friture<\/strong>.<\/p>\n<p>Au-del\u00e0 de la friture, gr\u00e2ce \u00e0 sa saveur douce, il s&#8217;agit d&#8217;une alternative polyvalente, qui s&#8217;utilise tr\u00e8s bien dans les <b>sauces, les rago\u00fbts et les desserts<\/b>.<\/p>\n<p><img fetchpriority=\"high\" decoding=\"async\" class=\"wp-image-19689 aligncenter\" src=\"https:\/\/adeoliva.com\/wp-content\/uploads\/2023\/09\/Aceite-para-freir.jpg\" alt=\"\" width=\"419\" height=\"280\" title=\"\" srcset=\"https:\/\/adeoliva.com\/wp-content\/uploads\/2023\/09\/Aceite-para-freir.jpg 1200w, https:\/\/adeoliva.com\/wp-content\/uploads\/2023\/09\/Aceite-para-freir-300x200.jpg 300w, https:\/\/adeoliva.com\/wp-content\/uploads\/2023\/09\/Aceite-para-freir-1024x684.jpg 1024w, https:\/\/adeoliva.com\/wp-content\/uploads\/2023\/09\/Aceite-para-freir-768x513.jpg 768w, https:\/\/adeoliva.com\/wp-content\/uploads\/2023\/09\/Aceite-para-freir-600x401.jpg 600w\" sizes=\"(max-width: 419px) 100vw, 419px\" \/><\/p>\n","protected":false},"excerpt":{"rendered":"<ul>\n<li>Huile de Grignon d\u2019Olive 1L<\/li>\n<li>R\u00e9colte 22\/23<\/li>\n<li>Zone: Extremadura<\/li>\n<li>Exp\u00e9dition: 4 &#8211; 7 jours<\/li>\n<\/ul>\n","protected":false},"featured_media":20447,"template":"","meta":{"rank_math_lock_modified_date":false,"pack_references":"","_joinchat":[]},"product_brand":[],"product_cat":[1332],"product_tag":[],"class_list":{"0":"post-19934","1":"product","2":"type-product","3":"status-publish","4":"has-post-thumbnail","6":"product_cat-traditionnel","7":"sales-flash-overlay","8":"woocommerce-text-align-center","9":"woocommerce-image-align-center","10":"do-quantity-buttons","12":"first","13":"outofstock","14":"taxable","15":"shipping-taxable","16":"product-type-variable","17":"has-default-attributes"},"tiered_pricing_type":"fixed","tiered_pricing_fixed_rules":[],"tiered_pricing_product_settings":{"layout":"default","base_unit_name":{"singular":null,"plural":null},"default_variation":null},"tiered_pricing_minimum_quantity":null,"tiered_pricing_roles_data":[],"tiered_pricing_percentage_rules":[],"tiered_pricing_maximum_quantity":null,"tiered_pricing_quantity_step":null,"_links":{"self":[{"href":"https:\/\/adeoliva.com\/fr\/wp-json\/wp\/v2\/product\/19934","targetHints":{"allow":["GET"]}}],"collection":[{"href":"https:\/\/adeoliva.com\/fr\/wp-json\/wp\/v2\/product"}],"about":[{"href":"https:\/\/adeoliva.com\/fr\/wp-json\/wp\/v2\/types\/product"}],"version-history":[{"count":0,"href":"https:\/\/adeoliva.com\/fr\/wp-json\/wp\/v2\/product\/19934\/revisions"}],"wp:featuredmedia":[{"embeddable":true,"href":"https:\/\/adeoliva.com\/fr\/wp-json\/wp\/v2\/media\/20447"}],"wp:attachment":[{"href":"https:\/\/adeoliva.com\/fr\/wp-json\/wp\/v2\/media?parent=19934"}],"wp:term":[{"taxonomy":"product_brand","embeddable":true,"href":"https:\/\/adeoliva.com\/fr\/wp-json\/wp\/v2\/product_brand?post=19934"},{"taxonomy":"product_cat","embeddable":true,"href":"https:\/\/adeoliva.com\/fr\/wp-json\/wp\/v2\/product_cat?post=19934"},{"taxonomy":"product_tag","embeddable":true,"href":"https:\/\/adeoliva.com\/fr\/wp-json\/wp\/v2\/product_tag?post=19934"}],"curies":[{"name":"wp","href":"https:\/\/api.w.org\/{rel}","templated":true}]}}