{"id":20040,"date":"2023-12-01T13:16:31","date_gmt":"2023-12-01T13:16:31","guid":{"rendered":"https:\/\/adeoliva.com\/?post_type=product&#038;p=20040"},"modified":"2025-08-29T08:04:51","modified_gmt":"2025-08-29T08:04:51","slug":"huile-dolive-biologique-oleocampo-huile-dolive-biologique-5l-picual-can-copia","status":"publish","type":"product","link":"https:\/\/adeoliva.com\/fr\/huile-d-olive-biologique-oleocampo-5l-picual-can\/","title":{"rendered":"Huile d&#8217;olive Extra Vierge 5L Picual Can &#8211; Oleocampo"},"content":{"rendered":"<p><img decoding=\"async\" class=\"emoji\" role=\"img\" src=\"https:\/\/s.w.org\/images\/core\/emoji\/13.0.0\/svg\/1fad2.svg\" alt=\"\ud83e\uded2\" title=\"\"> D\u00e9gustation<\/p>\n<p>Il s&#8217;agit d&#8217;une huile d&#8217;olive extra vierge exquise de la vari\u00e9t\u00e9 picual avec une l\u00e9g\u00e8re touche d&#8217;amertume et de piquant. <strong>Format d&#8217;\u00e9pargne 5 litres<\/strong>. Sa composition \u00e9quilibr\u00e9e lui conf\u00e8re un go\u00fbt unique.<\/p>\n<p><img decoding=\"async\" class=\"emoji\" role=\"img\" src=\"https:\/\/s.w.org\/images\/core\/emoji\/13.0.0\/svg\/1fad2.svg\" alt=\"\ud83e\uded2\" title=\"\"> Pairing<\/p>\n<p>Cette huile d&#8217;olive extra vierge se marie parfaitement avec les poissons tels que le saumon et la seiche. En outre, les viandes telles que le jambon et le steak acqui\u00e8rent une saveur unique avec une touche de cette EVOO.<\/p>\n<p><img decoding=\"async\" class=\"emoji\" role=\"img\" src=\"https:\/\/s.w.org\/images\/core\/emoji\/13.0.0\/svg\/1fad2.svg\" alt=\"\ud83e\uded2\" title=\"\"> HUILE D&#8217;OLIVE EXTRA VIERGE DE PREMI\u00c8RE QUALIT\u00c9<\/p>\n<p>Fabriqu\u00e9 avec les olives les plus vertes et les plus fra\u00eeches de la vari\u00e9t\u00e9 picual, soigneusement s\u00e9lectionn\u00e9es par des experts. Ces olives proviennent d&#8217;oliveraies situ\u00e9es dans les vastes oliveraies de la Campi\u00f1a Sur de Ja\u00e9n, la principale r\u00e9gion productrice d&#8217;huile d&#8217;olive au monde.<\/p>\n<p>Sa teneur \u00e9lev\u00e9e en antioxydants naturels et en vitamine E lui conf\u00e8re une grande stabilit\u00e9 et des propri\u00e9t\u00e9s sanitaires in\u00e9gal\u00e9es.<\/p>\n","protected":false},"excerpt":{"rendered":"<ul style=\"border: 0px; margin: 0px 0px 1.5em 3em; padding: 0px; color: #0a0a0a; font-family: Roboto, sans-serif; font-size: 19px;\">\n<li>Huile d&#8217;olive vierge extra Can 5L<\/li>\n<li>R\u00e9colte 24\/25<\/li>\n<li>Vari\u00e9t\u00e9: Picual<\/li>\n<li>Zone : Torredelcampo (Ja\u00e9n)<\/li>\n<li>Exp\u00e9dition 3-5 jours<\/li>\n<\/ul>\n","protected":false},"featured_media":20102,"template":"","meta":{"rank_math_lock_modified_date":false,"pack_references":"","_joinchat":[]},"product_brand":[],"product_cat":[1332],"product_tag":[],"class_list":{"0":"post-20040","1":"product","2":"type-product","3":"status-publish","4":"has-post-thumbnail","6":"product_cat-traditionnel","7":"sales-flash-overlay","8":"woocommerce-text-align-center","9":"woocommerce-image-align-center","10":"do-quantity-buttons","12":"first","13":"instock","14":"featured","15":"taxable","16":"shipping-taxable","17":"purchasable","18":"product-type-simple"},"tiered_pricing_type":"fixed","tiered_pricing_fixed_rules":{"3":"35.50","6":"33.50"},"tiered_pricing_product_settings":{"layout":"default","base_unit_name":{"singular":null,"plural":null},"default_variation":null},"tiered_pricing_minimum_quantity":null,"tiered_pricing_roles_data":[],"tiered_pricing_percentage_rules":[],"tiered_pricing_maximum_quantity":null,"tiered_pricing_quantity_step":null,"_links":{"self":[{"href":"https:\/\/adeoliva.com\/fr\/wp-json\/wp\/v2\/product\/20040","targetHints":{"allow":["GET"]}}],"collection":[{"href":"https:\/\/adeoliva.com\/fr\/wp-json\/wp\/v2\/product"}],"about":[{"href":"https:\/\/adeoliva.com\/fr\/wp-json\/wp\/v2\/types\/product"}],"version-history":[{"count":0,"href":"https:\/\/adeoliva.com\/fr\/wp-json\/wp\/v2\/product\/20040\/revisions"}],"wp:featuredmedia":[{"embeddable":true,"href":"https:\/\/adeoliva.com\/fr\/wp-json\/wp\/v2\/media\/20102"}],"wp:attachment":[{"href":"https:\/\/adeoliva.com\/fr\/wp-json\/wp\/v2\/media?parent=20040"}],"wp:term":[{"taxonomy":"product_brand","embeddable":true,"href":"https:\/\/adeoliva.com\/fr\/wp-json\/wp\/v2\/product_brand?post=20040"},{"taxonomy":"product_cat","embeddable":true,"href":"https:\/\/adeoliva.com\/fr\/wp-json\/wp\/v2\/product_cat?post=20040"},{"taxonomy":"product_tag","embeddable":true,"href":"https:\/\/adeoliva.com\/fr\/wp-json\/wp\/v2\/product_tag?post=20040"}],"curies":[{"name":"wp","href":"https:\/\/api.w.org\/{rel}","templated":true}]}}