{"id":20110,"date":"2023-12-16T10:16:47","date_gmt":"2023-12-16T10:16:47","guid":{"rendered":"https:\/\/adeoliva.com\/?post_type=product&#038;p=20110"},"modified":"2025-07-01T19:31:38","modified_gmt":"2025-07-01T19:31:38","slug":"coffret-cadeau-d-huile-d-olive-premium-adeoliva","status":"publish","type":"product","link":"https:\/\/adeoliva.com\/fr\/coffret-cadeau-huile-d-olive-3-unites-adeoliva\/","title":{"rendered":"Coffret cadeau d&#8217;huile d&#8217;olive VE Premium &#8211; ADEOLIVA (Coffret 3x250ml)"},"content":{"rendered":"<p style=\"text-align: center\"><em>Offrez le Saveur, une aventure pour les sens. <\/em><\/p>\n<p>Sans aucun doute, un choix judicieux pour captiver le palais avec cette magnifique  <strong>Emballage cadeau d&#8217;huile d&#8217;olive extra vierge<\/strong>  de  <em>3 Vari\u00e9t\u00e9s r\u00e9colt\u00e9es pr\u00e9cocement<\/em>.<\/p>\n<p>\ud83e\uded2 D\u00e9gustation<\/p>\n<p>Personnalisez votre coffret d&#8217;huile d&#8217;olive avec 3 de nos 4 options :<\/p>\n<ol>\n<li><strong>Vari\u00e9t\u00e9 Picual Primeur EVOO<\/strong>: La vari\u00e9t\u00e9 par excellence de notre catalogue, la Picual pr\u00e9coce. Il s&#8217;agit d&#8217;une huile d&#8217;olive de haute intensit\u00e9, avec un piquant moyen et une amertume moyenne \u00e0 faible. R\u00e9colt\u00e9e dans les champs de Ja\u00e9n (zone de Peal de Becerro).  <\/li>\n<li><strong>AOVE Temprano Royal Variety<\/strong>: Vari\u00e9t\u00e9 autochtone de la Sierra de Cazorla (Ja\u00e9n). Huile d&#8217;intensit\u00e9 moyenne, avec un piquant moyennement \u00e9lev\u00e9 en gorge et une faible amertume. Une huile qui s\u00e9duit ceux qui la go\u00fbtent.  <\/li>\n<li><strong>AOVE Temprano Vari\u00e9t\u00e9 Arbequina<\/strong>: Vari\u00e9t\u00e9 filtr\u00e9e par d\u00e9cantation naturelle r\u00e9colt\u00e9e dans les champs de Cordoue. Huile d&#8217;olive d&#8217;intensit\u00e9 moyenne \u00e0 faible, avec un piquant de gorge moyen \u00e0 faible et une faible amertume. Une huile douce et attrayante pour les palais les plus d\u00e9licats.  <\/li>\n<li><strong>ECOLOGIQUE EARLY Picual EVOO<\/strong>: Vari\u00e9t\u00e9 filtr\u00e9e par d\u00e9cantation naturelle r\u00e9colt\u00e9e dans les champs de Ja\u00e9n. Huile d&#8217;olive d&#8217;une grande intensit\u00e9, d&#8217;un piquant de gorge moyen \u00e0 \u00e9lev\u00e9 et d&#8217;une grande amertume. Une huile qui poss\u00e8de tout le pouvoir de la culture biologique.  <\/li>\n<\/ol>\n<p>\ud83e\uded2 PAIRING ALIMENTAIRE<\/p>\n<p>Recommand\u00e9e pour les vinaigrettes, les accords, les assaisonnements et toutes sortes de pr\u00e9parations crues o\u00f9 la <strong>saveur fra\u00eeche<\/strong> d&#8217;une huile d&#8217;olive verte pr\u00e9coce se distingue. Combinez les saveurs avec ce coffret cadeau de 3 vari\u00e9t\u00e9s d&#8217;huile d&#8217;olive ! <\/p>\n<p style=\"text-align: center\"><em><img fetchpriority=\"high\" decoding=\"async\" class=\"alignnone wp-image-14695\" src=\"https:\/\/adeoliva.com\/wp-content\/uploads\/2022\/11\/ENSALADA.jpg\" alt=\"\" width=\"344\" height=\"194\" title=\"\" srcset=\"https:\/\/adeoliva.com\/wp-content\/uploads\/2022\/11\/ENSALADA.jpg 1000w, https:\/\/adeoliva.com\/wp-content\/uploads\/2022\/11\/ENSALADA-300x169.jpg 300w, https:\/\/adeoliva.com\/wp-content\/uploads\/2022\/11\/ENSALADA-768x432.jpg 768w, https:\/\/adeoliva.com\/wp-content\/uploads\/2022\/11\/ENSALADA-600x338.jpg 600w\" sizes=\"(max-width: 344px) 100vw, 344px\" \/><\/em><\/p>\n<p style=\"text-align: center\">Salade fra\u00eeche avec cerises, fromage frais et graines de citrouille<\/p>\n","protected":false},"excerpt":{"rendered":"<ul>\n<li>Huile d&#8217;olive extra vierge TEMPRANO 3x250ml set<\/li>\n<li><strong>Nouvelle r\u00e9colte 2024\/25<\/strong><\/li>\n<li>Vari\u00e9t\u00e9 : Picual + Arbequina + Royal + Picual Eco<\/li>\n<li>Zone : Ja\u00e9n et Cordoue<\/li>\n<li>Exp\u00e9dition : 48-72h<\/li>\n<\/ul>\n","protected":false},"featured_media":20185,"template":"","meta":{"rank_math_lock_modified_date":false,"pack_references":"","_joinchat":[]},"product_brand":[],"product_cat":[1353,1352,1408],"product_tag":[],"class_list":{"0":"post-20110","1":"product","2":"type-product","3":"status-publish","4":"has-post-thumbnail","6":"product_cat-biologique","7":"product_cat-primeur","8":"product_cat-produits-gastronomiques","9":"sales-flash-overlay","10":"woocommerce-text-align-center","11":"woocommerce-image-align-center","12":"do-quantity-buttons","14":"first","15":"outofstock","16":"featured","17":"taxable","18":"shipping-taxable","19":"purchasable","20":"product-type-simple"},"tiered_pricing_type":"fixed","tiered_pricing_fixed_rules":{"3":"31.95"},"tiered_pricing_product_settings":{"layout":"default","base_unit_name":{"singular":null,"plural":null},"default_variation":null},"tiered_pricing_minimum_quantity":null,"tiered_pricing_roles_data":[],"tiered_pricing_percentage_rules":[],"tiered_pricing_maximum_quantity":null,"tiered_pricing_quantity_step":null,"_links":{"self":[{"href":"https:\/\/adeoliva.com\/fr\/wp-json\/wp\/v2\/product\/20110","targetHints":{"allow":["GET"]}}],"collection":[{"href":"https:\/\/adeoliva.com\/fr\/wp-json\/wp\/v2\/product"}],"about":[{"href":"https:\/\/adeoliva.com\/fr\/wp-json\/wp\/v2\/types\/product"}],"version-history":[{"count":0,"href":"https:\/\/adeoliva.com\/fr\/wp-json\/wp\/v2\/product\/20110\/revisions"}],"wp:featuredmedia":[{"embeddable":true,"href":"https:\/\/adeoliva.com\/fr\/wp-json\/wp\/v2\/media\/20185"}],"wp:attachment":[{"href":"https:\/\/adeoliva.com\/fr\/wp-json\/wp\/v2\/media?parent=20110"}],"wp:term":[{"taxonomy":"product_brand","embeddable":true,"href":"https:\/\/adeoliva.com\/fr\/wp-json\/wp\/v2\/product_brand?post=20110"},{"taxonomy":"product_cat","embeddable":true,"href":"https:\/\/adeoliva.com\/fr\/wp-json\/wp\/v2\/product_cat?post=20110"},{"taxonomy":"product_tag","embeddable":true,"href":"https:\/\/adeoliva.com\/fr\/wp-json\/wp\/v2\/product_tag?post=20110"}],"curies":[{"name":"wp","href":"https:\/\/api.w.org\/{rel}","templated":true}]}}