{"id":20514,"date":"2024-02-08T20:22:12","date_gmt":"2024-02-08T20:22:12","guid":{"rendered":"https:\/\/adeoliva.com\/?post_type=product&#038;p=20514"},"modified":"2025-07-01T19:26:43","modified_gmt":"2025-07-01T19:26:43","slug":"primeur","status":"publish","type":"product","link":"https:\/\/adeoliva.com\/fr\/adeoliva-picual-huile-d-olive-no1-250ml\/","title":{"rendered":"Huile d&#8217;Olive Extra Vierge Premium Picual 250ml &#8211; ADEOLIVA (Bo\u00eete 9un)"},"content":{"rendered":"<p style=\"text-align: center\"><em>Offrez le Saveur, une aventure pour les sens. <\/em><\/p>\n<p>Sans aucun doute, un choix judicieux pour captiver le palais avec ces <strong>bouteilles de 250 ml d&#8217;huile d&#8217;olive vierge extra Picual<\/strong><em> r\u00e9colt\u00e9e au d\u00e9but du mois d&#8217;octobre.<\/em> <\/p>\n<p>\ud83e\uded2 D\u00e9gustation<\/p>\n<p><strong>Vari\u00e9t\u00e9 Picual Primeur EVOO<\/strong>: La vari\u00e9t\u00e9 par excellence de notre catalogue, la Picual pr\u00e9coce. Il s&#8217;agit d&#8217;une huile d&#8217;olive de haute intensit\u00e9, avec un piquant moyen et une amertume moyenne \u00e0 faible. R\u00e9colt\u00e9e dans les champs de Ja\u00e9n (zone de Peal de Becerro).  <\/p>\n<p>\ud83e\uded2 PAIRING ALIMENTAIRE<\/p>\n<p>Recommand\u00e9e pour les vinaigrettes, les accords, les assaisonnements et toutes sortes de pr\u00e9parations crues o\u00f9 la <strong>Saveur fra\u00eeche<\/strong> d&#8217;une EVOO verte et pr\u00e9coce se distingue. osez avec cette EVOO Picual de Ja\u00e9n ! <\/p>\n<p style=\"text-align: center\"><em><img fetchpriority=\"high\" decoding=\"async\" class=\"alignnone wp-image-14695\" src=\"https:\/\/adeoliva.com\/wp-content\/uploads\/2022\/11\/ENSALADA.jpg\" alt=\"\" width=\"344\" height=\"194\" title=\"\" srcset=\"https:\/\/adeoliva.com\/wp-content\/uploads\/2022\/11\/ENSALADA.jpg 1000w, https:\/\/adeoliva.com\/wp-content\/uploads\/2022\/11\/ENSALADA-300x169.jpg 300w, https:\/\/adeoliva.com\/wp-content\/uploads\/2022\/11\/ENSALADA-768x432.jpg 768w, https:\/\/adeoliva.com\/wp-content\/uploads\/2022\/11\/ENSALADA-600x338.jpg 600w\" sizes=\"(max-width: 344px) 100vw, 344px\" \/><\/em><\/p>\n<p style=\"text-align: center\">Salade fra\u00eeche avec cerises, fromage frais et graines de citrouille<\/p>\n","protected":false},"excerpt":{"rendered":"<ul>\n<li>Huile d&#8217;olive vierge extra Primeur 250ml<\/li>\n<li><strong>OFFRE DE LANCEMENT !  <\/strong><\/li>\n<li>R\u00e9colte 24\/25<\/li>\n<li>Vari\u00e9t\u00e9 : Primeur<\/li>\n<li>Zone : Ja\u00e9n<\/li>\n<li>Exp\u00e9dition: 4 &#8211; 7 jours<\/li>\n<\/ul>\n","protected":false},"featured_media":20503,"template":"","meta":{"rank_math_lock_modified_date":false,"pack_references":"","_joinchat":[]},"product_brand":[],"product_cat":[1352,1408],"product_tag":[],"class_list":{"0":"post-20514","1":"product","2":"type-product","3":"status-publish","4":"has-post-thumbnail","6":"product_cat-primeur","7":"product_cat-produits-gastronomiques","8":"sales-flash-overlay","9":"woocommerce-text-align-center","10":"woocommerce-image-align-center","11":"do-quantity-buttons","13":"first","14":"instock","15":"featured","16":"taxable","17":"shipping-taxable","18":"purchasable","19":"product-type-simple"},"tiered_pricing_type":"fixed","tiered_pricing_fixed_rules":{"3":"69.95","5":"67.95"},"tiered_pricing_product_settings":{"layout":"default","base_unit_name":{"singular":null,"plural":null},"default_variation":null},"tiered_pricing_minimum_quantity":null,"tiered_pricing_roles_data":[],"tiered_pricing_percentage_rules":[],"tiered_pricing_maximum_quantity":null,"tiered_pricing_quantity_step":null,"_links":{"self":[{"href":"https:\/\/adeoliva.com\/fr\/wp-json\/wp\/v2\/product\/20514","targetHints":{"allow":["GET"]}}],"collection":[{"href":"https:\/\/adeoliva.com\/fr\/wp-json\/wp\/v2\/product"}],"about":[{"href":"https:\/\/adeoliva.com\/fr\/wp-json\/wp\/v2\/types\/product"}],"version-history":[{"count":0,"href":"https:\/\/adeoliva.com\/fr\/wp-json\/wp\/v2\/product\/20514\/revisions"}],"wp:featuredmedia":[{"embeddable":true,"href":"https:\/\/adeoliva.com\/fr\/wp-json\/wp\/v2\/media\/20503"}],"wp:attachment":[{"href":"https:\/\/adeoliva.com\/fr\/wp-json\/wp\/v2\/media?parent=20514"}],"wp:term":[{"taxonomy":"product_brand","embeddable":true,"href":"https:\/\/adeoliva.com\/fr\/wp-json\/wp\/v2\/product_brand?post=20514"},{"taxonomy":"product_cat","embeddable":true,"href":"https:\/\/adeoliva.com\/fr\/wp-json\/wp\/v2\/product_cat?post=20514"},{"taxonomy":"product_tag","embeddable":true,"href":"https:\/\/adeoliva.com\/fr\/wp-json\/wp\/v2\/product_tag?post=20514"}],"curies":[{"name":"wp","href":"https:\/\/api.w.org\/{rel}","templated":true}]}}