{"id":23039,"date":"2020-10-07T18:39:56","date_gmt":"2020-10-07T18:39:56","guid":{"rendered":"https:\/\/adeoliva.com\/productos\/aove-olivar-centenario-5l-cooperativa-3un\/"},"modified":"2025-11-26T22:33:26","modified_gmt":"2025-11-26T22:33:26","slug":"aove-olivar-centenario-5l-cooperativa-3un","status":"publish","type":"product","link":"https:\/\/adeoliva.com\/fr\/aove-olivar-centenario-5l-cooperativa-3un\/","title":{"rendered":"Huile d&#8217;olive EXTRA VIERGE Olivar Centenario 5L Picual (Bo\u00eete 3Uds)"},"content":{"rendered":"<p><img decoding=\"async\" class=\"emoji\" role=\"img\" src=\"https:\/\/s.w.org\/images\/core\/emoji\/13.0.0\/svg\/1fad2.svg\" alt=\"\ud83e\uded2\" title=\"\"> D\u00e9gustation<\/p>\n<p>Cette vari\u00e9t\u00e9 picual d&#8217;huile d&#8217;olive extra vierge se caract\u00e9rise par une <strong>l\u00e9g\u00e8re amertume et des d\u00e9mangeaisons dans la gorge<\/strong>.<\/p>\n<p>Sa saveur en cuisine permet de conserver, d&#8217;am\u00e9liorer et de rehausser la saveur d&#8217;autres aliments.<\/p>\n<p><img decoding=\"async\" class=\"emoji\" role=\"img\" src=\"https:\/\/s.w.org\/images\/core\/emoji\/13.0.0\/svg\/1fad2.svg\" alt=\"\ud83e\uded2\" title=\"\"> Pairing<\/p>\n<p>Id\u00e9al pour la friture, l&#8217;enrobage de farine assure une meilleure absorption de l&#8217;huile. Les aliments seront croustillants \u00e0 l&#8217;ext\u00e9rieur et juteux \u00e0 l&#8217;int\u00e9rieur. Son format et ses caract\u00e9ristiques font de cette EVOO un produit id\u00e9al pour les grandes cuisines.  <\/p>\n<p><img fetchpriority=\"high\" decoding=\"async\" class=\"wp-image-6968 aligncenter\" src=\"https:\/\/adeoliva.com\/wp-content\/uploads\/2020\/09\/pescado-frito-AOVE.jpg\" alt=\"\" width=\"313\" height=\"197\" title=\"\" srcset=\"https:\/\/adeoliva.com\/wp-content\/uploads\/2020\/09\/pescado-frito-AOVE.jpg 750w, https:\/\/adeoliva.com\/wp-content\/uploads\/2020\/09\/pescado-frito-AOVE-300x189.jpg 300w, https:\/\/adeoliva.com\/wp-content\/uploads\/2020\/09\/pescado-frito-AOVE-600x378.jpg 600w\" sizes=\"(max-width: 313px) 100vw, 313px\" \/><\/p>\n","protected":false},"excerpt":{"rendered":"<ul type=\"disc\">\n<li>Huile d&#8217;olive extra vierge coop\u00e9rative Oleocampo Tradicional<\/li>\n<li>R\u00e9colte 24\/25<\/li>\n<li>Vari\u00e9t\u00e9: Picual<\/li>\n<li>Zone : Torredelcampo\/Torredonjimeno (Ja\u00e9n)<\/li>\n<li>Exp\u00e9dition : 3 &#8211; 5 jours<\/li>\n<\/ul>\n","protected":false},"featured_media":29722,"template":"","meta":{"rank_math_lock_modified_date":false,"pack_references":"","_joinchat":[]},"product_brand":[],"product_cat":[1332],"product_tag":[],"class_list":{"0":"post-23039","1":"product","2":"type-product","3":"status-publish","4":"has-post-thumbnail","6":"product_cat-traditionnel","7":"sales-flash-overlay","8":"woocommerce-text-align-center","9":"woocommerce-image-align-center","10":"do-quantity-buttons","12":"first","13":"instock","14":"taxable","15":"shipping-taxable","16":"purchasable","17":"product-type-simple"},"tiered_pricing_type":"fixed","tiered_pricing_fixed_rules":{"2":"89.50","3":"87.50"},"tiered_pricing_product_settings":{"layout":"default","base_unit_name":{"singular":null,"plural":null},"default_variation":null},"tiered_pricing_minimum_quantity":null,"tiered_pricing_roles_data":[],"tiered_pricing_percentage_rules":[],"tiered_pricing_maximum_quantity":null,"tiered_pricing_quantity_step":null,"_links":{"self":[{"href":"https:\/\/adeoliva.com\/fr\/wp-json\/wp\/v2\/product\/23039","targetHints":{"allow":["GET"]}}],"collection":[{"href":"https:\/\/adeoliva.com\/fr\/wp-json\/wp\/v2\/product"}],"about":[{"href":"https:\/\/adeoliva.com\/fr\/wp-json\/wp\/v2\/types\/product"}],"version-history":[{"count":0,"href":"https:\/\/adeoliva.com\/fr\/wp-json\/wp\/v2\/product\/23039\/revisions"}],"wp:featuredmedia":[{"embeddable":true,"href":"https:\/\/adeoliva.com\/fr\/wp-json\/wp\/v2\/media\/29722"}],"wp:attachment":[{"href":"https:\/\/adeoliva.com\/fr\/wp-json\/wp\/v2\/media?parent=23039"}],"wp:term":[{"taxonomy":"product_brand","embeddable":true,"href":"https:\/\/adeoliva.com\/fr\/wp-json\/wp\/v2\/product_brand?post=23039"},{"taxonomy":"product_cat","embeddable":true,"href":"https:\/\/adeoliva.com\/fr\/wp-json\/wp\/v2\/product_cat?post=23039"},{"taxonomy":"product_tag","embeddable":true,"href":"https:\/\/adeoliva.com\/fr\/wp-json\/wp\/v2\/product_tag?post=23039"}],"curies":[{"name":"wp","href":"https:\/\/api.w.org\/{rel}","templated":true}]}}