{"id":23042,"date":"2020-10-07T18:34:22","date_gmt":"2020-10-07T18:34:22","guid":{"rendered":"https:\/\/adeoliva.com\/productos\/huile-d-olive-essence-du-sud-3l-cooperative-4un\/"},"modified":"2025-08-26T07:42:32","modified_gmt":"2025-08-26T07:42:32","slug":"huile-d-olive-essence-du-sud-3l-cooperative-4un","status":"publish","type":"product","link":"https:\/\/adeoliva.com\/fr\/huile-d-olive-essence-du-sud-3l-cooperative-4un\/","title":{"rendered":"Huile d&#8217;Olive Extra Vierge Esencia del Sur 3L Picual (Bo\u00eete 4Uds)"},"content":{"rendered":"<p><img decoding=\"async\" class=\"emoji\" role=\"img\" src=\"https:\/\/s.w.org\/images\/core\/emoji\/13.0.0\/svg\/1fad2.svg\" alt=\"\ud83e\uded2\" title=\"\"> <\/p>\n<p>D\u00c9GUSTATION Cette vari\u00e9t\u00e9 d&#8217;huile d&#8217;olive extra vierge picual se caract\u00e9rise par un<strong>piquant intense en gorge<\/strong>. Sa saveur en cuisine pr\u00e9serve, rehausse et potentialise la saveur des autres aliments.<\/p>\n<p><img decoding=\"async\" class=\"emoji\" role=\"img\" src=\"https:\/\/s.w.org\/images\/core\/emoji\/13.0.0\/svg\/1fad2.svg\" alt=\"\ud83e\uded2\" title=\"\"><\/p>\n<p>Association d&#8217;aliments Utilisez-la pour les cuissons moyennes\/longues telles que les fritures, les saut\u00e9s et les rago\u00fbts. Huile essentielle pour les fritures, pour faire sauter les l\u00e9gumes dans une paella et m\u00eame pour les rago\u00fbts traditionnels.<\/p>\n<p><img fetchpriority=\"high\" decoding=\"async\" class=\"wp-image-7516 aligncenter\" src=\"https:\/\/adeoliva.com\/wp-content\/uploads\/2020\/10\/hab.jpg\" alt=\"\" width=\"280\" height=\"207\" title=\"\" srcset=\"https:\/\/adeoliva.com\/wp-content\/uploads\/2020\/10\/hab.jpg 522w, https:\/\/adeoliva.com\/wp-content\/uploads\/2020\/10\/hab-300x222.jpg 300w\" sizes=\"(max-width: 280px) 100vw, 280px\" \/><\/p>\n<p>&nbsp;<\/p>\n","protected":false},"excerpt":{"rendered":"<ul type=\"disc\">\n<li>Huile d&#8217;olive vierge extra traditionnelle<\/li>\n<li>R\u00e9colte 24\/25<\/li>\n<li>Vari\u00e9t\u00e9: Picual<\/li>\n<li>Zone : Torredelcampo\/Torredonjimeno (Ja\u00e9n)<\/li>\n<li>Exp\u00e9dition : 3\/5 jours<\/li>\n<\/ul>\n","protected":false},"featured_media":29724,"template":"","meta":{"rank_math_lock_modified_date":false,"pack_references":"","_joinchat":[]},"product_brand":[],"product_cat":[1332],"product_tag":[],"class_list":{"0":"post-23042","1":"product","2":"type-product","3":"status-publish","4":"has-post-thumbnail","6":"product_cat-traditionnel","7":"sales-flash-overlay","8":"woocommerce-text-align-center","9":"woocommerce-image-align-center","10":"do-quantity-buttons","12":"first","13":"instock","14":"taxable","15":"shipping-taxable","16":"purchasable","17":"product-type-simple"},"tiered_pricing_type":"fixed","tiered_pricing_fixed_rules":{"3":"74.90"},"tiered_pricing_product_settings":{"layout":"default","base_unit_name":{"singular":null,"plural":null},"default_variation":null},"tiered_pricing_minimum_quantity":null,"tiered_pricing_roles_data":[],"tiered_pricing_percentage_rules":[],"tiered_pricing_maximum_quantity":null,"tiered_pricing_quantity_step":null,"_links":{"self":[{"href":"https:\/\/adeoliva.com\/fr\/wp-json\/wp\/v2\/product\/23042","targetHints":{"allow":["GET"]}}],"collection":[{"href":"https:\/\/adeoliva.com\/fr\/wp-json\/wp\/v2\/product"}],"about":[{"href":"https:\/\/adeoliva.com\/fr\/wp-json\/wp\/v2\/types\/product"}],"version-history":[{"count":0,"href":"https:\/\/adeoliva.com\/fr\/wp-json\/wp\/v2\/product\/23042\/revisions"}],"wp:featuredmedia":[{"embeddable":true,"href":"https:\/\/adeoliva.com\/fr\/wp-json\/wp\/v2\/media\/29724"}],"wp:attachment":[{"href":"https:\/\/adeoliva.com\/fr\/wp-json\/wp\/v2\/media?parent=23042"}],"wp:term":[{"taxonomy":"product_brand","embeddable":true,"href":"https:\/\/adeoliva.com\/fr\/wp-json\/wp\/v2\/product_brand?post=23042"},{"taxonomy":"product_cat","embeddable":true,"href":"https:\/\/adeoliva.com\/fr\/wp-json\/wp\/v2\/product_cat?post=23042"},{"taxonomy":"product_tag","embeddable":true,"href":"https:\/\/adeoliva.com\/fr\/wp-json\/wp\/v2\/product_tag?post=23042"}],"curies":[{"name":"wp","href":"https:\/\/api.w.org\/{rel}","templated":true}]}}