{"id":23043,"date":"2020-10-08T17:37:52","date_gmt":"2020-10-08T17:37:52","guid":{"rendered":"https:\/\/adeoliva.com\/productos\/huile-d-olive-puerta-de-las-villas-traditionnel-5l-boite-cooperative-3\/"},"modified":"2024-10-09T21:37:22","modified_gmt":"2024-10-09T21:37:22","slug":"huile-d-olive-puerta-de-las-villas-traditionnel-5l-boite-cooperative-3","status":"publish","type":"product","link":"https:\/\/adeoliva.com\/fr\/huile-d-olive-puerta-de-las-villas-traditionnel-5l-boite-cooperative-3\/","title":{"rendered":"Huile d&#8217;olive Puerta de Sierra de Las Villas 5L Picual Cooperative (Bo\u00eete de 3 unit\u00e9s)"},"content":{"rendered":"<p><img decoding=\"async\" class=\"emoji\" role=\"img\" src=\"https:\/\/s.w.org\/images\/core\/emoji\/13.0.0\/svg\/1fad2.svg\" alt=\"\ud83e\uded2\" title=\"\"> D\u00e9gustation<\/p>\n<p>Cette huile a un fruit\u00e9 m\u00fbr, d&#8217;intensit\u00e9 moyenne, des tons m\u00fbrs apparaissent, avec des notes de tomate, de feuille de figuier, d&#8217;artichaut&#8230; avec une amertume et un piquant moyens. Cette huile provient d&#8217;olives en v\u00e9raison, r\u00e9colt\u00e9es pendant la premi\u00e8re quinzaine de novembre dans des oliveraies situ\u00e9es dans le parc naturel de Cazorla, Segura et Las Villas et dans la campagne de la r\u00e9gion de Loma.<\/p>\n<p><img decoding=\"async\" class=\"emoji\" role=\"img\" src=\"https:\/\/s.w.org\/images\/core\/emoji\/13.0.0\/svg\/1fad2.svg\" alt=\"\ud83e\uded2\" title=\"\"> Pairing<\/p>\n<p>Recommand\u00e9 pour les salades vertes, les tomates, les viandes rouges et les viandes sal\u00e9es. A utiliser dans les toasts, les aliments crus ou frits et les rago\u00fbts.<\/p>\n<p><img decoding=\"async\" class=\"wp-image-7504 aligncenter\" src=\"https:\/\/adeoliva.com\/wp-content\/uploads\/2020\/09\/alinar-ensaladas-aove.jpg\" alt=\"\" width=\"238\" height=\"171\" title=\"\"><\/p>\n","protected":false},"excerpt":{"rendered":"<ul type=\"disc\">\n<li>Huile d&#8217;olive vierge extra traditionnelle<\/li>\n<li>R\u00e9colte 23\/24<\/li>\n<li>Vari\u00e9t\u00e9: Picual<\/li>\n<li>Zone : Mog\u00f3n (Ja\u00e9n)<\/li>\n<li>Exp\u00e9dition: 4 &#8211; 7 jours<\/li>\n<\/ul>\n","protected":false},"featured_media":29728,"template":"","meta":{"rank_math_lock_modified_date":false,"pack_references":"","_joinchat":[]},"product_brand":[],"product_cat":[1332],"product_tag":[],"class_list":{"0":"post-23043","1":"product","2":"type-product","3":"status-publish","4":"has-post-thumbnail","6":"product_cat-traditionnel","7":"sales-flash-overlay","8":"woocommerce-text-align-center","9":"woocommerce-image-align-center","10":"do-quantity-buttons","12":"first","13":"instock","14":"featured","15":"taxable","16":"shipping-taxable","17":"purchasable","18":"product-type-simple"},"tiered_pricing_type":"fixed","tiered_pricing_fixed_rules":{"2":"101.95","5":"99.95"},"tiered_pricing_product_settings":{"layout":"default","base_unit_name":{"singular":null,"plural":null},"default_variation":null},"tiered_pricing_minimum_quantity":null,"tiered_pricing_roles_data":[],"tiered_pricing_percentage_rules":[],"tiered_pricing_maximum_quantity":null,"tiered_pricing_quantity_step":null,"_links":{"self":[{"href":"https:\/\/adeoliva.com\/fr\/wp-json\/wp\/v2\/product\/23043","targetHints":{"allow":["GET"]}}],"collection":[{"href":"https:\/\/adeoliva.com\/fr\/wp-json\/wp\/v2\/product"}],"about":[{"href":"https:\/\/adeoliva.com\/fr\/wp-json\/wp\/v2\/types\/product"}],"version-history":[{"count":0,"href":"https:\/\/adeoliva.com\/fr\/wp-json\/wp\/v2\/product\/23043\/revisions"}],"wp:featuredmedia":[{"embeddable":true,"href":"https:\/\/adeoliva.com\/fr\/wp-json\/wp\/v2\/media\/29728"}],"wp:attachment":[{"href":"https:\/\/adeoliva.com\/fr\/wp-json\/wp\/v2\/media?parent=23043"}],"wp:term":[{"taxonomy":"product_brand","embeddable":true,"href":"https:\/\/adeoliva.com\/fr\/wp-json\/wp\/v2\/product_brand?post=23043"},{"taxonomy":"product_cat","embeddable":true,"href":"https:\/\/adeoliva.com\/fr\/wp-json\/wp\/v2\/product_cat?post=23043"},{"taxonomy":"product_tag","embeddable":true,"href":"https:\/\/adeoliva.com\/fr\/wp-json\/wp\/v2\/product_tag?post=23043"}],"curies":[{"name":"wp","href":"https:\/\/api.w.org\/{rel}","templated":true}]}}