{"id":23136,"date":"2024-10-15T09:57:50","date_gmt":"2024-10-15T09:57:50","guid":{"rendered":"https:\/\/adeoliva.com\/?post_type=product&#038;p=23136"},"modified":"2025-07-01T19:17:46","modified_gmt":"2025-07-01T19:17:46","slug":"pack-huile-d-olive-premium-picual-3x250ml-adeoliva","status":"publish","type":"product","link":"https:\/\/adeoliva.com\/fr\/adeoliva-picual-huile-dolive-no1-250ml-copia-2\/","title":{"rendered":"EVOO Pack N\u00ba1 Picual 3x250ml &#8211; ADEOLIVA"},"content":{"rendered":"<p style=\"text-align: center\"><em>Offrez le cadeau de la saveur et exp\u00e9rimentez le pouvoir de la saveur.  <\/em><\/p>\n<p>D\u00e9couvrez un choix parfait pour conqu\u00e9rir votre palais avec notre  <strong>Picual EVOO N\u00ba1<\/strong>  en 250 ml,  <strong>r\u00e9colt\u00e9 au d\u00e9but du mois d&#8217;octobre<\/strong>.<\/p>\n<p>\ud83e\uded2 D\u00e9gustation<\/p>\n<p>Huile d&#8217;olive vierge extra pr\u00e9coce &#8211; <strong>Vari\u00e9t\u00e9 Picual :<\/strong> Cette huile d&#8217;olive verte a <strong>le go\u00fbt le plus puissant de notre catalogue.<\/strong> Il se caract\u00e9rise par une forte intensit\u00e9, avec un piquant et une amertume mod\u00e9r\u00e9s.<\/p>\n<p>\ud83e\uded2 PAIRING ALIMENTAIRE<\/p>\n<p>Id\u00e9al pour assaisonner, accompagner et relever toutes sortes de plats crus. Son go\u00fbt frais et vert convient parfaitement \u00e0 ceux qui souhaitent agr\u00e9menter leurs pr\u00e9parations d&#8217;une huile d&#8217;olive primeur de grande qualit\u00e9. Go\u00fbtez l&#8217;EVOO Picual de Ja\u00e9n et appr\u00e9ciez sa fra\u00eecheur unique !<\/p>\n<p style=\"text-align: center\"><em><img fetchpriority=\"high\" decoding=\"async\" class=\"alignnone wp-image-14695\" src=\"https:\/\/adeoliva.com\/wp-content\/uploads\/2022\/11\/ENSALADA.jpg\" alt=\"\" width=\"344\" height=\"194\" title=\"\" srcset=\"https:\/\/adeoliva.com\/wp-content\/uploads\/2022\/11\/ENSALADA.jpg 1000w, https:\/\/adeoliva.com\/wp-content\/uploads\/2022\/11\/ENSALADA-300x169.jpg 300w, https:\/\/adeoliva.com\/wp-content\/uploads\/2022\/11\/ENSALADA-768x432.jpg 768w, https:\/\/adeoliva.com\/wp-content\/uploads\/2022\/11\/ENSALADA-600x338.jpg 600w\" sizes=\"(max-width: 344px) 100vw, 344px\" \/><\/em><\/p>\n<p style=\"text-align: center\">Salade fra\u00eeche avec cerises, fromage frais et graines de citrouille<\/p>\n","protected":false},"excerpt":{"rendered":"<ul>\n<li><strong>EARLY EVOO 3x250ml<\/strong><\/li>\n<li><span style=\"color: #ff0000\"><strong>Nouvelle r\u00e9colte 2024-25<\/strong><\/span><\/li>\n<li>Vari\u00e9t\u00e9: Picual<\/li>\n<li>Zone : Ja\u00e9n<\/li>\n<li>Exp\u00e9dition : 48-72 heures<\/li>\n<\/ul>\n","protected":false},"featured_media":23451,"template":"","meta":{"rank_math_lock_modified_date":false,"pack_references":"","_joinchat":[]},"product_brand":[],"product_cat":[1352,1408],"product_tag":[],"class_list":{"0":"post-23136","1":"product","2":"type-product","3":"status-publish","4":"has-post-thumbnail","6":"product_cat-primeur","7":"product_cat-produits-gastronomiques","8":"sales-flash-overlay","9":"woocommerce-text-align-center","10":"woocommerce-image-align-center","11":"do-quantity-buttons","13":"first","14":"instock","15":"featured","16":"taxable","17":"shipping-taxable","18":"purchasable","19":"product-type-simple"},"tiered_pricing_type":"fixed","tiered_pricing_fixed_rules":[],"tiered_pricing_product_settings":{"layout":"default","base_unit_name":{"singular":null,"plural":null},"default_variation":null},"tiered_pricing_minimum_quantity":null,"tiered_pricing_roles_data":[],"tiered_pricing_percentage_rules":[],"tiered_pricing_maximum_quantity":null,"tiered_pricing_quantity_step":null,"_links":{"self":[{"href":"https:\/\/adeoliva.com\/fr\/wp-json\/wp\/v2\/product\/23136","targetHints":{"allow":["GET"]}}],"collection":[{"href":"https:\/\/adeoliva.com\/fr\/wp-json\/wp\/v2\/product"}],"about":[{"href":"https:\/\/adeoliva.com\/fr\/wp-json\/wp\/v2\/types\/product"}],"version-history":[{"count":0,"href":"https:\/\/adeoliva.com\/fr\/wp-json\/wp\/v2\/product\/23136\/revisions"}],"wp:featuredmedia":[{"embeddable":true,"href":"https:\/\/adeoliva.com\/fr\/wp-json\/wp\/v2\/media\/23451"}],"wp:attachment":[{"href":"https:\/\/adeoliva.com\/fr\/wp-json\/wp\/v2\/media?parent=23136"}],"wp:term":[{"taxonomy":"product_brand","embeddable":true,"href":"https:\/\/adeoliva.com\/fr\/wp-json\/wp\/v2\/product_brand?post=23136"},{"taxonomy":"product_cat","embeddable":true,"href":"https:\/\/adeoliva.com\/fr\/wp-json\/wp\/v2\/product_cat?post=23136"},{"taxonomy":"product_tag","embeddable":true,"href":"https:\/\/adeoliva.com\/fr\/wp-json\/wp\/v2\/product_tag?post=23136"}],"curies":[{"name":"wp","href":"https:\/\/api.w.org\/{rel}","templated":true}]}}