{"id":23188,"date":"2024-10-15T15:35:38","date_gmt":"2024-10-15T15:35:38","guid":{"rendered":"https:\/\/adeoliva.com\/?post_type=product&#038;p=23188"},"modified":"2025-11-17T00:22:33","modified_gmt":"2025-11-17T00:22:33","slug":"pack-huile-d-olive-premium-royal-3x500ml-adeoliva","status":"publish","type":"product","link":"https:\/\/adeoliva.com\/fr\/adeoliva-picual-huile-dolive-no1-250ml-copia-copia-copia-3\/","title":{"rendered":"Pack EVOO N\u00ba2 Royal 3x500ml &#8211; ADEOLIVA"},"content":{"rendered":"<p style=\"text-align: center\"><em>Regala Sabor, un voyage pour les sens.  <\/em><\/p>\n<p>D\u00e9couvrez un choix parfait pour conqu\u00e9rir votre palais avec notre  <strong>EVOO Royal N\u00ba2<\/strong>r\u00e9colt\u00e9s \u00e0 la fin du mois d&#8217;octobre.<\/p>\n<p>\ud83e\uded2 D\u00e9gustation<\/p>\n<p>Huile d&#8217;olive vierge extra pr\u00e9coce &#8211; <strong>Vari\u00e9t\u00e9 royale<\/strong>: <strong>Cette huile d&#8217;olive vierge extra de la Sierra de Cazorla (Ja\u00e9n) se distingue par son profil fruit\u00e9<\/strong>, avec une touche de douceur et une onctuosit\u00e9 qui la rend facile \u00e0 d\u00e9guster. Il ne s&#8217;agit pas d&#8217;une huile envahissante, mais plut\u00f4t d&#8217;une huile qui \u00e9quilibre bien ses notes fra\u00eeches et l\u00e9g\u00e8res, apportant de la saveur sans \u00eatre envahissante. C&#8217;est une option int\u00e9ressante si vous recherchez une huile plus douce et diff\u00e9rente.  <\/p>\n<p>\ud83e\uded2 PAIRING ALIMENTAIRE<\/p>\n<p>Elle convient parfaitement aux plats crus tels que les salades ou les carpaccios, o\u00f9 sa d\u00e9licatesse s&#8217;ajoute sans voler la vedette. Si vous recherchez une huile qui apporte fra\u00eecheur et saveur sans \u00e9clipser les autres ingr\u00e9dients, cette Royal EVOO est un bon choix, surtout pour ceux qui appr\u00e9cient une huile plus l\u00e9g\u00e8re et facile \u00e0 combiner. <\/p>\n<p style=\"text-align: center\">\n","protected":false},"excerpt":{"rendered":"<ul>\n<li><strong>EARLY EVOO 3x500ml<\/strong><\/li>\n<li><strong>R\u00e9colte 2023-24<\/strong><\/li>\n<li>Vari\u00e9t\u00e9 : Royal<\/li>\n<li>Zone : Ja\u00e9n<\/li>\n<li>Exp\u00e9dition : 48-72 heures<\/li>\n<\/ul>\n","protected":false},"featured_media":23461,"template":"","meta":{"rank_math_lock_modified_date":false,"pack_references":"","_joinchat":[]},"product_brand":[],"product_cat":[1352,1408],"product_tag":[],"class_list":{"0":"post-23188","1":"product","2":"type-product","3":"status-publish","4":"has-post-thumbnail","6":"product_cat-primeur","7":"product_cat-produits-gastronomiques","8":"sales-flash-overlay","9":"woocommerce-text-align-center","10":"woocommerce-image-align-center","11":"do-quantity-buttons","13":"first","14":"instock","15":"featured","16":"taxable","17":"shipping-taxable","18":"purchasable","19":"product-type-simple"},"tiered_pricing_type":"fixed","tiered_pricing_fixed_rules":[],"tiered_pricing_product_settings":{"layout":"default","base_unit_name":{"singular":null,"plural":null},"default_variation":null},"tiered_pricing_minimum_quantity":null,"tiered_pricing_roles_data":[],"tiered_pricing_percentage_rules":[],"tiered_pricing_maximum_quantity":null,"tiered_pricing_quantity_step":null,"_links":{"self":[{"href":"https:\/\/adeoliva.com\/fr\/wp-json\/wp\/v2\/product\/23188","targetHints":{"allow":["GET"]}}],"collection":[{"href":"https:\/\/adeoliva.com\/fr\/wp-json\/wp\/v2\/product"}],"about":[{"href":"https:\/\/adeoliva.com\/fr\/wp-json\/wp\/v2\/types\/product"}],"version-history":[{"count":0,"href":"https:\/\/adeoliva.com\/fr\/wp-json\/wp\/v2\/product\/23188\/revisions"}],"wp:featuredmedia":[{"embeddable":true,"href":"https:\/\/adeoliva.com\/fr\/wp-json\/wp\/v2\/media\/23461"}],"wp:attachment":[{"href":"https:\/\/adeoliva.com\/fr\/wp-json\/wp\/v2\/media?parent=23188"}],"wp:term":[{"taxonomy":"product_brand","embeddable":true,"href":"https:\/\/adeoliva.com\/fr\/wp-json\/wp\/v2\/product_brand?post=23188"},{"taxonomy":"product_cat","embeddable":true,"href":"https:\/\/adeoliva.com\/fr\/wp-json\/wp\/v2\/product_cat?post=23188"},{"taxonomy":"product_tag","embeddable":true,"href":"https:\/\/adeoliva.com\/fr\/wp-json\/wp\/v2\/product_tag?post=23188"}],"curies":[{"name":"wp","href":"https:\/\/api.w.org\/{rel}","templated":true}]}}