{"id":23192,"date":"2024-10-15T15:37:07","date_gmt":"2024-10-15T15:37:07","guid":{"rendered":"https:\/\/adeoliva.com\/?post_type=product&#038;p=23192"},"modified":"2025-07-01T19:13:21","modified_gmt":"2025-07-01T19:13:21","slug":"pack-huile-d-olive-premium-arbequina-3x500ml-adeoliva","status":"publish","type":"product","link":"https:\/\/adeoliva.com\/fr\/adeoliva-picual-huile-dolive-no1-250ml-copia-copia-copia-copia-3\/","title":{"rendered":"EVOO Pack N\u00ba3 Arbequina 3x500ml &#8211; ADEOLIVA"},"content":{"rendered":"<p style=\"text-align: center\"><em>Offrez une saveur, une touche douce et aromatique.<\/em><\/p>\n<p>Choisissez un d\u00e9tail qui apporte fra\u00eecheur et douceur. Notre <strong>Arbequina EVOO N\u00ba3<\/strong>, r\u00e9colt\u00e9e d\u00e9but novembre, provient de la Sierra de Rute (Cordoue), une r\u00e9gion connue pour produire cette vari\u00e9t\u00e9 au caract\u00e8re particulier. <\/p>\n<p>\ud83e\uded2 D\u00e9gustation<\/p>\n<p>Huile d&#8217;olive vierge extra pr\u00e9coce &#8211; <strong>Vari\u00e9t\u00e9 Arbequina<\/strong>: <strong>Cette huile d&#8217;olive vierge extra de Cordoue se caract\u00e9rise par un profil doux et fruit\u00e9<\/strong>, avec des notes de pomme et d&#8217;amande. Son acidit\u00e9 est \u00e9quilibr\u00e9e, ce qui la rend tr\u00e8s l\u00e9g\u00e8re en bouche, sans perdre sa fra\u00eecheur. Elle est parfaite si vous recherchez une huile douce et aromatique, id\u00e9ale pour ceux qui pr\u00e9f\u00e8rent une saveur moins intense mais avec du caract\u00e8re.  <\/p>\n<p>\ud83e\uded2 PAIRING ALIMENTAIRE<\/p>\n<p>L&#8217;Arbequina est un excellent choix pour les plats d\u00e9licats tels que le poisson blanc, les salades fra\u00eeches ou m\u00eame comme touche finale pour les desserts, tels que les fruits ou la cr\u00e8me glac\u00e9e, o\u00f9 sa douceur et ses touches fruit\u00e9es compl\u00e8tent sans dominer. Elle est \u00e9galement parfaite pour pr\u00e9parer des sauces ou des \u00e9mulsions onctueuses, telles qu&#8217;une mayonnaise ou un a\u00efoli maison. <\/p>\n<p style=\"text-align: center\">\n","protected":false},"excerpt":{"rendered":"<ul>\n<li><strong>EARLY EVOO 3x500ml<\/strong><\/li>\n<li><strong>R\u00e9colte 2023-24<\/strong><\/li>\n<li>Vari\u00e9t\u00e9 : Arbequina<\/li>\n<li>Zone : Cordoue<\/li>\n<li>Exp\u00e9dition : 48-72 heures<\/li>\n<\/ul>\n","protected":false},"featured_media":23455,"template":"","meta":{"rank_math_lock_modified_date":false,"pack_references":"","_joinchat":[]},"product_brand":[],"product_cat":[1352,1408],"product_tag":[],"class_list":{"0":"post-23192","1":"product","2":"type-product","3":"status-publish","4":"has-post-thumbnail","6":"product_cat-primeur","7":"product_cat-produits-gastronomiques","8":"sales-flash-overlay","9":"woocommerce-text-align-center","10":"woocommerce-image-align-center","11":"do-quantity-buttons","13":"first","14":"instock","15":"featured","16":"taxable","17":"shipping-taxable","18":"purchasable","19":"product-type-simple"},"tiered_pricing_type":"fixed","tiered_pricing_fixed_rules":[],"tiered_pricing_product_settings":{"layout":"default","base_unit_name":{"singular":null,"plural":null},"default_variation":null},"tiered_pricing_minimum_quantity":null,"tiered_pricing_roles_data":[],"tiered_pricing_percentage_rules":[],"tiered_pricing_maximum_quantity":null,"tiered_pricing_quantity_step":null,"_links":{"self":[{"href":"https:\/\/adeoliva.com\/fr\/wp-json\/wp\/v2\/product\/23192","targetHints":{"allow":["GET"]}}],"collection":[{"href":"https:\/\/adeoliva.com\/fr\/wp-json\/wp\/v2\/product"}],"about":[{"href":"https:\/\/adeoliva.com\/fr\/wp-json\/wp\/v2\/types\/product"}],"version-history":[{"count":0,"href":"https:\/\/adeoliva.com\/fr\/wp-json\/wp\/v2\/product\/23192\/revisions"}],"wp:featuredmedia":[{"embeddable":true,"href":"https:\/\/adeoliva.com\/fr\/wp-json\/wp\/v2\/media\/23455"}],"wp:attachment":[{"href":"https:\/\/adeoliva.com\/fr\/wp-json\/wp\/v2\/media?parent=23192"}],"wp:term":[{"taxonomy":"product_brand","embeddable":true,"href":"https:\/\/adeoliva.com\/fr\/wp-json\/wp\/v2\/product_brand?post=23192"},{"taxonomy":"product_cat","embeddable":true,"href":"https:\/\/adeoliva.com\/fr\/wp-json\/wp\/v2\/product_cat?post=23192"},{"taxonomy":"product_tag","embeddable":true,"href":"https:\/\/adeoliva.com\/fr\/wp-json\/wp\/v2\/product_tag?post=23192"}],"curies":[{"name":"wp","href":"https:\/\/api.w.org\/{rel}","templated":true}]}}