{"id":23673,"date":"2022-09-09T20:07:23","date_gmt":"2022-09-09T20:07:23","guid":{"rendered":"https:\/\/adeoliva.com\/productos\/olive-oil-premium-mikado-customisable-100ml-events\/"},"modified":"2025-09-11T19:13:01","modified_gmt":"2025-09-11T19:13:01","slug":"olive-oil-premium-mikado-customisable-100ml-events","status":"publish","type":"product","link":"https:\/\/adeoliva.com\/fr\/huile-d-oilive-premium-mikado-personnalisable-100ml-mariages\/","title":{"rendered":"Huile d&#8217;Olive PREMIUM en Mikado 100ml personnalisable pour les \u00e9v\u00e9nements"},"content":{"rendered":"<p><img decoding=\"async\" class=\"emoji\" role=\"img\" src=\"https:\/\/s.w.org\/images\/core\/emoji\/13.0.0\/svg\/1fad2.svg\" alt=\"\ud83e\uded2\" title=\"\"> D\u00c9GUSTATION<\/p>\n<p><strong>Picual conventionnel (Dec) :<\/strong> Huile d&#8217;olive Extra Vierge \u00e0 la saveur intense et au go\u00fbt \u00e9pic\u00e9. Ar\u00f4mes d&#8217;olive, de tomate et de figuier.<\/p>\n<p><strong>Picual Temprano (octobre) :<\/strong> huile d&#8217;olive verte <strong>pr\u00e9coce<\/strong> caract\u00e9ris\u00e9e par une saveur herbac\u00e9e fra\u00eeche, avec un \u00e9quilibre entre le piquant et l&#8217;amertume.<\/p>\n<p><strong>Royal Temprano (novembre) :<\/strong>Huile d&#8217;olive Extra Vierge de la vari\u00e9t\u00e9 Royal pr\u00e9coce \u00e0 la saveur fruit\u00e9e, douce et aromatique.<\/p>\n<p><strong>Picual Ecol\u00f3gico (octobre) :<\/strong>Huile d&#8217;olive Extra Vierge de la vari\u00e9t\u00e9 Picual pr\u00e9coce avec un piquant intense et une amertume mod\u00e9r\u00e9e en bouche.<\/p>\n<p><img decoding=\"async\" class=\"emoji\" role=\"img\" src=\"https:\/\/s.w.org\/images\/core\/emoji\/13.0.0\/svg\/1fad2.svg\" alt=\"\ud83e\uded2\" title=\"\">  PERSONNALISATION<\/p>\n<p>Nous personnalisons enti\u00e8rement les bouteilles mikado : s\u00e9rigraphie, \u00e9tiquette frontale et\/ou carte sur le col de la bouteille, pour donner une touche sp\u00e9ciale \u00e0 votre \u00e9v\u00e9nement. La s\u00e9rigraphie personnalis\u00e9e n&#8217;est possible que pour les formats Picual Primeur et Verde Picual.<\/p>\n<p>Le <strong>go\u00fbt et la<\/strong> <strong>couleur vert \u00e9meraude de l&#8217;huile de picual Verde<\/strong>, due \u00e0 sa r\u00e9colte pr\u00e9coce, conf\u00e8rent \u00e0 la petite bouteille une touche tr\u00e8s spectaculaire. C&#8217;est un cadeau tr\u00e8s attrayant !<\/p>\n<p><strong>Important !<\/strong>  Commandez au moins un mois \u00e0 l&#8217;avance afin que nous ayons le temps de concevoir, de pr\u00e9parer et d&#8217;exp\u00e9dier les produits. Si vous disposez de moins de temps, veuillez nous contacter \u00e0 l&#8217;avance par Whatsapp ou par le <a href=\"https:\/\/adeoliva.com\/fr\/contactez-nous\/\">formulaire de contact.<\/a> <\/p>\n<p>Si vous avez des questions, n&#8217;h\u00e9sitez pas \u00e0 nous contacter via notre t\u00e9l\u00e9phone portable +34 603 45 85 58, Whatsapp ou le <a href=\"https:\/\/adeoliva.com\/fr\/contactez-nous\/\">formulaire de contact<\/a>.<\/p>\n<p>&nbsp;<\/p>\n<p><video src=\"https:\/\/adeoliva.com\/wp-content\/uploads\/2023\/03\/rellenado-frasca-adeoliva-bodas-y-comuniones-100ml_1.mp4\" preload=\"metadata\" controls=\"controls\" width=\"350\" height=\"350\"><\/video><\/p>\n","protected":false},"excerpt":{"rendered":"<p>Huile d&#8217;olive extra vierge en format cadeau pour les mariages, les bapt\u00eames, les communions et toutes sortes d&#8217;\u00e9v\u00e9nements.<\/p>\n<ul style=\"border: 0px; margin: 0px 0px 1.5em 3em; padding: 0px; font-family: sans-serif; font-size: 16px;\">\n<li><strong><span style=\"color: #ff0000;\">La personnalisation n&#8217;est pas disponible pour les commandes inf\u00e9rieures \u00e0 30 unit\u00e9s.<\/span><\/strong><\/li>\n<li><strong>Nouvelle r\u00e9colte 2024\/25.<\/strong><\/li>\n<li><strong>Vari\u00e9t\u00e9s :<\/strong> Arbequina, Royal, Picual ou Picual Eco.<\/li>\n<li>Prix \u00e0 l&#8217;unit\u00e9.<\/li>\n<li><span style=\"text-decoration: underline;\"><strong>Personnalisation<\/strong><\/span>Personnalisation : \u00e9tiquette frontale, s\u00e9rigraphie et carte de suspension, enti\u00e8rement personnalisable \u00e0 <strong>partir de 30 unit\u00e9s.<\/strong> Une fois la commande pass\u00e9e, nous vous contactons pour vous proposer 3 mod\u00e8les ou, si vous le pr\u00e9f\u00e9rez, nous pouvons le faire avec votre propre mod\u00e8le.<\/li>\n<li><strong>NOTE :<\/strong> Pour la vari\u00e9t\u00e9 <strong>Verde Picual<\/strong>, nous proposons une <strong>s\u00e9rigraphie<\/strong> blanche afin de mettre en valeur la couleur vert \u00e9meraude et le contraste des couleurs.<\/li>\n<\/ul>\n","protected":false},"featured_media":18598,"template":"","meta":{"rank_math_lock_modified_date":false,"pack_references":"","_joinchat":[]},"product_brand":[],"product_cat":[1353,1352,1332],"product_tag":[1355,1420],"class_list":{"0":"post-23673","1":"product","2":"type-product","3":"status-publish","4":"has-post-thumbnail","6":"product_cat-biologique","7":"product_cat-primeur","8":"product_cat-traditionnel","9":"product_tag-cadeau","10":"product_tag-mariages","11":"sales-flash-overlay","12":"woocommerce-text-align-center","13":"woocommerce-image-align-center","14":"do-quantity-buttons","16":"first","17":"instock","18":"taxable","19":"shipping-taxable","20":"purchasable","21":"product-type-simple"},"tiered_pricing_type":"fixed","tiered_pricing_fixed_rules":{"60":"3.65","100":"3.55","150":"3.40"},"tiered_pricing_product_settings":{"layout":"default","base_unit_name":{"singular":null,"plural":null},"default_variation":null},"tiered_pricing_minimum_quantity":30,"tiered_pricing_roles_data":[],"tiered_pricing_percentage_rules":[],"tiered_pricing_maximum_quantity":null,"tiered_pricing_quantity_step":null,"_links":{"self":[{"href":"https:\/\/adeoliva.com\/fr\/wp-json\/wp\/v2\/product\/23673","targetHints":{"allow":["GET"]}}],"collection":[{"href":"https:\/\/adeoliva.com\/fr\/wp-json\/wp\/v2\/product"}],"about":[{"href":"https:\/\/adeoliva.com\/fr\/wp-json\/wp\/v2\/types\/product"}],"version-history":[{"count":0,"href":"https:\/\/adeoliva.com\/fr\/wp-json\/wp\/v2\/product\/23673\/revisions"}],"wp:featuredmedia":[{"embeddable":true,"href":"https:\/\/adeoliva.com\/fr\/wp-json\/wp\/v2\/media\/18598"}],"wp:attachment":[{"href":"https:\/\/adeoliva.com\/fr\/wp-json\/wp\/v2\/media?parent=23673"}],"wp:term":[{"taxonomy":"product_brand","embeddable":true,"href":"https:\/\/adeoliva.com\/fr\/wp-json\/wp\/v2\/product_brand?post=23673"},{"taxonomy":"product_cat","embeddable":true,"href":"https:\/\/adeoliva.com\/fr\/wp-json\/wp\/v2\/product_cat?post=23673"},{"taxonomy":"product_tag","embeddable":true,"href":"https:\/\/adeoliva.com\/fr\/wp-json\/wp\/v2\/product_tag?post=23673"}],"curies":[{"name":"wp","href":"https:\/\/api.w.org\/{rel}","templated":true}]}}