{"id":23686,"date":"2021-01-23T21:18:18","date_gmt":"2021-01-23T21:18:18","guid":{"rendered":"https:\/\/adeoliva.com\/productos\/tireur-de-panier\/"},"modified":"2024-10-28T13:08:29","modified_gmt":"2024-10-28T13:08:29","slug":"tireur-de-panier","status":"publish","type":"product","link":"https:\/\/adeoliva.com\/fr\/tireur-de-panier\/","title":{"rendered":"Corbeille de toilette"},"content":{"rendered":"\t\t<div data-elementor-type=\"product-post\" data-elementor-id=\"23686\" class=\"elementor elementor-23686 elementor-5151\" data-elementor-post-type=\"product\">\n\t\t\t\t\t\t<section class=\"elementor-section elementor-top-section elementor-element elementor-element-55cc6afb elementor-section-boxed elementor-section-height-default elementor-section-height-default\" data-id=\"55cc6afb\" data-element_type=\"section\">\n\t\t\t\t\t\t<div class=\"elementor-container elementor-column-gap-default\">\n\t\t\t\t\t<div class=\"elementor-column elementor-col-100 elementor-top-column elementor-element elementor-element-522e0c80\" data-id=\"522e0c80\" data-element_type=\"column\">\n\t\t\t<div class=\"elementor-widget-wrap elementor-element-populated\">\n\t\t\t\t\t\t<div class=\"elementor-element elementor-element-6277b168 elementor-widget elementor-widget-text-editor\" data-id=\"6277b168\" data-element_type=\"widget\" data-widget_type=\"text-editor.default\">\n\t\t\t\t<div class=\"elementor-widget-container\">\n\t\t\t\t\t\t\t\t\tPlusieurs \u00e9tudes ont montr\u00e9 que les propri\u00e9t\u00e9s r\u00e9g\u00e9n\u00e9ratrices de l&#8217;huile d&#8217;olive s&#8217;appliquent parfaitement aux soins capillaires. C&#8217;est pourquoi ce shampooing a \u00e9t\u00e9 \u00e9labor\u00e9 \u00e0 partir d&#8217;huile d&#8217;olive extra vierge. La richesse en acides gras essentiels du gel EVOO contribue \u00e0 restaurer l&#8217;hydratation naturelle de la peau, en plus de son effet r\u00e9parateur sur les membranes cellulaires au niveau dermatologique. Il convient donc \u00e0 tous les types de peau. Body mil cosmetic olive tree est id\u00e9al pour un usage quotidien. Sa teneur \u00e9lev\u00e9e en acides gras essentiels aide \u00e0 pr\u00e9venir le vieillissement pr\u00e9matur\u00e9 de la peau, les vergetures et les rides. \n\n \n\n \t\t\t\t\t\t\t\t<\/div>\n\t\t\t\t<\/div>\n\t\t\t\t\t<\/div>\n\t\t<\/div>\n\t\t\t\t\t<\/div>\n\t\t<\/section>\n\t\t\t\t<\/div>\n\t\t","protected":false},"excerpt":{"rendered":"<ul>\n<li>Corbeille de toilette\n<ul>\n<li>Shampooing 250 ml<\/li>\n<li>Gel 250 ml<\/li>\n<li>Lait corporel 250 ml<\/li>\n<li>Cr\u00e8me pour les mains 100 ml<\/li>\n<li>Savon AOVE et Aloe Vera 125 g<\/li>\n<li>Savon 30 gr<\/li>\n<\/ul>\n<\/li>\n<li>Cr\u00e8me pour le visage GIFT !<\/li>\n<li>Huile corporelle en cadeau !<\/li>\n<\/ul>\n","protected":false},"featured_media":18049,"template":"","meta":{"rank_math_lock_modified_date":false,"pack_references":"","_joinchat":[]},"product_brand":[],"product_cat":[1411],"product_tag":[1355],"class_list":{"0":"post-23686","1":"product","2":"type-product","3":"status-publish","4":"has-post-thumbnail","6":"product_cat-cosmetiques","7":"product_tag-cadeau","8":"sales-flash-overlay","9":"woocommerce-text-align-center","10":"woocommerce-image-align-center","11":"do-quantity-buttons","13":"first","14":"instock","15":"taxable","16":"shipping-taxable","17":"purchasable","18":"product-type-simple"},"tiered_pricing_type":"fixed","tiered_pricing_fixed_rules":[],"tiered_pricing_product_settings":{"layout":"default","base_unit_name":{"singular":null,"plural":null},"default_variation":null},"tiered_pricing_minimum_quantity":null,"tiered_pricing_roles_data":[],"tiered_pricing_percentage_rules":[],"tiered_pricing_maximum_quantity":null,"tiered_pricing_quantity_step":null,"_links":{"self":[{"href":"https:\/\/adeoliva.com\/fr\/wp-json\/wp\/v2\/product\/23686","targetHints":{"allow":["GET"]}}],"collection":[{"href":"https:\/\/adeoliva.com\/fr\/wp-json\/wp\/v2\/product"}],"about":[{"href":"https:\/\/adeoliva.com\/fr\/wp-json\/wp\/v2\/types\/product"}],"version-history":[{"count":0,"href":"https:\/\/adeoliva.com\/fr\/wp-json\/wp\/v2\/product\/23686\/revisions"}],"wp:featuredmedia":[{"embeddable":true,"href":"https:\/\/adeoliva.com\/fr\/wp-json\/wp\/v2\/media\/18049"}],"wp:attachment":[{"href":"https:\/\/adeoliva.com\/fr\/wp-json\/wp\/v2\/media?parent=23686"}],"wp:term":[{"taxonomy":"product_brand","embeddable":true,"href":"https:\/\/adeoliva.com\/fr\/wp-json\/wp\/v2\/product_brand?post=23686"},{"taxonomy":"product_cat","embeddable":true,"href":"https:\/\/adeoliva.com\/fr\/wp-json\/wp\/v2\/product_cat?post=23686"},{"taxonomy":"product_tag","embeddable":true,"href":"https:\/\/adeoliva.com\/fr\/wp-json\/wp\/v2\/product_tag?post=23686"}],"curies":[{"name":"wp","href":"https:\/\/api.w.org\/{rel}","templated":true}]}}