{"id":23688,"date":"2021-01-23T21:00:09","date_gmt":"2021-01-23T21:00:09","guid":{"rendered":"https:\/\/adeoliva.com\/productos\/panier-pequena-champu-o-gel-creme-savon\/"},"modified":"2021-01-23T21:00:09","modified_gmt":"2021-01-23T21:00:09","slug":"panier-pequena-champu-o-gel-creme-savon","status":"publish","type":"product","link":"https:\/\/adeoliva.com\/fr\/panier-pequena-champu-o-gel-creme-savon\/","title":{"rendered":"Petit panier (Shampooing ou Gel + Cr\u00e8me + Savon)"},"content":{"rendered":"<p>Plusieurs \u00e9tudes ont montr\u00e9 que les propri\u00e9t\u00e9s r\u00e9g\u00e9n\u00e9ratrices de l&#8217;huile d&#8217;olive s&#8217;appliquent parfaitement aux soins capillaires. C&#8217;est pourquoi ce shampooing a \u00e9t\u00e9 \u00e9labor\u00e9 \u00e0 partir d&#8217;huile d&#8217;olive extra vierge. La richesse en acides gras essentiels du gel d&#8217;huile d&#8217;olive contribue \u00e0 restaurer l&#8217;hydratation naturelle de la peau, en plus de son effet r\u00e9parateur sur les membranes cellulaires au niveau dermatologique. Il convient donc \u00e0 tous les types de peau. Le lait corporel cosm\u00e9tique \u00e0 l&#8217;olivier est id\u00e9al pour un usage quotidien. Sa teneur \u00e9lev\u00e9e en acides gras essentiels aide \u00e0 pr\u00e9venir le vieillissement pr\u00e9matur\u00e9 de la peau, les vergetures et les rides. De plus, sa formule \u00e0 base d&#8217;huile d&#8217;olive hydrate en profondeur les peaux s\u00e8ches. <\/p>\n","protected":false},"excerpt":{"rendered":"<ul>\n<li>Lot huile d&#8217;olive\n<ul>\n<li>Shampooing ou gel 250 ml<\/li>\n<li>Lait corporel 250 ml<\/li>\n<li>Savon personnel en bandes 125 gr<\/li>\n<\/ul>\n<\/li>\n<\/ul>\n","protected":false},"featured_media":18045,"template":"","meta":{"rank_math_lock_modified_date":false,"pack_references":"","_joinchat":[]},"product_brand":[],"product_cat":[1411],"product_tag":[1355],"class_list":{"0":"post-23688","1":"product","2":"type-product","3":"status-publish","4":"has-post-thumbnail","6":"product_cat-cosmetiques","7":"product_tag-cadeau","8":"sales-flash-overlay","9":"woocommerce-text-align-center","10":"woocommerce-image-align-center","11":"do-quantity-buttons","13":"first","14":"instock","15":"taxable","16":"shipping-taxable","17":"purchasable","18":"product-type-simple"},"tiered_pricing_type":"fixed","tiered_pricing_fixed_rules":[],"tiered_pricing_product_settings":{"layout":"default","base_unit_name":{"singular":null,"plural":null},"default_variation":null},"tiered_pricing_minimum_quantity":null,"tiered_pricing_roles_data":[],"tiered_pricing_percentage_rules":[],"tiered_pricing_maximum_quantity":null,"tiered_pricing_quantity_step":null,"_links":{"self":[{"href":"https:\/\/adeoliva.com\/fr\/wp-json\/wp\/v2\/product\/23688","targetHints":{"allow":["GET"]}}],"collection":[{"href":"https:\/\/adeoliva.com\/fr\/wp-json\/wp\/v2\/product"}],"about":[{"href":"https:\/\/adeoliva.com\/fr\/wp-json\/wp\/v2\/types\/product"}],"version-history":[{"count":0,"href":"https:\/\/adeoliva.com\/fr\/wp-json\/wp\/v2\/product\/23688\/revisions"}],"wp:featuredmedia":[{"embeddable":true,"href":"https:\/\/adeoliva.com\/fr\/wp-json\/wp\/v2\/media\/18045"}],"wp:attachment":[{"href":"https:\/\/adeoliva.com\/fr\/wp-json\/wp\/v2\/media?parent=23688"}],"wp:term":[{"taxonomy":"product_brand","embeddable":true,"href":"https:\/\/adeoliva.com\/fr\/wp-json\/wp\/v2\/product_brand?post=23688"},{"taxonomy":"product_cat","embeddable":true,"href":"https:\/\/adeoliva.com\/fr\/wp-json\/wp\/v2\/product_cat?post=23688"},{"taxonomy":"product_tag","embeddable":true,"href":"https:\/\/adeoliva.com\/fr\/wp-json\/wp\/v2\/product_tag?post=23688"}],"curies":[{"name":"wp","href":"https:\/\/api.w.org\/{rel}","templated":true}]}}