{"id":23718,"date":"2024-10-27T19:46:33","date_gmt":"2024-10-27T19:46:33","guid":{"rendered":"https:\/\/adeoliva.com\/productos\/aove-olive-green-olive-green-picual-no5-3-unites\/"},"modified":"2024-10-27T19:46:33","modified_gmt":"2024-10-27T19:46:33","slug":"aove-olive-green-olive-green-picual-no5-3-unites","status":"publish","type":"product","link":"https:\/\/adeoliva.com\/fr\/aove-olive-green-olive-green-picual-no5-3-unites\/","title":{"rendered":"Huile d&#8217;Olive Extra Vierge ADEOLIVA VERTE PICUAL N\u00ba5 (3 unit\u00e9s)"},"content":{"rendered":"<p>\ud83e\uded2 D\u00e9gustation<\/p>\n<ul>\n<li>Couleur vert vif.<\/li>\n<li>Saveur fruit\u00e9e avec un l\u00e9ger piquant non cumulatif qui dispara\u00eet en bouche.<\/li>\n<li>Ar\u00f4me d&#8217;herbe fra\u00eechement coup\u00e9e, de pomme verte et de figuier.<\/li>\n<\/ul>\n<p>\ud83e\uded2 PAIRING ALIMENTAIRE<\/p>\n<ul>\n<li>Vinaigrettes et assaisonnements pour salades.<\/li>\n<li>Poisson bleu.<\/li>\n<li>Carpaccios, tataki de saumon ou de thon.<\/li>\n<li>Tartare d&#8217;avocat et de tomate.<\/li>\n<\/ul>\n<p><strong>Adeoliva N\u00ba4 Picual <\/strong>est la version cantine de notre produit phare <strong>Adeoliva N\u00ba1 <\/strong>. Cette huile d&#8217;olive verte conditionn\u00e9e dans une bouteille transparente de 200 ml est une exp\u00e9rience sensorielle exceptionnelle. La bouteille en verre transparent de 200 ml permet \u00e0 l&#8217;huile d&#8217;olive d&#8217;un vert \u00e9clatant de se distinguer encore davantage. L&#8217;huile d&#8217;olive de la r\u00e9colte pr\u00e9coce est richement aromatique et poss\u00e8de une saveur verte intense qui se distingue des huiles d&#8217;olive les plus courantes. \u00c0 la d\u00e9gustation, sa saveur vive et sa texture douce et onctueuse s&#8217;associent pour cr\u00e9er une exp\u00e9rience gastronomique unique.   <\/p>\n<p><img fetchpriority=\"high\" decoding=\"async\" class=\"wp-image-20403 aligncenter\" src=\"https:\/\/adeoliva.com\/wp-content\/uploads\/2024\/01\/DSC02409-2-scaled.jpg\" alt=\"\" width=\"448\" height=\"338\" title=\"\" srcset=\"https:\/\/adeoliva.com\/wp-content\/uploads\/2024\/01\/DSC02409-2-scaled.jpg 2560w, https:\/\/adeoliva.com\/wp-content\/uploads\/2024\/01\/DSC02409-2-300x227.jpg 300w, https:\/\/adeoliva.com\/wp-content\/uploads\/2024\/01\/DSC02409-2-1024x773.jpg 1024w, https:\/\/adeoliva.com\/wp-content\/uploads\/2024\/01\/DSC02409-2-768x580.jpg 768w, https:\/\/adeoliva.com\/wp-content\/uploads\/2024\/01\/DSC02409-2-1536x1160.jpg 1536w, https:\/\/adeoliva.com\/wp-content\/uploads\/2024\/01\/DSC02409-2-2048x1547.jpg 2048w, https:\/\/adeoliva.com\/wp-content\/uploads\/2024\/01\/DSC02409-2-600x453.jpg 600w\" sizes=\"(max-width: 448px) 100vw, 448px\" \/><\/p>\n<p style=\"text-align: center;\">EVOO au chocolat, aux noix et aux oranges<\/p>\n","protected":false},"excerpt":{"rendered":"<ul>\n<li>Pack 3 unit\u00e9s Primeur Picual 200ml<\/li>\n<li><strong>NOUVELLE R\u00c9COLTE DISPONIBLE !<\/strong><\/li>\n<li>R\u00e9colte 2024\/25<\/li>\n<li>Vari\u00e9t\u00e9: Picual<\/li>\n<li>Zone : \u00dabeda (Ja\u00e9n)<\/li>\n<li>Exp\u00e9dition : 3\/5 jours<\/li>\n<\/ul>\n<p style=\"margin: 0px 0px 10px; padding: 0px; color: #000000; font-family: LaguSans, Verdana, Arial, Helvetica; font-size: 17px;\">\n","protected":false},"featured_media":23699,"template":"","meta":{"rank_math_lock_modified_date":false,"pack_references":"","_joinchat":[]},"product_brand":[],"product_cat":[1352,1408],"product_tag":[],"class_list":{"0":"post-23718","1":"product","2":"type-product","3":"status-publish","4":"has-post-thumbnail","6":"product_cat-primeur","7":"product_cat-produits-gastronomiques","8":"sales-flash-overlay","9":"woocommerce-text-align-center","10":"woocommerce-image-align-center","11":"do-quantity-buttons","13":"first","14":"instock","15":"featured","16":"taxable","17":"shipping-taxable","18":"purchasable","19":"product-type-simple"},"tiered_pricing_type":"fixed","tiered_pricing_fixed_rules":[],"tiered_pricing_product_settings":{"layout":"default","base_unit_name":{"singular":null,"plural":null},"default_variation":null},"tiered_pricing_minimum_quantity":null,"tiered_pricing_roles_data":[],"tiered_pricing_percentage_rules":[],"tiered_pricing_maximum_quantity":null,"tiered_pricing_quantity_step":null,"_links":{"self":[{"href":"https:\/\/adeoliva.com\/fr\/wp-json\/wp\/v2\/product\/23718","targetHints":{"allow":["GET"]}}],"collection":[{"href":"https:\/\/adeoliva.com\/fr\/wp-json\/wp\/v2\/product"}],"about":[{"href":"https:\/\/adeoliva.com\/fr\/wp-json\/wp\/v2\/types\/product"}],"version-history":[{"count":0,"href":"https:\/\/adeoliva.com\/fr\/wp-json\/wp\/v2\/product\/23718\/revisions"}],"wp:featuredmedia":[{"embeddable":true,"href":"https:\/\/adeoliva.com\/fr\/wp-json\/wp\/v2\/media\/23699"}],"wp:attachment":[{"href":"https:\/\/adeoliva.com\/fr\/wp-json\/wp\/v2\/media?parent=23718"}],"wp:term":[{"taxonomy":"product_brand","embeddable":true,"href":"https:\/\/adeoliva.com\/fr\/wp-json\/wp\/v2\/product_brand?post=23718"},{"taxonomy":"product_cat","embeddable":true,"href":"https:\/\/adeoliva.com\/fr\/wp-json\/wp\/v2\/product_cat?post=23718"},{"taxonomy":"product_tag","embeddable":true,"href":"https:\/\/adeoliva.com\/fr\/wp-json\/wp\/v2\/product_tag?post=23718"}],"curies":[{"name":"wp","href":"https:\/\/api.w.org\/{rel}","templated":true}]}}