{"id":23807,"date":"2024-11-03T10:07:25","date_gmt":"2024-11-03T10:07:25","guid":{"rendered":"https:\/\/adeoliva.com\/?post_type=product&#038;p=23807"},"modified":"2026-01-29T11:12:55","modified_gmt":"2026-01-29T11:12:55","slug":"alcohol-de-romero-aove-ecologico-2","status":"publish","type":"product","link":"https:\/\/adeoliva.com\/alcohol-de-romero-aove-ecologico\/","title":{"rendered":"T Alcohol de Romero AOVE Ecol\u00f3gico"},"content":{"rendered":"<p>Durante la <strong>elaboraci\u00f3n<\/strong> de esta receta tradicional, el alcohol fue enriquecido con vitamina E. Esta maduraci\u00f3n, junto con el Romero y el Aceite de Oliva Virgen Extra, consiguen aportar as\u00ed un alto contenido hidratante a nuestra piel.<\/p>\n<p>El <strong>objetivo<\/strong> del alcohol de romero de AOVE es combinarse con nuestras manos para impartir masajes tonificantes en profundidad sobre partes del cuerpo tensas y articulaciones doloridas o fatigadas.<\/p>\n<p>El alcohol de romero de AOVE tiene la <strong>garant\u00eda<\/strong> de haber sido elaborado con alcohol de primera calidad, aceite de oliva virgen extra y planta de romero reci\u00e9n recolectada.<\/p>\n<p><img fetchpriority=\"high\" decoding=\"async\" class=\"wp-image-5488 aligncenter\" src=\"https:\/\/adeoliva.com\/wp-content\/uploads\/2021\/01\/alcohol-de-romero-aceite-oliva-ecologico-preparacion.jpg\" alt=\"alcohol de romero aceite oliva ecologico preparaci\u00f3n\" width=\"457\" height=\"295\" title=\"\" srcset=\"https:\/\/adeoliva.com\/wp-content\/uploads\/2021\/01\/alcohol-de-romero-aceite-oliva-ecologico-preparacion.jpg 961w, https:\/\/adeoliva.com\/wp-content\/uploads\/2021\/01\/alcohol-de-romero-aceite-oliva-ecologico-preparacion-300x194.jpg 300w, https:\/\/adeoliva.com\/wp-content\/uploads\/2021\/01\/alcohol-de-romero-aceite-oliva-ecologico-preparacion-768x495.jpg 768w, https:\/\/adeoliva.com\/wp-content\/uploads\/2021\/01\/alcohol-de-romero-aceite-oliva-ecologico-preparacion-600x387.jpg 600w\" sizes=\"(max-width: 457px) 100vw, 457px\" \/><\/p>\n","protected":false},"excerpt":{"rendered":"<p>Durante la elaboraci\u00f3n de esta receta tradicional, el alcohol fue enriquecido con vitamina E. Esta maduraci\u00f3n, junto con el Romero y el Aceite de Oliva Virgen Extra, consiguen aportar as\u00ed un alto contenido hidratante a nuestra piel. El objetivo del alcohol de romero de AOVE es combinarse con nuestras manos para impartir masajes tonificantes en &#8230; <a title=\"T Alcohol de Romero AOVE Ecol\u00f3gico\" class=\"read-more\" href=\"https:\/\/adeoliva.com\/alcohol-de-romero-aove-ecologico\/\" aria-label=\"En savoir plus sur T Alcohol de Romero AOVE Ecol\u00f3gico\">Lire la suite<\/a><\/p>\n","protected":false},"featured_media":5343,"template":"","meta":{"rank_math_lock_modified_date":false,"pack_references":"","_joinchat":[]},"product_brand":[],"product_cat":[1417],"product_tag":[1413],"class_list":{"0":"post-23807","1":"product","2":"type-product","3":"status-publish","4":"has-post-thumbnail","6":"product_cat-t-cosmetica","7":"product_tag-pos-tienda","8":"sales-flash-overlay","9":"woocommerce-text-align-center","10":"woocommerce-image-align-center","11":"do-quantity-buttons","13":"first","14":"instock","15":"taxable","16":"shipping-taxable","17":"purchasable","18":"product-type-simple"},"tiered_pricing_type":"fixed","tiered_pricing_fixed_rules":[],"tiered_pricing_product_settings":{"layout":"default","base_unit_name":{"singular":null,"plural":null},"default_variation":null},"tiered_pricing_minimum_quantity":null,"tiered_pricing_roles_data":[],"tiered_pricing_percentage_rules":[],"tiered_pricing_maximum_quantity":null,"tiered_pricing_quantity_step":null,"_links":{"self":[{"href":"https:\/\/adeoliva.com\/fr\/wp-json\/wp\/v2\/product\/23807","targetHints":{"allow":["GET"]}}],"collection":[{"href":"https:\/\/adeoliva.com\/fr\/wp-json\/wp\/v2\/product"}],"about":[{"href":"https:\/\/adeoliva.com\/fr\/wp-json\/wp\/v2\/types\/product"}],"version-history":[{"count":1,"href":"https:\/\/adeoliva.com\/fr\/wp-json\/wp\/v2\/product\/23807\/revisions"}],"predecessor-version":[{"id":28996,"href":"https:\/\/adeoliva.com\/fr\/wp-json\/wp\/v2\/product\/23807\/revisions\/28996"}],"wp:featuredmedia":[{"embeddable":true,"href":"https:\/\/adeoliva.com\/fr\/wp-json\/wp\/v2\/media\/5343"}],"wp:attachment":[{"href":"https:\/\/adeoliva.com\/fr\/wp-json\/wp\/v2\/media?parent=23807"}],"wp:term":[{"taxonomy":"product_brand","embeddable":true,"href":"https:\/\/adeoliva.com\/fr\/wp-json\/wp\/v2\/product_brand?post=23807"},{"taxonomy":"product_cat","embeddable":true,"href":"https:\/\/adeoliva.com\/fr\/wp-json\/wp\/v2\/product_cat?post=23807"},{"taxonomy":"product_tag","embeddable":true,"href":"https:\/\/adeoliva.com\/fr\/wp-json\/wp\/v2\/product_tag?post=23807"}],"curies":[{"name":"wp","href":"https:\/\/api.w.org\/{rel}","templated":true}]}}