{"id":26168,"date":"2025-05-22T16:13:27","date_gmt":"2025-05-22T16:13:27","guid":{"rendered":"https:\/\/adeoliva.com\/productos\/confitured-huile-d-olive-espagne\/"},"modified":"2025-08-13T21:39:18","modified_gmt":"2025-08-13T21:39:18","slug":"confitured-huile-d-olive-espagne","status":"publish","type":"product","link":"https:\/\/adeoliva.com\/fr\/confitured-huile-d-olive-espagne\/","title":{"rendered":"Confiture d&#8217;huile d&#8217;olive"},"content":{"rendered":"<p><img decoding=\"async\" class=\"emoji\" role=\"img\" src=\"https:\/\/s.w.org\/images\/core\/emoji\/13.0.0\/svg\/1fad2.svg\" alt=\"\ud83e\uded2\" title=\"\"> D\u00e9gustation<\/p>\n<p>Notre <strong>confiture d&#8217;huile d&#8217;olive est fabriqu\u00e9e \u00e0 partir de<\/strong> notre vari\u00e9t\u00e9 Picual vierge extra pr\u00e9coce, qui rappelle les meilleurs EVOO de notre terre avec une touche de douceur. Sa texture cr\u00e9meuse apporte une touche de distinction qui vous fera retomber en enfance.<\/p>\n<p>Vous ne voudrez plus vous arr\u00eater de l&#8217;essayer !<\/p>\n<p>&nbsp;<\/p>\n<p><img decoding=\"async\" class=\"emoji\" role=\"img\" src=\"https:\/\/s.w.org\/images\/core\/emoji\/13.0.0\/svg\/1fad2.svg\" alt=\"\ud83e\uded2\" title=\"\"> Pairing<\/p>\n<p>Cette confiture \u00e0 l&#8217;huile d&#8217;olive est id\u00e9ale pour accompagner le pain, les p\u00e2t\u00e9s, les fromages, les biscuits, les desserts et bien plus encore. Essayez-le !<\/p>\n<p>Un produit 100% naturel fabriqu\u00e9 avec notre huile d&#8217;olive de premi\u00e8re qualit\u00e9.<\/p>\n","protected":false},"excerpt":{"rendered":"<ul type=\"disc\">\n<li>Marmelade d&#8217;huile d&#8217;olive extra vierge 100gr<\/li>\n<li>R\u00e9colte 24\/25<\/li>\n<li>Vari\u00e9t\u00e9: Picual<\/li>\n<li>Zone : \u00dabeda (Ja\u00e9n)<\/li>\n<li>Exp\u00e9dition 3 &#8211; 5 jours<\/li>\n<\/ul>\n","protected":false},"featured_media":25741,"template":"","meta":{"rank_math_lock_modified_date":false,"pack_references":"","_joinchat":[]},"product_brand":[],"product_cat":[1408],"product_tag":[],"class_list":{"0":"post-26168","1":"product","2":"type-product","3":"status-publish","4":"has-post-thumbnail","6":"product_cat-produits-gastronomiques","7":"sales-flash-overlay","8":"woocommerce-text-align-center","9":"woocommerce-image-align-center","10":"do-quantity-buttons","12":"first","13":"instock","14":"taxable","15":"shipping-taxable","16":"purchasable","17":"product-type-simple"},"tiered_pricing_type":"fixed","tiered_pricing_fixed_rules":{"20":"4.60"},"tiered_pricing_product_settings":{"layout":"default","base_unit_name":{"singular":null,"plural":null},"default_variation":null},"tiered_pricing_minimum_quantity":null,"tiered_pricing_roles_data":[],"tiered_pricing_percentage_rules":[],"tiered_pricing_maximum_quantity":null,"tiered_pricing_quantity_step":null,"_links":{"self":[{"href":"https:\/\/adeoliva.com\/fr\/wp-json\/wp\/v2\/product\/26168","targetHints":{"allow":["GET"]}}],"collection":[{"href":"https:\/\/adeoliva.com\/fr\/wp-json\/wp\/v2\/product"}],"about":[{"href":"https:\/\/adeoliva.com\/fr\/wp-json\/wp\/v2\/types\/product"}],"version-history":[{"count":0,"href":"https:\/\/adeoliva.com\/fr\/wp-json\/wp\/v2\/product\/26168\/revisions"}],"wp:featuredmedia":[{"embeddable":true,"href":"https:\/\/adeoliva.com\/fr\/wp-json\/wp\/v2\/media\/25741"}],"wp:attachment":[{"href":"https:\/\/adeoliva.com\/fr\/wp-json\/wp\/v2\/media?parent=26168"}],"wp:term":[{"taxonomy":"product_brand","embeddable":true,"href":"https:\/\/adeoliva.com\/fr\/wp-json\/wp\/v2\/product_brand?post=26168"},{"taxonomy":"product_cat","embeddable":true,"href":"https:\/\/adeoliva.com\/fr\/wp-json\/wp\/v2\/product_cat?post=26168"},{"taxonomy":"product_tag","embeddable":true,"href":"https:\/\/adeoliva.com\/fr\/wp-json\/wp\/v2\/product_tag?post=26168"}],"curies":[{"name":"wp","href":"https:\/\/api.w.org\/{rel}","templated":true}]}}