{"id":26176,"date":"2023-02-17T01:04:24","date_gmt":"2023-02-17T01:04:24","guid":{"rendered":"https:\/\/adeoliva.com\/productos\/huile-d-olive-verte-adeoliva-picual-no4-3un\/"},"modified":"2026-01-07T20:11:20","modified_gmt":"2026-01-07T20:11:20","slug":"huile-d-olive-verte-adeoliva-picual-no4-3un","status":"publish","type":"product","link":"https:\/\/adeoliva.com\/fr\/huile-d-olive-verte-adeoliva-picual-no4-3un\/","title":{"rendered":"Huile d&#8217;Olive ADEOLIVA Verte PICUAL N\u00ba4 (3 unit\u00e9s)"},"content":{"rendered":"<p>\ud83e\uded2 D\u00e9gustation<\/p>\n<ul>\n<li>Couleur vert vif.<\/li>\n<li>Saveur fruit\u00e9e avec un l\u00e9ger piquant non cumulatif qui dispara\u00eet en bouche.<\/li>\n<li>Ar\u00f4me d&#8217;herbe fra\u00eechement coup\u00e9e, de pomme verte et de figuier.<\/li>\n<\/ul>\n<p>\ud83e\uded2 PAIRING ALIMENTAIRE<\/p>\n<ul>\n<li>Vinaigrettes et assaisonnements pour salades.<\/li>\n<li>Poisson bleu.<\/li>\n<li>Carpaccios, tataki de saumon ou de thon.<\/li>\n<li>Tartare d&#8217;avocat et de tomate.<\/li>\n<\/ul>\n<p><strong>Adeoliva N\u00ba4 Picual <\/strong>est la version b\u00e9b\u00e9 de notre produit phare <strong>Adeoliva N\u00ba1 <\/strong>. Cette huile d&#8217;olive verte, conditionn\u00e9e dans une bouteille transparente de 100 ml, est une exp\u00e9rience exceptionnellement satisfaisante pour les sens. La bouteille en verre de 100 ml est transparente et permet \u00e0 l&#8217;huile d&#8217;olive d&#8217;un vert \u00e9clatant de ressortir encore plus. L&#8217;huile d&#8217;olive de la r\u00e9colte pr\u00e9coce est richement aromatique et poss\u00e8de une saveur verte intense qui se distingue des huiles d&#8217;olive les plus courantes. Lorsqu&#8217;on le d\u00e9guste, son go\u00fbt percutant et sa texture lisse et cr\u00e9meuse s&#8217;allient pour cr\u00e9er une exp\u00e9rience gastronomique unique.<\/p>\n<p>Il a une couleur verte brillante avec des tons dor\u00e9s qui lui donnent un aspect attrayant. L&#8217;ar\u00f4me frais et herbac\u00e9 est intense avec des notes de basilic et de thym. Le go\u00fbt est l\u00e9g\u00e8rement amer et l\u00e9g\u00e8rement \u00e9pic\u00e9. C&#8217;est une huile polyvalente qui peut \u00eatre utilis\u00e9e pour assaisonner les salades, pr\u00e9parer les viandes, accompagner les hors-d&#8217;\u0153uvre ou \u00eatre utilis\u00e9e seule comme accompagnement. L&#8217;huile d&#8217;olive verte pr\u00e9coce se marie parfaitement avec les tomates fra\u00eeches, la feta, l&#8217;ail, les herbes fra\u00eeches et les olives.<\/p>\n<p><img fetchpriority=\"high\" decoding=\"async\" class=\"wp-image-15030 aligncenter\" src=\"https:\/\/adeoliva.com\/wp-content\/uploads\/2023\/02\/Diseno-sin-titulo-2-e1683452508385.png\" alt=\"Tartare de thon et d&#039;avocat\" width=\"473\" height=\"266\" title=\"\" srcset=\"https:\/\/adeoliva.com\/wp-content\/uploads\/2023\/02\/Diseno-sin-titulo-2-e1683452508385.png 700w, https:\/\/adeoliva.com\/wp-content\/uploads\/2023\/02\/Diseno-sin-titulo-2-e1683452508385-300x169.png 300w, https:\/\/adeoliva.com\/wp-content\/uploads\/2023\/02\/Diseno-sin-titulo-2-e1683452508385-600x338.png 600w\" sizes=\"(max-width: 473px) 100vw, 473px\" \/><\/p>\n<p style=\"text-align: center\">Tartare de saumon marin\u00e9 \u00e0 base d&#8217;avocat<\/p>\n","protected":false},"excerpt":{"rendered":"<ul>\n<li>Pack 3 unit\u00e9s TEMPRANO Picual 100ml<\/li>\n<li><strong>NOUVELLE R\u00c9COLTE DISPONIBLE !<\/strong><\/li>\n<li>R\u00e9colte 24\/25<\/li>\n<li>Vari\u00e9t\u00e9: Picual<\/li>\n<li>Zone : \u00dabeda (Ja\u00e9n)<\/li>\n<li>Exp\u00e9dition : 3\/5 jours<\/li>\n<\/ul>\n<p style=\"margin: 0px 0px 10px;padding: 0px;color: #000000;font-family: LaguSans, Verdana, Arial, Helvetica;font-size: 17px\">\n","protected":false},"featured_media":18650,"template":"","meta":{"rank_math_lock_modified_date":false,"pack_references":"","_joinchat":[]},"product_brand":[],"product_cat":[1352],"product_tag":[],"class_list":{"0":"post-26176","1":"product","2":"type-product","3":"status-publish","4":"has-post-thumbnail","6":"product_cat-primeur","7":"sales-flash-overlay","8":"woocommerce-text-align-center","9":"woocommerce-image-align-center","10":"do-quantity-buttons","12":"first","13":"instock","14":"featured","15":"taxable","16":"shipping-taxable","17":"purchasable","18":"product-type-simple"},"tiered_pricing_type":"fixed","tiered_pricing_fixed_rules":[],"tiered_pricing_product_settings":{"layout":"default","base_unit_name":{"singular":null,"plural":null},"default_variation":null},"tiered_pricing_minimum_quantity":null,"tiered_pricing_roles_data":[],"tiered_pricing_percentage_rules":[],"tiered_pricing_maximum_quantity":null,"tiered_pricing_quantity_step":null,"_links":{"self":[{"href":"https:\/\/adeoliva.com\/fr\/wp-json\/wp\/v2\/product\/26176","targetHints":{"allow":["GET"]}}],"collection":[{"href":"https:\/\/adeoliva.com\/fr\/wp-json\/wp\/v2\/product"}],"about":[{"href":"https:\/\/adeoliva.com\/fr\/wp-json\/wp\/v2\/types\/product"}],"version-history":[{"count":0,"href":"https:\/\/adeoliva.com\/fr\/wp-json\/wp\/v2\/product\/26176\/revisions"}],"wp:featuredmedia":[{"embeddable":true,"href":"https:\/\/adeoliva.com\/fr\/wp-json\/wp\/v2\/media\/18650"}],"wp:attachment":[{"href":"https:\/\/adeoliva.com\/fr\/wp-json\/wp\/v2\/media?parent=26176"}],"wp:term":[{"taxonomy":"product_brand","embeddable":true,"href":"https:\/\/adeoliva.com\/fr\/wp-json\/wp\/v2\/product_brand?post=26176"},{"taxonomy":"product_cat","embeddable":true,"href":"https:\/\/adeoliva.com\/fr\/wp-json\/wp\/v2\/product_cat?post=26176"},{"taxonomy":"product_tag","embeddable":true,"href":"https:\/\/adeoliva.com\/fr\/wp-json\/wp\/v2\/product_tag?post=26176"}],"curies":[{"name":"wp","href":"https:\/\/api.w.org\/{rel}","templated":true}]}}