{"id":2628,"date":"2020-09-20T14:41:00","date_gmt":"2020-09-20T14:41:00","guid":{"rendered":"https:\/\/adeoliva.com\/producto\/pack-3uds-aove-empeltra-arbequina-y-selection-500ml\/"},"modified":"2025-10-14T19:51:11","modified_gmt":"2025-10-14T19:51:11","slug":"pack-3uds-empeltre-arbequina-selection-500ml","status":"publish","type":"product","link":"https:\/\/adeoliva.com\/pack-3uds-empeltre-arbequina-selection-500ml\/","title":{"rendered":"Pack Empeltre, Arbequina y Selection 500ml (Pack 3 Uds)"},"content":{"rendered":"<p>\ud83e\uded2 CATA<\/p>\n<p>El Empeltre se trata\u00a0un aceite exclusivo\u00a0y peculiar que sorprende por su potente frutado, sabor a tomate y sus notas a almendra. Adem\u00e1s, existe un equilibrio entre el amargor y el picante que lo hacen asequible para cualquier paladar.<\/p>\n<p>La\u00a0variedad\u00a0Arbequina\u00a0tiene como resultado un aceite sedoso, fresco, equilibrado y fluido en la garganta. Presenta un frutado intenso de aceituna verde y otras frutas como manzana. Adem\u00e1s, al paladar aporta un retrogusto medianamente amargo y picante.<\/p>\n<p>El aceite Selection a\u00fana las caracter\u00edsticas de dos aceitunas dando un aceite con multitud de matices, dulce, con notas a fruto seco y un toque ex\u00f3tico muy envolvente en boca.<\/p>\n<p>\ud83e\uded2 MARIDAJE<\/p>\n<p>Ambas variedades son ideales para maridar con sabores intensos, como el ajo, la cebolla, el pimiento, ensaladas frescas, pescados azules al horno, y para rociar como ingrediente final sobre carnes rojas y guisos tradicionales.<\/p>\n","protected":false},"excerpt":{"rendered":"<ul>\n<li>Aceite de Oliva Virgen Extra<\/li>\n<li>Cosecha 24\/25<\/li>\n<li>Variedad: Empeltre, Arbequina y Selection<\/li>\n<li>Zona: Beltiche (Zaragoza)<\/li>\n<li>Env\u00edos: 24\/72h<\/li>\n<\/ul>\n<p class=\"MsoNormal\" style=\"margin-bottom: 0cm;line-height: normal\"><span style=\"font-size: 12.0pt\">\u00a0<\/span><\/p>\n<p class=\"MsoNormal\">\n","protected":false},"featured_media":5718,"template":"","meta":{"rank_math_lock_modified_date":false,"pack_references":"","_joinchat":[]},"product_brand":[],"product_cat":[1090,1091],"product_tag":[1228],"class_list":{"0":"post-2628","1":"product","2":"type-product","3":"status-publish","4":"has-post-thumbnail","6":"product_cat-tradicional","7":"product_cat-temprano","8":"product_tag-regalo","9":"sales-flash-overlay","10":"woocommerce-text-align-center","11":"woocommerce-image-align-center","12":"do-quantity-buttons","14":"first","15":"instock","16":"taxable","17":"shipping-taxable","18":"purchasable","19":"product-type-simple"},"tiered_pricing_type":"fixed","tiered_pricing_fixed_rules":[],"tiered_pricing_product_settings":{"layout":"default","base_unit_name":{"singular":null,"plural":null},"default_variation":null},"tiered_pricing_minimum_quantity":null,"tiered_pricing_roles_data":[],"tiered_pricing_percentage_rules":[],"tiered_pricing_maximum_quantity":null,"tiered_pricing_quantity_step":null,"_links":{"self":[{"href":"https:\/\/adeoliva.com\/fr\/wp-json\/wp\/v2\/product\/2628","targetHints":{"allow":["GET"]}}],"collection":[{"href":"https:\/\/adeoliva.com\/fr\/wp-json\/wp\/v2\/product"}],"about":[{"href":"https:\/\/adeoliva.com\/fr\/wp-json\/wp\/v2\/types\/product"}],"version-history":[{"count":0,"href":"https:\/\/adeoliva.com\/fr\/wp-json\/wp\/v2\/product\/2628\/revisions"}],"wp:featuredmedia":[{"embeddable":true,"href":"https:\/\/adeoliva.com\/fr\/wp-json\/wp\/v2\/media\/5718"}],"wp:attachment":[{"href":"https:\/\/adeoliva.com\/fr\/wp-json\/wp\/v2\/media?parent=2628"}],"wp:term":[{"taxonomy":"product_brand","embeddable":true,"href":"https:\/\/adeoliva.com\/fr\/wp-json\/wp\/v2\/product_brand?post=2628"},{"taxonomy":"product_cat","embeddable":true,"href":"https:\/\/adeoliva.com\/fr\/wp-json\/wp\/v2\/product_cat?post=2628"},{"taxonomy":"product_tag","embeddable":true,"href":"https:\/\/adeoliva.com\/fr\/wp-json\/wp\/v2\/product_tag?post=2628"}],"curies":[{"name":"wp","href":"https:\/\/api.w.org\/{rel}","templated":true}]}}