{"id":26487,"date":"2025-08-12T17:42:56","date_gmt":"2025-08-12T17:42:56","guid":{"rendered":"https:\/\/adeoliva.com\/?post_type=product&#038;p=26487"},"modified":"2025-09-09T18:48:25","modified_gmt":"2025-09-09T18:48:25","slug":"huile-d-olive-melanie-100ml-200ml-pour-cadeaux-entreprise","status":"publish","type":"product","link":"https:\/\/adeoliva.com\/fr\/huile-d-olive-melanie-100ml-200ml-pour-cadeaux-entreprise\/","title":{"rendered":"Huile d&#8217;Olive PREMIUM Melanie 100ml ou 200ml pour les cadeaux d&#8217;entreprise"},"content":{"rendered":"<p><img decoding=\"async\" class=\"emoji\" role=\"img\" src=\"https:\/\/s.w.org\/images\/core\/emoji\/13.0.0\/svg\/1fad2.svg\" alt=\"\ud83e\uded2\" title=\"\"> D\u00c9GUSTATION<\/p>\n<p><strong>Picual Primeur (r\u00e9colte d&#8217;octobre) : Huile d&#8217;Olive Extra Vierge Picual primeur<\/strong> avec une touche verd\u00e2tre. Saveur herbac\u00e9e fra\u00eeche, intense et douce, avec un \u00e9quilibre entre le piquant et l&#8217;amertume. <\/p>\n<p><img decoding=\"async\" class=\"emoji\" role=\"img\" src=\"https:\/\/s.w.org\/images\/core\/emoji\/13.0.0\/svg\/1fad2.svg\" alt=\"\ud83e\uded2\" title=\"\">  PERSONNALISATION<\/p>\n<p>Nous personnalisons enti\u00e8rement les bouteilles Melanie : s\u00e9rigraphie blanche ou color\u00e9e, \u00e9tiquette frontale et\/ou carte sur le col de la bouteille avec le logo ou le slogan de votre entreprise. Enti\u00e8rement personnalisable si vous le souhaitez.<\/p>\n<p>Le <strong>Saveur et la<\/strong> couleur vert \u00e9meraude<strong> de l&#8217;huile de picual Verde<\/strong>, due \u00e0 sa r\u00e9colte pr\u00e9coce, conf\u00e8rent \u00e0 la bouteille un attrait particulier. C&#8217;est un d\u00e9tail super sympa de la part d&#8217;une entreprise !<\/p>\n<p><strong>Important !<\/strong>  Commandez au moins un mois \u00e0 l&#8217;avance afin que nous ayons le temps de concevoir, de pr\u00e9parer et d&#8217;exp\u00e9dier les produits. Si vous disposez de moins de temps, veuillez nous contacter \u00e0 l&#8217;avance par Whatsapp ou par le <a href=\"https:\/\/adeoliva.com\/fr\/contactez-nous\/\">formulaire de contact.<\/a> <\/p>\n<p>Si vous avez des questions, n&#8217;h\u00e9sitez pas \u00e0 nous contacter via notre t\u00e9l\u00e9phone portable +34603458558, Whatsapp ou le <a href=\"https:\/\/adeoliva.com\/fr\/contactez-nous\/\">formulaire de contact<\/a>.<\/p>\n<p><video src=\"https:\/\/adeoliva.com\/wp-content\/uploads\/2023\/03\/rellenado-frasca-adeoliva-bodas-y-comuniones-100ml_1.mp4\" preload=\"metadata\" controls=\"controls\" width=\"350\" height=\"350\"><\/video><\/p>\n","protected":false},"excerpt":{"rendered":"<p>Huile d&#8217;olive extra vierge en format pour des cadeaux d&#8217;entreprise originaux et personnalis\u00e9s et toutes sortes d&#8217;\u00e9v\u00e9nements.<\/p>\n<ul style=\"border: 0px; margin: 0px 0px 1.5em 3em; padding: 0px; font-family: sans-serif; font-size: 16px;\">\n<li><strong><span style=\"color: #ff0000;\">La personnalisation n&#8217;est pas disponible pour les commandes inf\u00e9rieures \u00e0 30 unit\u00e9s.<\/span><\/strong><\/li>\n<li><strong>R\u00e9colte 24\/25.<\/strong><\/li>\n<li><strong>Vari\u00e9t\u00e9s :<\/strong> Picual, Royal et Picual Bio.<\/li>\n<li>Prix \u00e0 l&#8217;unit\u00e9.<\/li>\n<li><span style=\"text-decoration: underline;\"><strong>Personnalisation: <\/strong><\/span>\u00c9tiquette frontale, s\u00e9rigraphie et carte de suspension, enti\u00e8rement personnalisable \u00e0 <strong>partir de 30 unit\u00e9s.<\/strong> Une fois la commande pass\u00e9e, nous vous contactons pour vous proposer 3 mod\u00e8les ou, si vous le pr\u00e9f\u00e9rez, nous pouvons le faire avec votre propre mod\u00e8le.<\/li>\n<\/ul>\n","protected":false},"featured_media":26516,"template":"","meta":{"rank_math_lock_modified_date":false,"pack_references":"","_joinchat":[]},"product_brand":[],"product_cat":[1353,1352,1332],"product_tag":[1355,1427],"class_list":{"0":"post-26487","1":"product","2":"type-product","3":"status-publish","4":"has-post-thumbnail","6":"product_cat-biologique","7":"product_cat-primeur","8":"product_cat-traditionnel","9":"product_tag-cadeau","10":"product_tag-entreprises","11":"sales-flash-overlay","12":"woocommerce-text-align-center","13":"woocommerce-image-align-center","14":"do-quantity-buttons","16":"first","17":"instock","18":"taxable","19":"shipping-taxable","20":"purchasable","21":"product-type-simple"},"tiered_pricing_type":"fixed","tiered_pricing_fixed_rules":{"40":"4.65","60":"4.60","100":"4.50","150":"4.40"},"tiered_pricing_product_settings":{"layout":"default","base_unit_name":{"singular":null,"plural":null},"default_variation":null},"tiered_pricing_minimum_quantity":30,"tiered_pricing_roles_data":[],"tiered_pricing_percentage_rules":[],"tiered_pricing_maximum_quantity":null,"tiered_pricing_quantity_step":null,"_links":{"self":[{"href":"https:\/\/adeoliva.com\/fr\/wp-json\/wp\/v2\/product\/26487","targetHints":{"allow":["GET"]}}],"collection":[{"href":"https:\/\/adeoliva.com\/fr\/wp-json\/wp\/v2\/product"}],"about":[{"href":"https:\/\/adeoliva.com\/fr\/wp-json\/wp\/v2\/types\/product"}],"version-history":[{"count":0,"href":"https:\/\/adeoliva.com\/fr\/wp-json\/wp\/v2\/product\/26487\/revisions"}],"wp:featuredmedia":[{"embeddable":true,"href":"https:\/\/adeoliva.com\/fr\/wp-json\/wp\/v2\/media\/26516"}],"wp:attachment":[{"href":"https:\/\/adeoliva.com\/fr\/wp-json\/wp\/v2\/media?parent=26487"}],"wp:term":[{"taxonomy":"product_brand","embeddable":true,"href":"https:\/\/adeoliva.com\/fr\/wp-json\/wp\/v2\/product_brand?post=26487"},{"taxonomy":"product_cat","embeddable":true,"href":"https:\/\/adeoliva.com\/fr\/wp-json\/wp\/v2\/product_cat?post=26487"},{"taxonomy":"product_tag","embeddable":true,"href":"https:\/\/adeoliva.com\/fr\/wp-json\/wp\/v2\/product_tag?post=26487"}],"curies":[{"name":"wp","href":"https:\/\/api.w.org\/{rel}","templated":true}]}}