{"id":26551,"date":"2025-08-12T19:30:16","date_gmt":"2025-08-12T19:30:16","guid":{"rendered":"https:\/\/adeoliva.com\/?post_type=product&#038;p=26551"},"modified":"2025-09-08T21:45:12","modified_gmt":"2025-09-08T21:45:12","slug":"huile-d-olive-primeur-250ml-cadeau-entreprise-boite-9u-adeoliva","status":"publish","type":"product","link":"https:\/\/adeoliva.com\/fr\/huile-d-olive-primeur-250ml-cadeau-entreprise-boite-9u-adeoliva\/","title":{"rendered":"Huile d&#8217;Olive Primeur 250ml cadeau d&#8217;entreprise (Coffret 9Uds) &#8211; ADEOLIVA"},"content":{"rendered":"<p><img decoding=\"async\" class=\"emoji\" role=\"img\" src=\"https:\/\/s.w.org\/images\/core\/emoji\/13.0.0\/svg\/1fad2.svg\" alt=\"\ud83e\uded2\" title=\"\"> D\u00c9GUSTATION<\/p>\n<p>Deux vari\u00e9t\u00e9s d&#8217;huile au choix :<\/p>\n<p><strong>Picual Primeur: Le Picual<\/strong> primeur est la vari\u00e9t\u00e9 par excellence de notre catalogue. Une huile d&#8217;olive de haute intensit\u00e9 avec un piquant moyen et une amertume moyenne \u00e0 faible. R\u00e9colt\u00e9 dans les champs de Ja\u00e9n (r\u00e9gion de Peal de Becerro).<\/p>\n<p>\u00f3<\/p>\n<p><strong>Arbequina Primeur:<\/strong> Vari\u00e9t\u00e9 d\u00e9cant\u00e9e naturellement, r\u00e9colt\u00e9e dans les champs de Cordoue. Une huile d&#8217;olive d&#8217;intensit\u00e9 moyenne \u00e0 faible, avec un piquant de gorge moyen \u00e0 faible et une faible amertume. Une huile douce et attrayante pour les palais plus d\u00e9licats.<\/p>\n<p><img decoding=\"async\" class=\"emoji\" role=\"img\" src=\"https:\/\/s.w.org\/images\/core\/emoji\/13.0.0\/svg\/1fad2.svg\" alt=\"\ud83e\uded2\" title=\"\"> PERSONNALISATION<\/p>\n<p>Nous personnalisons les bouteilles pour votre entreprise : \u00e9tiquette frontale et\/ou carte sur le col de la bouteille, pour donner une touche sp\u00e9ciale au d\u00e9tail.<\/p>\n<p>Si vous avez des questions, n&#8217;h\u00e9sitez pas \u00e0 nous contacter par Whatsapp ou en <a href=\"https:\/\/adeoliva.com\/fr\/contactez-nous\/\">remplissant le formulaire de contact<\/a>.<\/p>\n","protected":false},"excerpt":{"rendered":"<p>L&#8217;huile d&#8217;olive extra vierge Primeur en format 250ml comme cadeau d&#8217;entreprise original pour les employ\u00e9s, les clients, les fournisseurs ou les \u00e9v\u00e9nements.<\/p>\n<ul style=\"border: 0px; margin: 0px 0px 1.5em 3em; padding: 0px; color: #0a0a0a; font-family: Roboto, sans-serif; font-size: 19px;\">\n<li><strong>R\u00e9colte 24\/25.<\/strong><\/li>\n<li>Prix par bo\u00eete (9 unit\u00e9s)<\/li>\n<li><strong>Vari\u00e9t\u00e9 :<\/strong> Picual ou Arbequina.<\/li>\n<li><span style=\"text-decoration: underline;\"><strong>Personnalisation<\/strong><\/span>: Minimum pour personnaliser 3 bo\u00eetes (27 unit\u00e9s).<\/li>\n<li>\u00c9tiquette frontale et carte de suspension enti\u00e8rement personnalisables pour les \u00e9v\u00e9nements. Une fois la commande pass\u00e9e, nous vous contactons pour vous proposer 3 mod\u00e8les ou, si vous le pr\u00e9f\u00e9rez, nous pouvons le faire avec votre propre mod\u00e8le.<\/li>\n<\/ul>\n","protected":false},"featured_media":20698,"template":"","meta":{"rank_math_lock_modified_date":false,"pack_references":"","_joinchat":[]},"product_brand":[],"product_cat":[1352],"product_tag":[1355,1360,1427],"class_list":{"0":"post-26551","1":"product","2":"type-product","3":"status-publish","4":"has-post-thumbnail","6":"product_cat-primeur","7":"product_tag-cadeau","8":"product_tag-emballage","9":"product_tag-entreprises","10":"sales-flash-overlay","11":"woocommerce-text-align-center","12":"woocommerce-image-align-center","13":"do-quantity-buttons","15":"first","16":"instock","17":"taxable","18":"shipping-taxable","19":"purchasable","20":"product-type-simple"},"tiered_pricing_type":"fixed","tiered_pricing_fixed_rules":{"3":"67.95","6":"65.95"},"tiered_pricing_product_settings":{"layout":"default","base_unit_name":{"singular":null,"plural":null},"default_variation":null},"tiered_pricing_minimum_quantity":null,"tiered_pricing_roles_data":[],"tiered_pricing_percentage_rules":[],"tiered_pricing_maximum_quantity":null,"tiered_pricing_quantity_step":null,"_links":{"self":[{"href":"https:\/\/adeoliva.com\/fr\/wp-json\/wp\/v2\/product\/26551","targetHints":{"allow":["GET"]}}],"collection":[{"href":"https:\/\/adeoliva.com\/fr\/wp-json\/wp\/v2\/product"}],"about":[{"href":"https:\/\/adeoliva.com\/fr\/wp-json\/wp\/v2\/types\/product"}],"version-history":[{"count":0,"href":"https:\/\/adeoliva.com\/fr\/wp-json\/wp\/v2\/product\/26551\/revisions"}],"wp:featuredmedia":[{"embeddable":true,"href":"https:\/\/adeoliva.com\/fr\/wp-json\/wp\/v2\/media\/20698"}],"wp:attachment":[{"href":"https:\/\/adeoliva.com\/fr\/wp-json\/wp\/v2\/media?parent=26551"}],"wp:term":[{"taxonomy":"product_brand","embeddable":true,"href":"https:\/\/adeoliva.com\/fr\/wp-json\/wp\/v2\/product_brand?post=26551"},{"taxonomy":"product_cat","embeddable":true,"href":"https:\/\/adeoliva.com\/fr\/wp-json\/wp\/v2\/product_cat?post=26551"},{"taxonomy":"product_tag","embeddable":true,"href":"https:\/\/adeoliva.com\/fr\/wp-json\/wp\/v2\/product_tag?post=26551"}],"curies":[{"name":"wp","href":"https:\/\/api.w.org\/{rel}","templated":true}]}}