{"id":26640,"date":"2025-08-18T17:13:12","date_gmt":"2025-08-18T17:13:12","guid":{"rendered":"https:\/\/adeoliva.com\/?post_type=product&#038;p=26640"},"modified":"2025-08-18T21:57:59","modified_gmt":"2025-08-18T21:57:59","slug":"marmelade-huile-d-olive-et-pots-de-pate-pour-les-evenements","status":"publish","type":"product","link":"https:\/\/adeoliva.com\/fr\/confiture-dhuile-dolive-copia\/","title":{"rendered":"Marmelade d&#8217;huile d&#8217;olive et pots de p\u00e2t\u00e9 pour les \u00e9v\u00e9nements"},"content":{"rendered":"<p><img decoding=\"async\" class=\"emoji\" role=\"img\" src=\"https:\/\/s.w.org\/images\/core\/emoji\/13.0.0\/svg\/1fad2.svg\" alt=\"\ud83e\uded2\" title=\"\"> D\u00e9gustation<\/p>\n<p>Notre <strong>confiture d&#8217;huile d&#8217;olive est fabriqu\u00e9e \u00e0 partir de<\/strong> notre vari\u00e9t\u00e9 Picual vierge extra pr\u00e9coce, qui rappelle les meilleurs EVOO de notre terre avec une touche de douceur. Sa texture cr\u00e9meuse apporte une touche de distinction qui vous fera retomber en enfance.<\/p>\n<p>Grande s\u00e9lection de <strong>p\u00e2t\u00e9s Cazorla Gourmet<\/strong> avec des produits locaux traditionnels. Nos recommandations : <\/p>\n<ol>\n<li>P\u00e2t\u00e9 de Morcilla aux pignons de pin : Si vous aimez le boudin noir, vous serez surpris par ce p\u00e2t\u00e9 cr\u00e9meux et parfaitement \u00e9quilibr\u00e9, \u00e0 d\u00e9guster chaud ! <\/li>\n<li>P\u00e2t\u00e9 ib\u00e9rique \u00e0 la cerise : Il s&#8217;agit d&#8217;un p\u00e2t\u00e9 gourmet \u00e0 la Saveur intense et<strong> l\u00e9g\u00e8rement sucr\u00e9e<\/strong>, tr\u00e8s <strong>bon et sp\u00e9cial<\/strong> gr\u00e2ce \u00e0 la touche de cerises. Essayez-le sur des toasts, avec des grissinis ou m\u00eame comme farce pour de d\u00e9licieux cannelloni. <\/li>\n<li>P\u00e2t\u00e9 de perdrix : Le<strong> roi des p\u00e2t\u00e9s<\/strong>, \u00e9labor\u00e9 avec des morceaux de perdrix de premi\u00e8re qualit\u00e9, \u00e0 la texture douce, onctueuse et excellente en bouche. C&#8217;est le <strong>p\u00e2t\u00e9 id\u00e9al<\/strong> pour pr\u00e9parer une <strong>entr\u00e9e spectaculaire avec de la confiture d&#8217;huile.<\/strong> <\/li>\n<li>Autres options ib\u00e9riques : p\u00e2t\u00e9 ib\u00e9rique au Pedro Xim\u00e9nez, ib\u00e9rique au Porto, ib\u00e9rique aux truffes, ib\u00e9rique \u00e0 l&#8217;orange, ib\u00e9rique au paprika de la Vera.<\/li>\n<li>Autres options traditionnelles : cerf au Pedro Xim\u00e9nez, faisan aux truffes, sanglier aux champignons.<\/li>\n<li>Autres options de l\u00e9gumes : tomates s\u00e9ch\u00e9es, l\u00e9gumes brais\u00e9s, artichauts, champignons, asperges, poivrons du piquillo.<\/li>\n<li>Autres options de fromage : p\u00e2t\u00e9 de fromage affin\u00e9 \u00e0 l&#8217;huile d&#8217;olive, au pesto ou au chili, fromage bleu \u00e0 l&#8217;oignon caram\u00e9lis\u00e9, rouleau de fromage de ch\u00e8vre aux pommes confites.<\/li>\n<\/ol>\n<p><img decoding=\"async\" class=\"emoji\" role=\"img\" src=\"https:\/\/s.w.org\/images\/core\/emoji\/13.0.0\/svg\/1fad2.svg\" alt=\"\ud83e\uded2\" title=\"\"> Pairing<\/p>\n<p>Combinez les deux produits et obtenez une explosion de Saveur. \u00c9talez le p\u00e2t\u00e9 sur un petit toast, ajoutez un peu de confiture d&#8217;huile d&#8217;olive et &#8230;. Boom ! <\/p>\n<p><img decoding=\"async\" class=\"emoji\" role=\"img\" src=\"https:\/\/s.w.org\/images\/core\/emoji\/13.0.0\/svg\/1fad2.svg\" alt=\"\ud83e\uded2\" title=\"\">  PERSONNALISATION<\/p>\n<p>Nous personnalisons le cadeau comme vous le souhaitez : \u00e9tiquette de p\u00e2t\u00e9 avec nom et date, carte de suspension et sac cadeau, un cadeau tr\u00e8s attrayant et diff\u00e9rent ! <\/p>\n<p>Commande minimale pour la personnalisation de l&#8217;\u00e9tiquette du p\u00e2t\u00e9, 120 unit\u00e9s de p\u00e2t\u00e9. Commande minimale pour la carte \u00e0 suspendre et la pochette, 36 unit\u00e9s. <\/p>\n<p><strong>Important !<\/strong>  Commandez au moins un mois \u00e0 l&#8217;avance pour nous donner le temps de concevoir, de pr\u00e9parer et d&#8217;exp\u00e9dier. Si vous disposez de moins de temps, veuillez nous contacter \u00e0 l&#8217;avance via notre t\u00e9l\u00e9phone portable +34603458558, Whatsapp ou le <a href=\"https:\/\/adeoliva.com\/fr\/contactez-nous\/\">formulaire de contact.<\/a><\/p>\n","protected":false},"excerpt":{"rendered":"<ul type=\"disc\">\n<li><span style=\"color: #ff0000;\">Commande minimum pour personnaliser l&#8217;\u00e9tiquette du p\u00e2t\u00e9, 120 unit\u00e9s.<\/span><\/li>\n<li><span style=\"color: #ff0000;\">Quantit\u00e9 minimale de commande pour la carte \u00e0 suspendre et la pochette, 36 pi\u00e8ces.<\/span><\/li>\n<li><strong>Bo\u00eetes de 12 pi\u00e8ces, veuillez entrer des multiples de 12 dans le panier ! <\/strong><\/li>\n<li>Marmelade d&#8217;huile d&#8217;olive extra vierge 100gr<\/li>\n<li>P\u00e2t\u00e9s 110gr.<\/li>\n<li><span style=\"text-decoration: underline;\"><strong>Personnalisation<\/strong><\/span>Le produit est compos\u00e9 d&#8217;une \u00e9tiquette de p\u00e2t\u00e9, d&#8217;un sachet en plastique et d&#8217;une carte \u00e0 suspendre, enti\u00e8rement personnalisables. Une fois la commande pass\u00e9e, nous vous contactons pour vous proposer 3 mod\u00e8les ou, si vous le pr\u00e9f\u00e9rez, nous pouvons le faire avec votre propre mod\u00e8le. contactez-nous !<\/li>\n<\/ul>\n","protected":false},"featured_media":26644,"template":"","meta":{"rank_math_lock_modified_date":false,"pack_references":"","_joinchat":[]},"product_brand":[],"product_cat":[1408],"product_tag":[1355,1420],"class_list":{"0":"post-26640","1":"product","2":"type-product","3":"status-publish","4":"has-post-thumbnail","6":"product_cat-produits-gastronomiques","7":"product_tag-cadeau","8":"product_tag-mariages","9":"sales-flash-overlay","10":"woocommerce-text-align-center","11":"woocommerce-image-align-center","12":"do-quantity-buttons","14":"first","15":"instock","16":"taxable","17":"shipping-taxable","18":"purchasable","19":"product-type-simple"},"tiered_pricing_type":"fixed","tiered_pricing_fixed_rules":{"72":"2.10","120":"1.95"},"tiered_pricing_product_settings":{"layout":"default","base_unit_name":{"singular":null,"plural":null},"default_variation":null},"tiered_pricing_minimum_quantity":24,"tiered_pricing_roles_data":[],"tiered_pricing_percentage_rules":[],"tiered_pricing_maximum_quantity":null,"tiered_pricing_quantity_step":"12","_links":{"self":[{"href":"https:\/\/adeoliva.com\/fr\/wp-json\/wp\/v2\/product\/26640","targetHints":{"allow":["GET"]}}],"collection":[{"href":"https:\/\/adeoliva.com\/fr\/wp-json\/wp\/v2\/product"}],"about":[{"href":"https:\/\/adeoliva.com\/fr\/wp-json\/wp\/v2\/types\/product"}],"version-history":[{"count":0,"href":"https:\/\/adeoliva.com\/fr\/wp-json\/wp\/v2\/product\/26640\/revisions"}],"wp:featuredmedia":[{"embeddable":true,"href":"https:\/\/adeoliva.com\/fr\/wp-json\/wp\/v2\/media\/26644"}],"wp:attachment":[{"href":"https:\/\/adeoliva.com\/fr\/wp-json\/wp\/v2\/media?parent=26640"}],"wp:term":[{"taxonomy":"product_brand","embeddable":true,"href":"https:\/\/adeoliva.com\/fr\/wp-json\/wp\/v2\/product_brand?post=26640"},{"taxonomy":"product_cat","embeddable":true,"href":"https:\/\/adeoliva.com\/fr\/wp-json\/wp\/v2\/product_cat?post=26640"},{"taxonomy":"product_tag","embeddable":true,"href":"https:\/\/adeoliva.com\/fr\/wp-json\/wp\/v2\/product_tag?post=26640"}],"curies":[{"name":"wp","href":"https:\/\/api.w.org\/{rel}","templated":true}]}}