{"id":2678,"date":"2020-09-23T18:03:33","date_gmt":"2020-09-23T18:03:33","guid":{"rendered":"https:\/\/adeoliva.com\/comprar-aceite-de-oliva\/sin%20categor\u00eda\/caja-6-uds-aove-cosecha-temprana-dominus-500ml\/"},"modified":"2025-10-14T19:51:11","modified_gmt":"2025-10-14T19:51:11","slug":"caja-6-uds-aove-cosecha-temprana-dominus-500ml","status":"publish","type":"product","link":"https:\/\/adeoliva.com\/caja-6-uds-aove-cosecha-temprana-dominus-500ml\/","title":{"rendered":"AOVE Dominus Cosecha Temprana 500ml (Pack 6 Uds)"},"content":{"rendered":"<p><img decoding=\"async\" class=\"emoji\" role=\"img\" draggable=\"false\" src=\"https:\/\/s.w.org\/images\/core\/emoji\/13.0.0\/svg\/1fad2.svg\" alt=\"\ud83e\uded2\" title=\"\">\u00a0CATA<\/p>\n<p>Suave entrada en boca, con registros frescos, ligeros y elegantes con una gran presencia de plantas arom\u00e1ticas combinadas con frutos secos. Se trata de un AOVE con matices herb\u00e1ceos caracterizado por notas primaverales, las cuales impregnan tu paladar con un intenso su sabor frutado con un toque profundo almendrado.<\/p>\n<p><img decoding=\"async\" class=\"emoji\" role=\"img\" draggable=\"false\" src=\"https:\/\/s.w.org\/images\/core\/emoji\/13.0.0\/svg\/1fad2.svg\" alt=\"\ud83e\uded2\" title=\"\">\u00a0MARIDAJE<\/p>\n<p>Un aceite excelente para sofre\u00edr verduras, guisos de cocci\u00f3n media, ali\u00f1ar ensaladas con toques frutados y pescado azul a la plancha. Siempre manteniendo el sabor del ingrediente principal, unificando de los dem\u00e1s elementos del cocinado y por ende, potenci\u00e1ndolos.<\/p>\n<p><img fetchpriority=\"high\" decoding=\"async\" class=\" wp-image-7480 aligncenter\" src=\"https:\/\/adeoliva.com\/wp-content\/uploads\/2020\/09\/pescadoverde.jpg\" alt=\"\" width=\"319\" height=\"226\" title=\"\" srcset=\"https:\/\/adeoliva.com\/wp-content\/uploads\/2020\/09\/pescadoverde.jpg 384w, https:\/\/adeoliva.com\/wp-content\/uploads\/2020\/09\/pescadoverde-300x212.jpg 300w\" sizes=\"(max-width: 319px) 100vw, 319px\" \/><\/p>\n<p>&nbsp;<\/p>\n","protected":false},"excerpt":{"rendered":"<ul>\n<li>Aceite de Oliva Virgen Extra Temprano<\/li>\n<li>Cosecha 22\/23<\/li>\n<li>Variedad: Picual<\/li>\n<li>Zona: Mancha Real (Ja\u00e9n)<\/li>\n<li>Env\u00edo: 24\/72h<\/li>\n<\/ul>\n","protected":false},"featured_media":3138,"template":"","meta":{"rank_math_lock_modified_date":false,"pack_references":"","_joinchat":[]},"product_brand":[],"product_cat":[1091],"product_tag":[1099],"class_list":{"0":"post-2678","1":"product","2":"type-product","3":"status-publish","4":"has-post-thumbnail","6":"product_cat-temprano","7":"product_tag-pack","8":"sales-flash-overlay","9":"woocommerce-text-align-center","10":"woocommerce-image-align-center","11":"do-quantity-buttons","13":"first","14":"outofstock","15":"taxable","16":"shipping-taxable","17":"purchasable","18":"product-type-simple"},"tiered_pricing_type":"fixed","tiered_pricing_fixed_rules":[],"tiered_pricing_product_settings":{"layout":"default","base_unit_name":{"singular":null,"plural":null},"default_variation":null},"tiered_pricing_minimum_quantity":null,"tiered_pricing_roles_data":[],"tiered_pricing_percentage_rules":[],"tiered_pricing_maximum_quantity":null,"tiered_pricing_quantity_step":null,"_links":{"self":[{"href":"https:\/\/adeoliva.com\/fr\/wp-json\/wp\/v2\/product\/2678","targetHints":{"allow":["GET"]}}],"collection":[{"href":"https:\/\/adeoliva.com\/fr\/wp-json\/wp\/v2\/product"}],"about":[{"href":"https:\/\/adeoliva.com\/fr\/wp-json\/wp\/v2\/types\/product"}],"version-history":[{"count":0,"href":"https:\/\/adeoliva.com\/fr\/wp-json\/wp\/v2\/product\/2678\/revisions"}],"wp:featuredmedia":[{"embeddable":true,"href":"https:\/\/adeoliva.com\/fr\/wp-json\/wp\/v2\/media\/3138"}],"wp:attachment":[{"href":"https:\/\/adeoliva.com\/fr\/wp-json\/wp\/v2\/media?parent=2678"}],"wp:term":[{"taxonomy":"product_brand","embeddable":true,"href":"https:\/\/adeoliva.com\/fr\/wp-json\/wp\/v2\/product_brand?post=2678"},{"taxonomy":"product_cat","embeddable":true,"href":"https:\/\/adeoliva.com\/fr\/wp-json\/wp\/v2\/product_cat?post=2678"},{"taxonomy":"product_tag","embeddable":true,"href":"https:\/\/adeoliva.com\/fr\/wp-json\/wp\/v2\/product_tag?post=2678"}],"curies":[{"name":"wp","href":"https:\/\/api.w.org\/{rel}","templated":true}]}}