{"id":27940,"date":"2025-11-05T12:16:23","date_gmt":"2025-11-05T12:16:23","guid":{"rendered":"https:\/\/adeoliva.com\/?post_type=product&#038;p=27940"},"modified":"2026-04-23T11:02:24","modified_gmt":"2026-04-23T11:02:24","slug":"t-pate-olivada-negra","status":"publish","type":"product","link":"https:\/\/adeoliva.com\/t-pate-de-perdiz-copia\/","title":{"rendered":"T Pat\u00e9 Olivada Negra"},"content":{"rendered":"<p>Del\u00e9itate con nuestra olivada artesana: una crema untuosa elaborada con aceitunas negras y verdes, 100 % vegana y sin gluten. El sabor mediterr\u00e1neo m\u00e1s puro, ideal para untar en tostadas, dar vida a ensaladas o acompa\u00f1ar tus tapas favoritas.<\/p>\n","protected":false},"excerpt":{"rendered":"<p>Crema elaborada con aceitunas trituradas de alta calidad.<\/p>\n","protected":false},"featured_media":28818,"template":"","meta":{"rank_math_lock_modified_date":false,"pack_references":"","_joinchat":[]},"product_brand":[],"product_cat":[1419],"product_tag":[1413],"class_list":{"0":"post-27940","1":"product","2":"type-product","3":"status-publish","4":"has-post-thumbnail","6":"product_cat-t-otros","7":"product_tag-pos-tienda","8":"sales-flash-overlay","9":"woocommerce-text-align-center","10":"woocommerce-image-align-center","11":"do-quantity-buttons","13":"first","14":"instock","15":"taxable","16":"shipping-taxable","17":"purchasable","18":"product-type-simple"},"tiered_pricing_type":"fixed","tiered_pricing_fixed_rules":[],"tiered_pricing_product_settings":{"layout":"default","base_unit_name":{"singular":null,"plural":null},"default_variation":null},"tiered_pricing_minimum_quantity":null,"tiered_pricing_roles_data":[],"tiered_pricing_percentage_rules":[],"tiered_pricing_maximum_quantity":null,"tiered_pricing_quantity_step":null,"_links":{"self":[{"href":"https:\/\/adeoliva.com\/fr\/wp-json\/wp\/v2\/product\/27940","targetHints":{"allow":["GET"]}}],"collection":[{"href":"https:\/\/adeoliva.com\/fr\/wp-json\/wp\/v2\/product"}],"about":[{"href":"https:\/\/adeoliva.com\/fr\/wp-json\/wp\/v2\/types\/product"}],"version-history":[{"count":2,"href":"https:\/\/adeoliva.com\/fr\/wp-json\/wp\/v2\/product\/27940\/revisions"}],"predecessor-version":[{"id":28157,"href":"https:\/\/adeoliva.com\/fr\/wp-json\/wp\/v2\/product\/27940\/revisions\/28157"}],"wp:featuredmedia":[{"embeddable":true,"href":"https:\/\/adeoliva.com\/fr\/wp-json\/wp\/v2\/media\/28818"}],"wp:attachment":[{"href":"https:\/\/adeoliva.com\/fr\/wp-json\/wp\/v2\/media?parent=27940"}],"wp:term":[{"taxonomy":"product_brand","embeddable":true,"href":"https:\/\/adeoliva.com\/fr\/wp-json\/wp\/v2\/product_brand?post=27940"},{"taxonomy":"product_cat","embeddable":true,"href":"https:\/\/adeoliva.com\/fr\/wp-json\/wp\/v2\/product_cat?post=27940"},{"taxonomy":"product_tag","embeddable":true,"href":"https:\/\/adeoliva.com\/fr\/wp-json\/wp\/v2\/product_tag?post=27940"}],"curies":[{"name":"wp","href":"https:\/\/api.w.org\/{rel}","templated":true}]}}