{"id":5177,"date":"2021-01-23T22:12:45","date_gmt":"2021-01-23T22:12:45","guid":{"rendered":"https:\/\/adeoliva.com\/?post_type=product&#038;p=5177"},"modified":"2025-10-14T19:51:16","modified_gmt":"2025-10-14T19:51:16","slug":"jabon-aove-y-aloe-vera","status":"publish","type":"product","link":"https:\/\/adeoliva.com\/jabon-aove-y-aloe-vera\/","title":{"rendered":"2 x Jab\u00f3n de AOVE y Aloe Vera"},"content":{"rendered":"<p>El jab\u00f3n de aceite de oliva y aloe vera es la soluci\u00f3n de higiene diaria para limpieza de manos gracias a su concentrado de extractos naturales.<\/p>\n<p>Este delicado jab\u00f3n con gran cantidad de aloe vera tiene como objetivo de hidratar y equilibrar el ph de la piel. Adem\u00e1s, gracias a su base de Aceite de oliva calma los estados inflamatorios, tonificando y devolviendo la elasticidad a los tejidos.<\/p>\n","protected":false},"excerpt":{"rendered":"<ul>\n<li>Unidad de 130 gr<\/li>\n<li>Jab\u00f3n elaborado a partir de:\n<ul>\n<li>Aceite de Oliva Virgen Extra<\/li>\n<li>Aloe Vera<\/li>\n<\/ul>\n<\/li>\n<li>Para manos sensibles<\/li>\n<\/ul>\n","protected":false},"featured_media":5360,"template":"","meta":{"rank_math_lock_modified_date":false,"pack_references":"","_joinchat":[]},"product_brand":[],"product_cat":[1229],"product_tag":[],"class_list":{"0":"post-5177","1":"product","2":"type-product","3":"status-publish","4":"has-post-thumbnail","6":"product_cat-cosmetica","7":"sales-flash-overlay","8":"woocommerce-text-align-center","9":"woocommerce-image-align-center","10":"do-quantity-buttons","12":"first","13":"instock","14":"taxable","15":"shipping-taxable","16":"purchasable","17":"product-type-simple"},"tiered_pricing_type":"fixed","tiered_pricing_fixed_rules":[],"tiered_pricing_product_settings":{"layout":"default","base_unit_name":{"singular":null,"plural":null},"default_variation":null},"tiered_pricing_minimum_quantity":null,"tiered_pricing_roles_data":[],"tiered_pricing_percentage_rules":[],"tiered_pricing_maximum_quantity":null,"tiered_pricing_quantity_step":null,"_links":{"self":[{"href":"https:\/\/adeoliva.com\/fr\/wp-json\/wp\/v2\/product\/5177","targetHints":{"allow":["GET"]}}],"collection":[{"href":"https:\/\/adeoliva.com\/fr\/wp-json\/wp\/v2\/product"}],"about":[{"href":"https:\/\/adeoliva.com\/fr\/wp-json\/wp\/v2\/types\/product"}],"version-history":[{"count":0,"href":"https:\/\/adeoliva.com\/fr\/wp-json\/wp\/v2\/product\/5177\/revisions"}],"wp:featuredmedia":[{"embeddable":true,"href":"https:\/\/adeoliva.com\/fr\/wp-json\/wp\/v2\/media\/5360"}],"wp:attachment":[{"href":"https:\/\/adeoliva.com\/fr\/wp-json\/wp\/v2\/media?parent=5177"}],"wp:term":[{"taxonomy":"product_brand","embeddable":true,"href":"https:\/\/adeoliva.com\/fr\/wp-json\/wp\/v2\/product_brand?post=5177"},{"taxonomy":"product_cat","embeddable":true,"href":"https:\/\/adeoliva.com\/fr\/wp-json\/wp\/v2\/product_cat?post=5177"},{"taxonomy":"product_tag","embeddable":true,"href":"https:\/\/adeoliva.com\/fr\/wp-json\/wp\/v2\/product_tag?post=5177"}],"curies":[{"name":"wp","href":"https:\/\/api.w.org\/{rel}","templated":true}]}}