{"id":5210,"date":"2021-01-24T12:23:18","date_gmt":"2021-01-24T12:23:18","guid":{"rendered":"https:\/\/adeoliva.com\/?post_type=product&#038;p=5210"},"modified":"2025-10-14T19:51:17","modified_gmt":"2025-10-14T19:51:17","slug":"body-milk","status":"publish","type":"product","link":"https:\/\/adeoliva.com\/body-milk\/","title":{"rendered":"2 x Crema Corporal de AOVE"},"content":{"rendered":"<p>Gracias a su <strong>f\u00f3rmula equilibrada<\/strong>, de textura fluida y r\u00e1pida absorci\u00f3n, hidrata y protege todo tipo de pieles proporcion\u00e1ndole elasticidad adem\u00e1s de un atractivo brillo natural. Asimismo, mantiene la estructura \u00edntegra de la dermis permitiendo una mayor regeneraci\u00f3n y por tanto, mayor firmeza.<\/p>\n<p>Este body milk es <strong>ideal<\/strong> para su uso diario.\u00a0 Su alto componente en \u00e1cidos grasos favorece la prevenci\u00f3n del envejecimiento prematuro de la piel, las estr\u00edas y las arrugas.<\/p>\n<p>Su elaboraci\u00f3n a partir de AOVE le otorga propiedades nutrientes, hidratantes, antioxidantes, cicatrizantes, humectantes y refrescantes para cualquier tipo de piel.<\/p>\n<p><img fetchpriority=\"high\" decoding=\"async\" class=\"wp-image-5490 aligncenter\" src=\"https:\/\/adeoliva.com\/wp-content\/uploads\/2021\/01\/crema-corporal-con-aceite-de-oliva-para-la-piel.jpg\" alt=\"crema corporal con aceite de oliva para la piel\" width=\"444\" height=\"329\" title=\"\" srcset=\"https:\/\/adeoliva.com\/wp-content\/uploads\/2021\/01\/crema-corporal-con-aceite-de-oliva-para-la-piel.jpg 865w, https:\/\/adeoliva.com\/wp-content\/uploads\/2021\/01\/crema-corporal-con-aceite-de-oliva-para-la-piel-300x222.jpg 300w, https:\/\/adeoliva.com\/wp-content\/uploads\/2021\/01\/crema-corporal-con-aceite-de-oliva-para-la-piel-768x568.jpg 768w, https:\/\/adeoliva.com\/wp-content\/uploads\/2021\/01\/crema-corporal-con-aceite-de-oliva-para-la-piel-600x444.jpg 600w\" sizes=\"(max-width: 444px) 100vw, 444px\" \/><\/p>\n","protected":false},"excerpt":{"rendered":"<ul>\n<li>Bote de 250 ml<\/li>\n<li>Crema corporal con aceite de oliva<\/li>\n<li>Hidratante, cicatrizante y refrescante<\/li>\n<\/ul>\n","protected":false},"featured_media":5354,"template":"","meta":{"rank_math_lock_modified_date":false,"pack_references":"","_joinchat":[]},"product_brand":[],"product_cat":[1229],"product_tag":[],"class_list":{"0":"post-5210","1":"product","2":"type-product","3":"status-publish","4":"has-post-thumbnail","6":"product_cat-cosmetica","7":"sales-flash-overlay","8":"woocommerce-text-align-center","9":"woocommerce-image-align-center","10":"do-quantity-buttons","12":"first","13":"instock","14":"taxable","15":"shipping-taxable","16":"purchasable","17":"product-type-simple"},"tiered_pricing_type":"fixed","tiered_pricing_fixed_rules":[],"tiered_pricing_product_settings":{"layout":"default","base_unit_name":{"singular":null,"plural":null},"default_variation":null},"tiered_pricing_minimum_quantity":null,"tiered_pricing_roles_data":[],"tiered_pricing_percentage_rules":[],"tiered_pricing_maximum_quantity":null,"tiered_pricing_quantity_step":null,"_links":{"self":[{"href":"https:\/\/adeoliva.com\/fr\/wp-json\/wp\/v2\/product\/5210","targetHints":{"allow":["GET"]}}],"collection":[{"href":"https:\/\/adeoliva.com\/fr\/wp-json\/wp\/v2\/product"}],"about":[{"href":"https:\/\/adeoliva.com\/fr\/wp-json\/wp\/v2\/types\/product"}],"version-history":[{"count":0,"href":"https:\/\/adeoliva.com\/fr\/wp-json\/wp\/v2\/product\/5210\/revisions"}],"wp:featuredmedia":[{"embeddable":true,"href":"https:\/\/adeoliva.com\/fr\/wp-json\/wp\/v2\/media\/5354"}],"wp:attachment":[{"href":"https:\/\/adeoliva.com\/fr\/wp-json\/wp\/v2\/media?parent=5210"}],"wp:term":[{"taxonomy":"product_brand","embeddable":true,"href":"https:\/\/adeoliva.com\/fr\/wp-json\/wp\/v2\/product_brand?post=5210"},{"taxonomy":"product_cat","embeddable":true,"href":"https:\/\/adeoliva.com\/fr\/wp-json\/wp\/v2\/product_cat?post=5210"},{"taxonomy":"product_tag","embeddable":true,"href":"https:\/\/adeoliva.com\/fr\/wp-json\/wp\/v2\/product_tag?post=5210"}],"curies":[{"name":"wp","href":"https:\/\/api.w.org\/{rel}","templated":true}]}}