{"id":5216,"date":"2021-01-24T12:37:34","date_gmt":"2021-01-24T12:37:34","guid":{"rendered":"https:\/\/adeoliva.com\/comprar-aceite-de-oliva\/sin%20categor\u00eda\/aceite-de-bano-de-aove-y-masaje-corporal-vitamina-e-cosmetica-olivo\/"},"modified":"2025-10-14T19:51:17","modified_gmt":"2025-10-14T19:51:17","slug":"aceite-de-bano-de-aove-y-masaje-corporal-vitamina-e","status":"publish","type":"product","link":"https:\/\/adeoliva.com\/aceite-de-bano-de-aove-y-masaje-corporal-vitamina-e\/","title":{"rendered":"2 x Aceite de Ba\u00f1o de AOVE"},"content":{"rendered":"<p>El aceite de ba\u00f1o de AOVE es un elixir multifunci\u00f3n que debido a los antioxidantes naturales que contiene, aplicado sobre la piel, aporta riqu\u00edsimas propiedades hidratantes y regenerativas sin dejar ning\u00fan tipo de residuo. Gracias a su <strong>f\u00f3rmula<\/strong> con AOVE nos ofrece propiedades reafirmantes y antioxidantes con una r\u00e1pida absorci\u00f3n cut\u00e1nea.<\/p>\n<p>El <strong>objetivo<\/strong> es suavizar y proteger la piel de agentes externos, prevenir el envejecimiento prematuro y sintetizar el col\u00e1geno, un componente esencial que nos ayuda a mantener la elasticidad de la piel.<\/p>\n","protected":false},"excerpt":{"rendered":"<ul>\n<li>Bote de 250 ml<\/li>\n<li>Aceite corporal de ba\u00f1o<\/li>\n<li>Ideal para masaje<\/li>\n<\/ul>\n","protected":false},"featured_media":5363,"template":"","meta":{"rank_math_lock_modified_date":false,"pack_references":"","_joinchat":[]},"product_brand":[],"product_cat":[1229],"product_tag":[],"class_list":{"0":"post-5216","1":"product","2":"type-product","3":"status-publish","4":"has-post-thumbnail","6":"product_cat-cosmetica","7":"sales-flash-overlay","8":"woocommerce-text-align-center","9":"woocommerce-image-align-center","10":"do-quantity-buttons","12":"first","13":"instock","14":"taxable","15":"shipping-taxable","16":"purchasable","17":"product-type-simple"},"tiered_pricing_type":"fixed","tiered_pricing_fixed_rules":[],"tiered_pricing_product_settings":{"layout":"default","base_unit_name":{"singular":null,"plural":null},"default_variation":null},"tiered_pricing_minimum_quantity":null,"tiered_pricing_roles_data":[],"tiered_pricing_percentage_rules":[],"tiered_pricing_maximum_quantity":null,"tiered_pricing_quantity_step":null,"_links":{"self":[{"href":"https:\/\/adeoliva.com\/fr\/wp-json\/wp\/v2\/product\/5216","targetHints":{"allow":["GET"]}}],"collection":[{"href":"https:\/\/adeoliva.com\/fr\/wp-json\/wp\/v2\/product"}],"about":[{"href":"https:\/\/adeoliva.com\/fr\/wp-json\/wp\/v2\/types\/product"}],"version-history":[{"count":0,"href":"https:\/\/adeoliva.com\/fr\/wp-json\/wp\/v2\/product\/5216\/revisions"}],"wp:featuredmedia":[{"embeddable":true,"href":"https:\/\/adeoliva.com\/fr\/wp-json\/wp\/v2\/media\/5363"}],"wp:attachment":[{"href":"https:\/\/adeoliva.com\/fr\/wp-json\/wp\/v2\/media?parent=5216"}],"wp:term":[{"taxonomy":"product_brand","embeddable":true,"href":"https:\/\/adeoliva.com\/fr\/wp-json\/wp\/v2\/product_brand?post=5216"},{"taxonomy":"product_cat","embeddable":true,"href":"https:\/\/adeoliva.com\/fr\/wp-json\/wp\/v2\/product_cat?post=5216"},{"taxonomy":"product_tag","embeddable":true,"href":"https:\/\/adeoliva.com\/fr\/wp-json\/wp\/v2\/product_tag?post=5216"}],"curies":[{"name":"wp","href":"https:\/\/api.w.org\/{rel}","templated":true}]}}