{"id":5219,"date":"2021-01-24T12:45:04","date_gmt":"2021-01-24T12:45:04","guid":{"rendered":"https:\/\/adeoliva.com\/comprar-aceite-de-oliva\/sin%20categor\u00eda\/aceite-de-argan-con-aove-ecologico-rico-en-olecanthal-cosmetica-olivo\/"},"modified":"2025-10-14T19:51:18","modified_gmt":"2025-10-14T19:51:18","slug":"aceite-de-argan-con-aove-ecologico-rico-en-olecanthal","status":"publish","type":"product","link":"https:\/\/adeoliva.com\/aceite-de-argan-con-aove-ecologico-rico-en-olecanthal\/","title":{"rendered":"2 x Aceite de Arg\u00e1n con AOVE Ecol\u00f3gico"},"content":{"rendered":"<p>Tras el <strong>proceso<\/strong> de secado del fruto del \u00e1rbol de Arg\u00e1n y la extracci\u00f3n de la semilla de la almendra pasa a prensarse en fr\u00edo. Una vez elaborado el aceite de Arg\u00e1n y enriquecido con AOVE obtenemos este producto con un elevado contenido en Vitamina E y \u00e1cidos grasos no saturados.\u00a0Debido a los componentes org\u00e1nicos que aportan la combinaci\u00f3n de ambos aceites, hacen que este producto sea tan importante en el mundo de la cosm\u00e9tica.<\/p>\n<p>El <strong>objetivo<\/strong> del aceite de Arg\u00e1n con AOVE es re-equilibrante para la piel, nos ayuda a prevenir signos del envejecimiento cut\u00e1neo y tiene efectos cicatrizantes sobre quemaduras y heridas. Por otro lado, al igual que para la piel, su aporte graso es ideal para el cabello. Aporta brillo y fortaleza sobre aquellos m\u00e1s secos y da\u00f1ados.<\/p>\n<p>&nbsp;<\/p>\n","protected":false},"excerpt":{"rendered":"<ul>\n<li>Frasco de 30 ml<\/li>\n<li>Contiene:\n<ul>\n<li>Aceite de Arg\u00e1n<\/li>\n<li>Alto contenido Oleocanthal<\/li>\n<\/ul>\n<\/li>\n<li><strong>Ideal para piel<\/strong> <strong>y cabello<\/strong><\/li>\n<\/ul>\n","protected":false},"featured_media":5339,"template":"","meta":{"rank_math_lock_modified_date":false,"pack_references":"","_joinchat":[]},"product_brand":[],"product_cat":[1229],"product_tag":[],"class_list":{"0":"post-5219","1":"product","2":"type-product","3":"status-publish","4":"has-post-thumbnail","6":"product_cat-cosmetica","7":"sales-flash-overlay","8":"woocommerce-text-align-center","9":"woocommerce-image-align-center","10":"do-quantity-buttons","12":"first","13":"instock","14":"taxable","15":"shipping-taxable","16":"purchasable","17":"product-type-simple"},"tiered_pricing_type":"fixed","tiered_pricing_fixed_rules":[],"tiered_pricing_product_settings":{"layout":"default","base_unit_name":{"singular":null,"plural":null},"default_variation":null},"tiered_pricing_minimum_quantity":null,"tiered_pricing_roles_data":[],"tiered_pricing_percentage_rules":[],"tiered_pricing_maximum_quantity":null,"tiered_pricing_quantity_step":null,"_links":{"self":[{"href":"https:\/\/adeoliva.com\/fr\/wp-json\/wp\/v2\/product\/5219","targetHints":{"allow":["GET"]}}],"collection":[{"href":"https:\/\/adeoliva.com\/fr\/wp-json\/wp\/v2\/product"}],"about":[{"href":"https:\/\/adeoliva.com\/fr\/wp-json\/wp\/v2\/types\/product"}],"version-history":[{"count":0,"href":"https:\/\/adeoliva.com\/fr\/wp-json\/wp\/v2\/product\/5219\/revisions"}],"wp:featuredmedia":[{"embeddable":true,"href":"https:\/\/adeoliva.com\/fr\/wp-json\/wp\/v2\/media\/5339"}],"wp:attachment":[{"href":"https:\/\/adeoliva.com\/fr\/wp-json\/wp\/v2\/media?parent=5219"}],"wp:term":[{"taxonomy":"product_brand","embeddable":true,"href":"https:\/\/adeoliva.com\/fr\/wp-json\/wp\/v2\/product_brand?post=5219"},{"taxonomy":"product_cat","embeddable":true,"href":"https:\/\/adeoliva.com\/fr\/wp-json\/wp\/v2\/product_cat?post=5219"},{"taxonomy":"product_tag","embeddable":true,"href":"https:\/\/adeoliva.com\/fr\/wp-json\/wp\/v2\/product_tag?post=5219"}],"curies":[{"name":"wp","href":"https:\/\/api.w.org\/{rel}","templated":true}]}}